
{"id":9930,"date":"2023-06-01T13:30:50","date_gmt":"2023-06-01T05:30:50","guid":{"rendered":"http:\/\/75.webs.svipwebs.com\/?post_type=product&#038;p=9930"},"modified":"2023-06-01T13:30:51","modified_gmt":"2023-06-01T05:30:51","slug":"aluminium-foil-paper-bag-2","status":"publish","type":"product","link":"https:\/\/www.wellongpack.com\/sv\/produkt\/aluminium-folie-papper-pase-2\/","title":{"rendered":"Aluminiumfolie Pappersp\u00e5sar"},"content":{"rendered":"<p>Denna skyddande foliep\u00e5se \u00e4r utformad f\u00f6r att effektivt isolera inneh\u00e5llet, h\u00e5lla maten varm och l\u00e5sa in fukt. P\u00e5 s\u00e5 s\u00e4tt bibeh\u00e5lls den goda kvaliteten p\u00e5 dina livsmedel n\u00e4r de f\u00f6rvaras eller transporteras! Du kan \u00e4ven anv\u00e4nda p\u00e5sen f\u00f6r att v\u00e4rma upp maten i ugnen f\u00f6r maximal bekv\u00e4mlighet.<\/p>\n<p><img loading=\"lazy\" decoding=\"async\" class=\"alignnone size-full wp-image-9931\" src=\"https:\/\/www.wellongpack.com\/wp-content\/uploads\/2023\/06\/3e5d0cf38d6f2563c3884b808eea933f_H182fe67981954525bbbd9a454bcb83f0o.png_960x960.jpg\" alt=\"\" width=\"960\" height=\"960\" srcset=\"https:\/\/www.wellongpack.com\/wp-content\/uploads\/2023\/06\/3e5d0cf38d6f2563c3884b808eea933f_H182fe67981954525bbbd9a454bcb83f0o.png_960x960.jpg 960w, https:\/\/www.wellongpack.com\/wp-content\/uploads\/2023\/06\/3e5d0cf38d6f2563c3884b808eea933f_H182fe67981954525bbbd9a454bcb83f0o.png_960x960-430x430.jpg 430w, https:\/\/www.wellongpack.com\/wp-content\/uploads\/2023\/06\/3e5d0cf38d6f2563c3884b808eea933f_H182fe67981954525bbbd9a454bcb83f0o.png_960x960-150x150.jpg 150w, https:\/\/www.wellongpack.com\/wp-content\/uploads\/2023\/06\/3e5d0cf38d6f2563c3884b808eea933f_H182fe67981954525bbbd9a454bcb83f0o.png_960x960-700x700.jpg 700w, https:\/\/www.wellongpack.com\/wp-content\/uploads\/2023\/06\/3e5d0cf38d6f2563c3884b808eea933f_H182fe67981954525bbbd9a454bcb83f0o.png_960x960-300x300.jpg 300w, https:\/\/www.wellongpack.com\/wp-content\/uploads\/2023\/06\/3e5d0cf38d6f2563c3884b808eea933f_H182fe67981954525bbbd9a454bcb83f0o.png_960x960-800x800.jpg 800w, https:\/\/www.wellongpack.com\/wp-content\/uploads\/2023\/06\/3e5d0cf38d6f2563c3884b808eea933f_H182fe67981954525bbbd9a454bcb83f0o.png_960x960-768x768.jpg 768w, https:\/\/www.wellongpack.com\/wp-content\/uploads\/2023\/06\/3e5d0cf38d6f2563c3884b808eea933f_H182fe67981954525bbbd9a454bcb83f0o.png_960x960-860x860.jpg 860w\" sizes=\"auto, (max-width: 960px) 100vw, 960px\" \/> <img loading=\"lazy\" decoding=\"async\" class=\"alignnone size-full wp-image-9932\" src=\"https:\/\/www.wellongpack.com\/wp-content\/uploads\/2023\/06\/6e58b171db335bd13699d8c74dbb5b4f_H444f1382e9ec4290bf8eec00d306f138a.jpg_960x960.jpg\" alt=\"\" width=\"750\" height=\"750\" srcset=\"https:\/\/www.wellongpack.com\/wp-content\/uploads\/2023\/06\/6e58b171db335bd13699d8c74dbb5b4f_H444f1382e9ec4290bf8eec00d306f138a.jpg_960x960.jpg 750w, https:\/\/www.wellongpack.com\/wp-content\/uploads\/2023\/06\/6e58b171db335bd13699d8c74dbb5b4f_H444f1382e9ec4290bf8eec00d306f138a.jpg_960x960-430x430.jpg 430w, https:\/\/www.wellongpack.com\/wp-content\/uploads\/2023\/06\/6e58b171db335bd13699d8c74dbb5b4f_H444f1382e9ec4290bf8eec00d306f138a.jpg_960x960-150x150.jpg 150w, https:\/\/www.wellongpack.com\/wp-content\/uploads\/2023\/06\/6e58b171db335bd13699d8c74dbb5b4f_H444f1382e9ec4290bf8eec00d306f138a.jpg_960x960-700x700.jpg 700w, https:\/\/www.wellongpack.com\/wp-content\/uploads\/2023\/06\/6e58b171db335bd13699d8c74dbb5b4f_H444f1382e9ec4290bf8eec00d306f138a.jpg_960x960-300x300.jpg 300w\" sizes=\"auto, (max-width: 750px) 100vw, 750px\" \/> <img loading=\"lazy\" decoding=\"async\" class=\"alignnone size-full wp-image-9933\" src=\"https:\/\/www.wellongpack.com\/wp-content\/uploads\/2023\/06\/2923962de751064a06206725fd8aade5_Hd3ce3c596d3343ca80c85ff16179f0c9l.jpg_960x960.jpg\" alt=\"\" width=\"950\" height=\"960\" srcset=\"https:\/\/www.wellongpack.com\/wp-content\/uploads\/2023\/06\/2923962de751064a06206725fd8aade5_Hd3ce3c596d3343ca80c85ff16179f0c9l.jpg_960x960.jpg 950w, https:\/\/www.wellongpack.com\/wp-content\/uploads\/2023\/06\/2923962de751064a06206725fd8aade5_Hd3ce3c596d3343ca80c85ff16179f0c9l.jpg_960x960-430x435.jpg 430w, https:\/\/www.wellongpack.com\/wp-content\/uploads\/2023\/06\/2923962de751064a06206725fd8aade5_Hd3ce3c596d3343ca80c85ff16179f0c9l.jpg_960x960-150x152.jpg 150w, https:\/\/www.wellongpack.com\/wp-content\/uploads\/2023\/06\/2923962de751064a06206725fd8aade5_Hd3ce3c596d3343ca80c85ff16179f0c9l.jpg_960x960-700x707.jpg 700w, https:\/\/www.wellongpack.com\/wp-content\/uploads\/2023\/06\/2923962de751064a06206725fd8aade5_Hd3ce3c596d3343ca80c85ff16179f0c9l.jpg_960x960-297x300.jpg 297w, https:\/\/www.wellongpack.com\/wp-content\/uploads\/2023\/06\/2923962de751064a06206725fd8aade5_Hd3ce3c596d3343ca80c85ff16179f0c9l.jpg_960x960-792x800.jpg 792w, https:\/\/www.wellongpack.com\/wp-content\/uploads\/2023\/06\/2923962de751064a06206725fd8aade5_Hd3ce3c596d3343ca80c85ff16179f0c9l.jpg_960x960-768x776.jpg 768w, https:\/\/www.wellongpack.com\/wp-content\/uploads\/2023\/06\/2923962de751064a06206725fd8aade5_Hd3ce3c596d3343ca80c85ff16179f0c9l.jpg_960x960-860x869.jpg 860w\" sizes=\"auto, (max-width: 950px) 100vw, 950px\" \/><\/p>","protected":false},"excerpt":{"rendered":"<p>This protective foil bag is designed to effectively insulate contents, keeping food warm and locking in moisture. This will maintain<\/p>","protected":false},"featured_media":9931,"comment_status":"open","ping_status":"closed","template":"","meta":[],"product_cat":[141,124],"product_tag":[],"class_list":["post-9930","product","type-product","status-publish","has-post-thumbnail","hentry","product_cat-paper-bag-sustainability-packaging","product_cat-sustainability-packaging"],"_links":{"self":[{"href":"https:\/\/www.wellongpack.com\/sv\/wp-json\/wp\/v2\/product\/9930","targetHints":{"allow":["GET"]}}],"collection":[{"href":"https:\/\/www.wellongpack.com\/sv\/wp-json\/wp\/v2\/product"}],"about":[{"href":"https:\/\/www.wellongpack.com\/sv\/wp-json\/wp\/v2\/types\/product"}],"replies":[{"embeddable":true,"href":"https:\/\/www.wellongpack.com\/sv\/wp-json\/wp\/v2\/comments?post=9930"}],"version-history":[{"count":1,"href":"https:\/\/www.wellongpack.com\/sv\/wp-json\/wp\/v2\/product\/9930\/revisions"}],"predecessor-version":[{"id":9934,"href":"https:\/\/www.wellongpack.com\/sv\/wp-json\/wp\/v2\/product\/9930\/revisions\/9934"}],"wp:featuredmedia":[{"embeddable":true,"href":"https:\/\/www.wellongpack.com\/sv\/wp-json\/wp\/v2\/media\/9931"}],"wp:attachment":[{"href":"https:\/\/www.wellongpack.com\/sv\/wp-json\/wp\/v2\/media?parent=9930"}],"wp:term":[{"taxonomy":"product_cat","embeddable":true,"href":"https:\/\/www.wellongpack.com\/sv\/wp-json\/wp\/v2\/product_cat?post=9930"},{"taxonomy":"product_tag","embeddable":true,"href":"https:\/\/www.wellongpack.com\/sv\/wp-json\/wp\/v2\/product_tag?post=9930"}],"curies":[{"name":"wp","href":"https:\/\/api.w.org\/{rel}","templated":true}]}}