
{"id":9907,"date":"2023-06-01T13:24:41","date_gmt":"2023-06-01T05:24:41","guid":{"rendered":"http:\/\/75.webs.svipwebs.com\/?post_type=product&#038;p=9907"},"modified":"2023-06-01T13:24:41","modified_gmt":"2023-06-01T05:24:41","slug":"cotton-mesh-bag-2","status":"publish","type":"product","link":"https:\/\/www.wellongpack.com\/sv\/produkt\/vaska-av-bomullsnat-2\/","title":{"rendered":"v\u00e4ska av bomullsn\u00e4t"},"content":{"rendered":"<p>V\u00e5ra \u00e5teranv\u00e4ndbara n\u00e4tp\u00e5sar \u00e4r tillverkade av 100%-bomull och \u00e4r ett utm\u00e4rkt komplement till alla milj\u00f6v\u00e4nliga produktlinjer. Vi erbjuder en rad olika buntar och storlekar till ett konkurrenskraftigt pris f\u00f6r att s\u00e4kerst\u00e4lla att k\u00f6pare f\u00e5r det b\u00e4sta fyndet p\u00e5 \u00e5teranv\u00e4ndbara n\u00e4tp\u00e5sar.  V\u00e5ra produktp\u00e5sar i bomullsn\u00e4t \u00e4r inte bara mjuka att ta p\u00e5, utan ocks\u00e5 h\u00e5llbara och klarar uppgiften att b\u00e4ra allt fr\u00e5n jordn\u00f6tter till potatis.<\/p>\n<p><img loading=\"lazy\" decoding=\"async\" class=\"alignnone size-full wp-image-9908\" src=\"https:\/\/www.wellongpack.com\/wp-content\/uploads\/2023\/06\/1-44.jpg\" alt=\"\" width=\"960\" height=\"960\" srcset=\"https:\/\/www.wellongpack.com\/wp-content\/uploads\/2023\/06\/1-44.jpg 960w, https:\/\/www.wellongpack.com\/wp-content\/uploads\/2023\/06\/1-44-430x430.jpg 430w, https:\/\/www.wellongpack.com\/wp-content\/uploads\/2023\/06\/1-44-150x150.jpg 150w, https:\/\/www.wellongpack.com\/wp-content\/uploads\/2023\/06\/1-44-700x700.jpg 700w, https:\/\/www.wellongpack.com\/wp-content\/uploads\/2023\/06\/1-44-300x300.jpg 300w, https:\/\/www.wellongpack.com\/wp-content\/uploads\/2023\/06\/1-44-800x800.jpg 800w, https:\/\/www.wellongpack.com\/wp-content\/uploads\/2023\/06\/1-44-768x768.jpg 768w, https:\/\/www.wellongpack.com\/wp-content\/uploads\/2023\/06\/1-44-860x860.jpg 860w\" sizes=\"auto, (max-width: 960px) 100vw, 960px\" \/> <img loading=\"lazy\" decoding=\"async\" class=\"alignnone size-full wp-image-9909\" src=\"https:\/\/www.wellongpack.com\/wp-content\/uploads\/2023\/06\/2-44.jpg\" alt=\"\" width=\"960\" height=\"960\" srcset=\"https:\/\/www.wellongpack.com\/wp-content\/uploads\/2023\/06\/2-44.jpg 960w, https:\/\/www.wellongpack.com\/wp-content\/uploads\/2023\/06\/2-44-430x430.jpg 430w, https:\/\/www.wellongpack.com\/wp-content\/uploads\/2023\/06\/2-44-150x150.jpg 150w, https:\/\/www.wellongpack.com\/wp-content\/uploads\/2023\/06\/2-44-700x700.jpg 700w, https:\/\/www.wellongpack.com\/wp-content\/uploads\/2023\/06\/2-44-300x300.jpg 300w, https:\/\/www.wellongpack.com\/wp-content\/uploads\/2023\/06\/2-44-800x800.jpg 800w, https:\/\/www.wellongpack.com\/wp-content\/uploads\/2023\/06\/2-44-768x768.jpg 768w, https:\/\/www.wellongpack.com\/wp-content\/uploads\/2023\/06\/2-44-860x860.jpg 860w\" sizes=\"auto, (max-width: 960px) 100vw, 960px\" \/> <img loading=\"lazy\" decoding=\"async\" class=\"alignnone size-full wp-image-9910\" src=\"https:\/\/www.wellongpack.com\/wp-content\/uploads\/2023\/06\/3-36.jpg\" alt=\"\" width=\"960\" height=\"960\" srcset=\"https:\/\/www.wellongpack.com\/wp-content\/uploads\/2023\/06\/3-36.jpg 960w, https:\/\/www.wellongpack.com\/wp-content\/uploads\/2023\/06\/3-36-430x430.jpg 430w, https:\/\/www.wellongpack.com\/wp-content\/uploads\/2023\/06\/3-36-150x150.jpg 150w, https:\/\/www.wellongpack.com\/wp-content\/uploads\/2023\/06\/3-36-700x700.jpg 700w, https:\/\/www.wellongpack.com\/wp-content\/uploads\/2023\/06\/3-36-300x300.jpg 300w, https:\/\/www.wellongpack.com\/wp-content\/uploads\/2023\/06\/3-36-800x800.jpg 800w, https:\/\/www.wellongpack.com\/wp-content\/uploads\/2023\/06\/3-36-768x768.jpg 768w, https:\/\/www.wellongpack.com\/wp-content\/uploads\/2023\/06\/3-36-860x860.jpg 860w\" sizes=\"auto, (max-width: 960px) 100vw, 960px\" \/><\/p>","protected":false},"excerpt":{"rendered":"<p>Our reusable mesh produce bags are made from 100% cotton and make a great addition to any eco-friendly product line.<\/p>","protected":false},"featured_media":9908,"comment_status":"open","ping_status":"closed","template":"","meta":[],"product_cat":[140,124],"product_tag":[],"class_list":["post-9907","product","type-product","status-publish","has-post-thumbnail","hentry","product_cat-net-bag-sustainability-packaging","product_cat-sustainability-packaging"],"_links":{"self":[{"href":"https:\/\/www.wellongpack.com\/sv\/wp-json\/wp\/v2\/product\/9907","targetHints":{"allow":["GET"]}}],"collection":[{"href":"https:\/\/www.wellongpack.com\/sv\/wp-json\/wp\/v2\/product"}],"about":[{"href":"https:\/\/www.wellongpack.com\/sv\/wp-json\/wp\/v2\/types\/product"}],"replies":[{"embeddable":true,"href":"https:\/\/www.wellongpack.com\/sv\/wp-json\/wp\/v2\/comments?post=9907"}],"version-history":[{"count":1,"href":"https:\/\/www.wellongpack.com\/sv\/wp-json\/wp\/v2\/product\/9907\/revisions"}],"predecessor-version":[{"id":9911,"href":"https:\/\/www.wellongpack.com\/sv\/wp-json\/wp\/v2\/product\/9907\/revisions\/9911"}],"wp:featuredmedia":[{"embeddable":true,"href":"https:\/\/www.wellongpack.com\/sv\/wp-json\/wp\/v2\/media\/9908"}],"wp:attachment":[{"href":"https:\/\/www.wellongpack.com\/sv\/wp-json\/wp\/v2\/media?parent=9907"}],"wp:term":[{"taxonomy":"product_cat","embeddable":true,"href":"https:\/\/www.wellongpack.com\/sv\/wp-json\/wp\/v2\/product_cat?post=9907"},{"taxonomy":"product_tag","embeddable":true,"href":"https:\/\/www.wellongpack.com\/sv\/wp-json\/wp\/v2\/product_tag?post=9907"}],"curies":[{"name":"wp","href":"https:\/\/api.w.org\/{rel}","templated":true}]}}