
{"id":9871,"date":"2023-06-01T13:14:29","date_gmt":"2023-06-01T05:14:29","guid":{"rendered":"http:\/\/75.webs.svipwebs.com\/?post_type=product&#038;p=9871"},"modified":"2023-06-01T13:14:29","modified_gmt":"2023-06-01T05:14:29","slug":"biodegradable-shopping-bag","status":"publish","type":"product","link":"https:\/\/www.wellongpack.com\/sv\/produkt\/biologiskt-nedbrytbar-shoppingpase\/","title":{"rendered":"Bionedbrytbar shoppingp\u00e5se"},"content":{"rendered":"<p>Komposterbara shoppingkassar kan komposteras tillsammans med matavfall och \u00e4r avsedda f\u00f6r restauranger, lantbruksmarknader och livsmedelsbutiker. Du kan f\u00e5 ditt eget anpassade tryck fr\u00e5n en f\u00e4rg upp till fullf\u00e4rg. Dessa anpassade p\u00e5sar \u00e4r av h\u00f6g kvalitet och finns i ett brett urval av m\u00f6nster och kvaliteter:<\/p>\n<p><img loading=\"lazy\" decoding=\"async\" class=\"alignnone size-full wp-image-9872\" src=\"https:\/\/www.wellongpack.com\/wp-content\/uploads\/2023\/06\/1-38.jpg\" alt=\"\" width=\"500\" height=\"500\" srcset=\"https:\/\/www.wellongpack.com\/wp-content\/uploads\/2023\/06\/1-38.jpg 500w, https:\/\/www.wellongpack.com\/wp-content\/uploads\/2023\/06\/1-38-430x430.jpg 430w, https:\/\/www.wellongpack.com\/wp-content\/uploads\/2023\/06\/1-38-150x150.jpg 150w, https:\/\/www.wellongpack.com\/wp-content\/uploads\/2023\/06\/1-38-300x300.jpg 300w\" sizes=\"auto, (max-width: 500px) 100vw, 500px\" \/> <img loading=\"lazy\" decoding=\"async\" class=\"alignnone size-full wp-image-9873\" src=\"https:\/\/www.wellongpack.com\/wp-content\/uploads\/2023\/06\/2-38.jpg\" alt=\"\" width=\"1024\" height=\"1024\" srcset=\"https:\/\/www.wellongpack.com\/wp-content\/uploads\/2023\/06\/2-38.jpg 1024w, https:\/\/www.wellongpack.com\/wp-content\/uploads\/2023\/06\/2-38-430x430.jpg 430w, https:\/\/www.wellongpack.com\/wp-content\/uploads\/2023\/06\/2-38-150x150.jpg 150w, https:\/\/www.wellongpack.com\/wp-content\/uploads\/2023\/06\/2-38-700x700.jpg 700w, https:\/\/www.wellongpack.com\/wp-content\/uploads\/2023\/06\/2-38-300x300.jpg 300w, https:\/\/www.wellongpack.com\/wp-content\/uploads\/2023\/06\/2-38-800x800.jpg 800w, https:\/\/www.wellongpack.com\/wp-content\/uploads\/2023\/06\/2-38-768x768.jpg 768w, https:\/\/www.wellongpack.com\/wp-content\/uploads\/2023\/06\/2-38-860x860.jpg 860w\" sizes=\"auto, (max-width: 1024px) 100vw, 1024px\" \/> <img loading=\"lazy\" decoding=\"async\" class=\"alignnone size-full wp-image-9874\" src=\"https:\/\/www.wellongpack.com\/wp-content\/uploads\/2023\/06\/3-30.jpg\" alt=\"\" width=\"1024\" height=\"1024\" srcset=\"https:\/\/www.wellongpack.com\/wp-content\/uploads\/2023\/06\/3-30.jpg 1024w, https:\/\/www.wellongpack.com\/wp-content\/uploads\/2023\/06\/3-30-430x430.jpg 430w, https:\/\/www.wellongpack.com\/wp-content\/uploads\/2023\/06\/3-30-150x150.jpg 150w, https:\/\/www.wellongpack.com\/wp-content\/uploads\/2023\/06\/3-30-700x700.jpg 700w, https:\/\/www.wellongpack.com\/wp-content\/uploads\/2023\/06\/3-30-300x300.jpg 300w, https:\/\/www.wellongpack.com\/wp-content\/uploads\/2023\/06\/3-30-800x800.jpg 800w, https:\/\/www.wellongpack.com\/wp-content\/uploads\/2023\/06\/3-30-768x768.jpg 768w, https:\/\/www.wellongpack.com\/wp-content\/uploads\/2023\/06\/3-30-860x860.jpg 860w\" sizes=\"auto, (max-width: 1024px) 100vw, 1024px\" \/> <img loading=\"lazy\" decoding=\"async\" class=\"alignnone size-full wp-image-9875\" src=\"https:\/\/www.wellongpack.com\/wp-content\/uploads\/2023\/06\/4-16.jpg\" alt=\"\" width=\"1024\" height=\"1024\" srcset=\"https:\/\/www.wellongpack.com\/wp-content\/uploads\/2023\/06\/4-16.jpg 1024w, https:\/\/www.wellongpack.com\/wp-content\/uploads\/2023\/06\/4-16-430x430.jpg 430w, https:\/\/www.wellongpack.com\/wp-content\/uploads\/2023\/06\/4-16-150x150.jpg 150w, https:\/\/www.wellongpack.com\/wp-content\/uploads\/2023\/06\/4-16-700x700.jpg 700w, https:\/\/www.wellongpack.com\/wp-content\/uploads\/2023\/06\/4-16-300x300.jpg 300w, https:\/\/www.wellongpack.com\/wp-content\/uploads\/2023\/06\/4-16-800x800.jpg 800w, https:\/\/www.wellongpack.com\/wp-content\/uploads\/2023\/06\/4-16-768x768.jpg 768w, https:\/\/www.wellongpack.com\/wp-content\/uploads\/2023\/06\/4-16-860x860.jpg 860w\" sizes=\"auto, (max-width: 1024px) 100vw, 1024px\" \/><\/p>","protected":false},"excerpt":{"rendered":"<p>Compostable Shopping Bags \u00a0can be composted together with food waste.and \u00a0are intended for restaurants, farmers markets and grocery stores.\u00a0You can<\/p>","protected":false},"featured_media":9872,"comment_status":"open","ping_status":"closed","template":"","meta":[],"product_cat":[137,124],"product_tag":[],"class_list":["post-9871","product","type-product","status-publish","has-post-thumbnail","hentry","product_cat-compostable-bags","product_cat-sustainability-packaging"],"_links":{"self":[{"href":"https:\/\/www.wellongpack.com\/sv\/wp-json\/wp\/v2\/product\/9871","targetHints":{"allow":["GET"]}}],"collection":[{"href":"https:\/\/www.wellongpack.com\/sv\/wp-json\/wp\/v2\/product"}],"about":[{"href":"https:\/\/www.wellongpack.com\/sv\/wp-json\/wp\/v2\/types\/product"}],"replies":[{"embeddable":true,"href":"https:\/\/www.wellongpack.com\/sv\/wp-json\/wp\/v2\/comments?post=9871"}],"version-history":[{"count":1,"href":"https:\/\/www.wellongpack.com\/sv\/wp-json\/wp\/v2\/product\/9871\/revisions"}],"predecessor-version":[{"id":9876,"href":"https:\/\/www.wellongpack.com\/sv\/wp-json\/wp\/v2\/product\/9871\/revisions\/9876"}],"wp:featuredmedia":[{"embeddable":true,"href":"https:\/\/www.wellongpack.com\/sv\/wp-json\/wp\/v2\/media\/9872"}],"wp:attachment":[{"href":"https:\/\/www.wellongpack.com\/sv\/wp-json\/wp\/v2\/media?parent=9871"}],"wp:term":[{"taxonomy":"product_cat","embeddable":true,"href":"https:\/\/www.wellongpack.com\/sv\/wp-json\/wp\/v2\/product_cat?post=9871"},{"taxonomy":"product_tag","embeddable":true,"href":"https:\/\/www.wellongpack.com\/sv\/wp-json\/wp\/v2\/product_tag?post=9871"}],"curies":[{"name":"wp","href":"https:\/\/api.w.org\/{rel}","templated":true}]}}