
{"id":9832,"date":"2023-06-01T13:03:14","date_gmt":"2023-06-01T05:03:14","guid":{"rendered":"http:\/\/75.webs.svipwebs.com\/?post_type=product&#038;p=9832"},"modified":"2023-06-01T13:03:14","modified_gmt":"2023-06-01T05:03:14","slug":"disposable-bamboo-round-plate","status":"publish","type":"product","link":"https:\/\/www.wellongpack.com\/sv\/produkt\/engangs-bamboo-rund-tallrik\/","title":{"rendered":"Rund tallrik av bambu f\u00f6r eng\u00e5ngsbruk"},"content":{"rendered":"<p>Denna bambuplatta \u00e4r perfekt f\u00f6r alla deli, koncessionsst\u00e5nd, sm\u00f6rg\u00e5sbutiker, food trucks eller livsmedelsbutiker! Den \u00e4r idealisk f\u00f6r fester eller catering d\u00e4r eng\u00e5ngsprodukter beh\u00f6vs f\u00f6r en snabb och effektiv reng\u00f6ring.<\/p>\n<p><img loading=\"lazy\" decoding=\"async\" class=\"alignnone size-full wp-image-9833\" src=\"https:\/\/www.wellongpack.com\/wp-content\/uploads\/2023\/06\/8b58f74b5339d3daf2a63da70fd0fffb_0K1A8333.jpg\" alt=\"\" width=\"1000\" height=\"1000\" srcset=\"https:\/\/www.wellongpack.com\/wp-content\/uploads\/2023\/06\/8b58f74b5339d3daf2a63da70fd0fffb_0K1A8333.jpg 1000w, https:\/\/www.wellongpack.com\/wp-content\/uploads\/2023\/06\/8b58f74b5339d3daf2a63da70fd0fffb_0K1A8333-430x430.jpg 430w, https:\/\/www.wellongpack.com\/wp-content\/uploads\/2023\/06\/8b58f74b5339d3daf2a63da70fd0fffb_0K1A8333-150x150.jpg 150w, https:\/\/www.wellongpack.com\/wp-content\/uploads\/2023\/06\/8b58f74b5339d3daf2a63da70fd0fffb_0K1A8333-700x700.jpg 700w, https:\/\/www.wellongpack.com\/wp-content\/uploads\/2023\/06\/8b58f74b5339d3daf2a63da70fd0fffb_0K1A8333-300x300.jpg 300w, https:\/\/www.wellongpack.com\/wp-content\/uploads\/2023\/06\/8b58f74b5339d3daf2a63da70fd0fffb_0K1A8333-800x800.jpg 800w, https:\/\/www.wellongpack.com\/wp-content\/uploads\/2023\/06\/8b58f74b5339d3daf2a63da70fd0fffb_0K1A8333-768x768.jpg 768w, https:\/\/www.wellongpack.com\/wp-content\/uploads\/2023\/06\/8b58f74b5339d3daf2a63da70fd0fffb_0K1A8333-860x860.jpg 860w\" sizes=\"auto, (max-width: 1000px) 100vw, 1000px\" \/> <img loading=\"lazy\" decoding=\"async\" class=\"alignnone size-full wp-image-9834\" src=\"https:\/\/www.wellongpack.com\/wp-content\/uploads\/2023\/06\/9e112a56b8eab2a21677986984dd914e_0K1A8329.jpg\" alt=\"\" width=\"1000\" height=\"1000\" srcset=\"https:\/\/www.wellongpack.com\/wp-content\/uploads\/2023\/06\/9e112a56b8eab2a21677986984dd914e_0K1A8329.jpg 1000w, https:\/\/www.wellongpack.com\/wp-content\/uploads\/2023\/06\/9e112a56b8eab2a21677986984dd914e_0K1A8329-430x430.jpg 430w, https:\/\/www.wellongpack.com\/wp-content\/uploads\/2023\/06\/9e112a56b8eab2a21677986984dd914e_0K1A8329-150x150.jpg 150w, https:\/\/www.wellongpack.com\/wp-content\/uploads\/2023\/06\/9e112a56b8eab2a21677986984dd914e_0K1A8329-700x700.jpg 700w, https:\/\/www.wellongpack.com\/wp-content\/uploads\/2023\/06\/9e112a56b8eab2a21677986984dd914e_0K1A8329-300x300.jpg 300w, https:\/\/www.wellongpack.com\/wp-content\/uploads\/2023\/06\/9e112a56b8eab2a21677986984dd914e_0K1A8329-800x800.jpg 800w, https:\/\/www.wellongpack.com\/wp-content\/uploads\/2023\/06\/9e112a56b8eab2a21677986984dd914e_0K1A8329-768x768.jpg 768w, https:\/\/www.wellongpack.com\/wp-content\/uploads\/2023\/06\/9e112a56b8eab2a21677986984dd914e_0K1A8329-860x860.jpg 860w\" sizes=\"auto, (max-width: 1000px) 100vw, 1000px\" \/> <img loading=\"lazy\" decoding=\"async\" class=\"alignnone size-full wp-image-9835\" src=\"https:\/\/www.wellongpack.com\/wp-content\/uploads\/2023\/06\/75dd5f73576fae3666167c087e0c9ecb_2257376.jpg\" alt=\"\" width=\"600\" height=\"600\" srcset=\"https:\/\/www.wellongpack.com\/wp-content\/uploads\/2023\/06\/75dd5f73576fae3666167c087e0c9ecb_2257376.jpg 600w, https:\/\/www.wellongpack.com\/wp-content\/uploads\/2023\/06\/75dd5f73576fae3666167c087e0c9ecb_2257376-430x430.jpg 430w, https:\/\/www.wellongpack.com\/wp-content\/uploads\/2023\/06\/75dd5f73576fae3666167c087e0c9ecb_2257376-150x150.jpg 150w, https:\/\/www.wellongpack.com\/wp-content\/uploads\/2023\/06\/75dd5f73576fae3666167c087e0c9ecb_2257376-300x300.jpg 300w\" sizes=\"auto, (max-width: 600px) 100vw, 600px\" \/><\/p>","protected":false},"excerpt":{"rendered":"<p>This bamboo plate is perfect for any deli, concession stand, sandwich shop, food truck, or grocery store! It&#8217;s ideal for<\/p>","protected":false},"featured_media":9833,"comment_status":"open","ping_status":"closed","template":"","meta":[],"product_cat":[136,135,124],"product_tag":[],"class_list":["post-9832","product","type-product","status-publish","has-post-thumbnail","hentry","product_cat-bamboo-plate","product_cat-bamboo-tableware","product_cat-sustainability-packaging"],"_links":{"self":[{"href":"https:\/\/www.wellongpack.com\/sv\/wp-json\/wp\/v2\/product\/9832","targetHints":{"allow":["GET"]}}],"collection":[{"href":"https:\/\/www.wellongpack.com\/sv\/wp-json\/wp\/v2\/product"}],"about":[{"href":"https:\/\/www.wellongpack.com\/sv\/wp-json\/wp\/v2\/types\/product"}],"replies":[{"embeddable":true,"href":"https:\/\/www.wellongpack.com\/sv\/wp-json\/wp\/v2\/comments?post=9832"}],"version-history":[{"count":1,"href":"https:\/\/www.wellongpack.com\/sv\/wp-json\/wp\/v2\/product\/9832\/revisions"}],"predecessor-version":[{"id":9836,"href":"https:\/\/www.wellongpack.com\/sv\/wp-json\/wp\/v2\/product\/9832\/revisions\/9836"}],"wp:featuredmedia":[{"embeddable":true,"href":"https:\/\/www.wellongpack.com\/sv\/wp-json\/wp\/v2\/media\/9833"}],"wp:attachment":[{"href":"https:\/\/www.wellongpack.com\/sv\/wp-json\/wp\/v2\/media?parent=9832"}],"wp:term":[{"taxonomy":"product_cat","embeddable":true,"href":"https:\/\/www.wellongpack.com\/sv\/wp-json\/wp\/v2\/product_cat?post=9832"},{"taxonomy":"product_tag","embeddable":true,"href":"https:\/\/www.wellongpack.com\/sv\/wp-json\/wp\/v2\/product_tag?post=9832"}],"curies":[{"name":"wp","href":"https:\/\/api.w.org\/{rel}","templated":true}]}}