
{"id":9826,"date":"2023-06-01T13:00:54","date_gmt":"2023-06-01T05:00:54","guid":{"rendered":"http:\/\/75.webs.svipwebs.com\/?post_type=product&#038;p=9826"},"modified":"2023-06-01T13:00:54","modified_gmt":"2023-06-01T05:00:54","slug":"bamboo-knife","status":"publish","type":"product","link":"https:\/\/www.wellongpack.com\/sv\/produkt\/bambukniv\/","title":{"rendered":"Kniv av bambu"},"content":{"rendered":"<p>Denna eng\u00e5ngskniv i bambu \u00e4r ett milj\u00f6v\u00e4nligt alternativ till eng\u00e5ngsredskap i plast. Den \u00e4r tillverkad av certifierad ekologisk bambu, som \u00e4r en f\u00f6rnybar resurs som \u00e4r komposterbar.<\/p>\n<p><img loading=\"lazy\" decoding=\"async\" class=\"alignnone size-full wp-image-9828\" src=\"https:\/\/www.wellongpack.com\/wp-content\/uploads\/2023\/06\/2e93be63235475b625d79d3cdb513aff_0K1A6959.jpg\" alt=\"\" width=\"1000\" height=\"1000\" srcset=\"https:\/\/www.wellongpack.com\/wp-content\/uploads\/2023\/06\/2e93be63235475b625d79d3cdb513aff_0K1A6959.jpg 1000w, https:\/\/www.wellongpack.com\/wp-content\/uploads\/2023\/06\/2e93be63235475b625d79d3cdb513aff_0K1A6959-430x430.jpg 430w, https:\/\/www.wellongpack.com\/wp-content\/uploads\/2023\/06\/2e93be63235475b625d79d3cdb513aff_0K1A6959-150x150.jpg 150w, https:\/\/www.wellongpack.com\/wp-content\/uploads\/2023\/06\/2e93be63235475b625d79d3cdb513aff_0K1A6959-700x700.jpg 700w, https:\/\/www.wellongpack.com\/wp-content\/uploads\/2023\/06\/2e93be63235475b625d79d3cdb513aff_0K1A6959-300x300.jpg 300w, https:\/\/www.wellongpack.com\/wp-content\/uploads\/2023\/06\/2e93be63235475b625d79d3cdb513aff_0K1A6959-800x800.jpg 800w, https:\/\/www.wellongpack.com\/wp-content\/uploads\/2023\/06\/2e93be63235475b625d79d3cdb513aff_0K1A6959-768x768.jpg 768w, https:\/\/www.wellongpack.com\/wp-content\/uploads\/2023\/06\/2e93be63235475b625d79d3cdb513aff_0K1A6959-860x860.jpg 860w\" sizes=\"auto, (max-width: 1000px) 100vw, 1000px\" \/> <img loading=\"lazy\" decoding=\"async\" class=\"alignnone size-full wp-image-9829\" src=\"https:\/\/www.wellongpack.com\/wp-content\/uploads\/2023\/06\/1210b5bea55dac29bc6c683989f569c9_1907316.jpg\" alt=\"\" width=\"600\" height=\"600\" srcset=\"https:\/\/www.wellongpack.com\/wp-content\/uploads\/2023\/06\/1210b5bea55dac29bc6c683989f569c9_1907316.jpg 600w, https:\/\/www.wellongpack.com\/wp-content\/uploads\/2023\/06\/1210b5bea55dac29bc6c683989f569c9_1907316-430x430.jpg 430w, https:\/\/www.wellongpack.com\/wp-content\/uploads\/2023\/06\/1210b5bea55dac29bc6c683989f569c9_1907316-150x150.jpg 150w, https:\/\/www.wellongpack.com\/wp-content\/uploads\/2023\/06\/1210b5bea55dac29bc6c683989f569c9_1907316-300x300.jpg 300w\" sizes=\"auto, (max-width: 600px) 100vw, 600px\" \/> <img loading=\"lazy\" decoding=\"async\" class=\"alignnone size-full wp-image-9830\" src=\"https:\/\/www.wellongpack.com\/wp-content\/uploads\/2023\/06\/df91c6531b96069480c6e7e0c1b22b3d_1213713.jpg\" alt=\"\" width=\"600\" height=\"600\" srcset=\"https:\/\/www.wellongpack.com\/wp-content\/uploads\/2023\/06\/df91c6531b96069480c6e7e0c1b22b3d_1213713.jpg 600w, https:\/\/www.wellongpack.com\/wp-content\/uploads\/2023\/06\/df91c6531b96069480c6e7e0c1b22b3d_1213713-430x430.jpg 430w, https:\/\/www.wellongpack.com\/wp-content\/uploads\/2023\/06\/df91c6531b96069480c6e7e0c1b22b3d_1213713-150x150.jpg 150w, https:\/\/www.wellongpack.com\/wp-content\/uploads\/2023\/06\/df91c6531b96069480c6e7e0c1b22b3d_1213713-300x300.jpg 300w\" sizes=\"auto, (max-width: 600px) 100vw, 600px\" \/><\/p>","protected":false},"excerpt":{"rendered":"<p>This Bamboo disposable Knife\u00a0is the eco-friendly alternative to plastic disposable utensils.\u00a0It is made with certified organic bamboo, which is a<\/p>","protected":false},"featured_media":9828,"comment_status":"open","ping_status":"closed","template":"","meta":[],"product_cat":[135,124],"product_tag":[],"class_list":["post-9826","product","type-product","status-publish","has-post-thumbnail","hentry","product_cat-bamboo-tableware","product_cat-sustainability-packaging"],"_links":{"self":[{"href":"https:\/\/www.wellongpack.com\/sv\/wp-json\/wp\/v2\/product\/9826","targetHints":{"allow":["GET"]}}],"collection":[{"href":"https:\/\/www.wellongpack.com\/sv\/wp-json\/wp\/v2\/product"}],"about":[{"href":"https:\/\/www.wellongpack.com\/sv\/wp-json\/wp\/v2\/types\/product"}],"replies":[{"embeddable":true,"href":"https:\/\/www.wellongpack.com\/sv\/wp-json\/wp\/v2\/comments?post=9826"}],"version-history":[{"count":1,"href":"https:\/\/www.wellongpack.com\/sv\/wp-json\/wp\/v2\/product\/9826\/revisions"}],"predecessor-version":[{"id":9831,"href":"https:\/\/www.wellongpack.com\/sv\/wp-json\/wp\/v2\/product\/9826\/revisions\/9831"}],"wp:featuredmedia":[{"embeddable":true,"href":"https:\/\/www.wellongpack.com\/sv\/wp-json\/wp\/v2\/media\/9828"}],"wp:attachment":[{"href":"https:\/\/www.wellongpack.com\/sv\/wp-json\/wp\/v2\/media?parent=9826"}],"wp:term":[{"taxonomy":"product_cat","embeddable":true,"href":"https:\/\/www.wellongpack.com\/sv\/wp-json\/wp\/v2\/product_cat?post=9826"},{"taxonomy":"product_tag","embeddable":true,"href":"https:\/\/www.wellongpack.com\/sv\/wp-json\/wp\/v2\/product_tag?post=9826"}],"curies":[{"name":"wp","href":"https:\/\/api.w.org\/{rel}","templated":true}]}}