
{"id":9802,"date":"2023-06-01T12:55:24","date_gmt":"2023-06-01T04:55:24","guid":{"rendered":"http:\/\/75.webs.svipwebs.com\/?post_type=product&#038;p=9802"},"modified":"2023-06-01T12:55:25","modified_gmt":"2023-06-01T04:55:25","slug":"bamboo-coffee-stirrer","status":"publish","type":"product","link":"https:\/\/www.wellongpack.com\/sv\/produkt\/bambu-kaffe-omrorare\/","title":{"rendered":"Kaffer\u00f6rare i bambu"},"content":{"rendered":"<p>Dessa milj\u00f6v\u00e4nliga omr\u00f6rare i bambu \u00e4r det perfekta alternativet av h\u00f6g kvalitet f\u00f6r ditt kaf\u00e9, din n\u00e4rbutik, din servering eller ditt v\u00e4ntrum. Dessa omr\u00f6rare i bambu \u00e4r ocks\u00e5 starkare och mer h\u00e5llbara \u00e4n j\u00e4mf\u00f6rbara omr\u00f6rare i tr\u00e4, s\u00e5 risken f\u00f6r brott \u00e4r mindre.<\/p>\n<p><img loading=\"lazy\" decoding=\"async\" class=\"alignnone size-full wp-image-9803\" src=\"https:\/\/www.wellongpack.com\/wp-content\/uploads\/2023\/06\/1-36.jpg\" alt=\"\" width=\"500\" height=\"500\" srcset=\"https:\/\/www.wellongpack.com\/wp-content\/uploads\/2023\/06\/1-36.jpg 500w, https:\/\/www.wellongpack.com\/wp-content\/uploads\/2023\/06\/1-36-430x430.jpg 430w, https:\/\/www.wellongpack.com\/wp-content\/uploads\/2023\/06\/1-36-150x150.jpg 150w, https:\/\/www.wellongpack.com\/wp-content\/uploads\/2023\/06\/1-36-300x300.jpg 300w\" sizes=\"auto, (max-width: 500px) 100vw, 500px\" \/> <img loading=\"lazy\" decoding=\"async\" class=\"alignnone size-full wp-image-9804\" src=\"https:\/\/www.wellongpack.com\/wp-content\/uploads\/2023\/06\/2-34.jpg\" alt=\"\" width=\"750\" height=\"576\" srcset=\"https:\/\/www.wellongpack.com\/wp-content\/uploads\/2023\/06\/2-34.jpg 750w, https:\/\/www.wellongpack.com\/wp-content\/uploads\/2023\/06\/2-34-430x330.jpg 430w, https:\/\/www.wellongpack.com\/wp-content\/uploads\/2023\/06\/2-34-150x115.jpg 150w, https:\/\/www.wellongpack.com\/wp-content\/uploads\/2023\/06\/2-34-700x538.jpg 700w, https:\/\/www.wellongpack.com\/wp-content\/uploads\/2023\/06\/2-34-391x300.jpg 391w\" sizes=\"auto, (max-width: 750px) 100vw, 750px\" \/> <img loading=\"lazy\" decoding=\"async\" class=\"alignnone size-full wp-image-9805\" src=\"https:\/\/www.wellongpack.com\/wp-content\/uploads\/2023\/06\/3-27.jpg\" alt=\"\" width=\"450\" height=\"450\" srcset=\"https:\/\/www.wellongpack.com\/wp-content\/uploads\/2023\/06\/3-27.jpg 450w, https:\/\/www.wellongpack.com\/wp-content\/uploads\/2023\/06\/3-27-430x430.jpg 430w, https:\/\/www.wellongpack.com\/wp-content\/uploads\/2023\/06\/3-27-150x150.jpg 150w, https:\/\/www.wellongpack.com\/wp-content\/uploads\/2023\/06\/3-27-300x300.jpg 300w\" sizes=\"auto, (max-width: 450px) 100vw, 450px\" \/><\/p>","protected":false},"excerpt":{"rendered":"<p>These eco-friendly bamboo stirrers are the perfect, high-quality option for your coffee shop, convenience store, concession stand, or waiting room.These<\/p>","protected":false},"featured_media":9803,"comment_status":"open","ping_status":"closed","template":"","meta":[],"product_cat":[135,124],"product_tag":[],"class_list":["post-9802","product","type-product","status-publish","has-post-thumbnail","hentry","product_cat-bamboo-tableware","product_cat-sustainability-packaging"],"_links":{"self":[{"href":"https:\/\/www.wellongpack.com\/sv\/wp-json\/wp\/v2\/product\/9802","targetHints":{"allow":["GET"]}}],"collection":[{"href":"https:\/\/www.wellongpack.com\/sv\/wp-json\/wp\/v2\/product"}],"about":[{"href":"https:\/\/www.wellongpack.com\/sv\/wp-json\/wp\/v2\/types\/product"}],"replies":[{"embeddable":true,"href":"https:\/\/www.wellongpack.com\/sv\/wp-json\/wp\/v2\/comments?post=9802"}],"version-history":[{"count":1,"href":"https:\/\/www.wellongpack.com\/sv\/wp-json\/wp\/v2\/product\/9802\/revisions"}],"predecessor-version":[{"id":9806,"href":"https:\/\/www.wellongpack.com\/sv\/wp-json\/wp\/v2\/product\/9802\/revisions\/9806"}],"wp:featuredmedia":[{"embeddable":true,"href":"https:\/\/www.wellongpack.com\/sv\/wp-json\/wp\/v2\/media\/9803"}],"wp:attachment":[{"href":"https:\/\/www.wellongpack.com\/sv\/wp-json\/wp\/v2\/media?parent=9802"}],"wp:term":[{"taxonomy":"product_cat","embeddable":true,"href":"https:\/\/www.wellongpack.com\/sv\/wp-json\/wp\/v2\/product_cat?post=9802"},{"taxonomy":"product_tag","embeddable":true,"href":"https:\/\/www.wellongpack.com\/sv\/wp-json\/wp\/v2\/product_tag?post=9802"}],"curies":[{"name":"wp","href":"https:\/\/api.w.org\/{rel}","templated":true}]}}