
{"id":9784,"date":"2023-06-01T12:46:35","date_gmt":"2023-06-01T04:46:35","guid":{"rendered":"http:\/\/75.webs.svipwebs.com\/?post_type=product&#038;p=9784"},"modified":"2023-06-01T12:46:36","modified_gmt":"2023-06-01T04:46:36","slug":"sugarcane-meat-tray-2","status":"publish","type":"product","link":"https:\/\/www.wellongpack.com\/sv\/produkt\/sockerror-kott-tallrik-2\/","title":{"rendered":"K\u00f6ttbricka av sockerr\u00f6r"},"content":{"rendered":"<p>K\u00f6ttbrickan i Bagasse har en bl\u00f6tl\u00e4ggningss\u00e4ker design med ett biobaserat foder som f\u00f6rhindrar l\u00e4ckage och h\u00e5ller maten fr\u00e4sch. Den \u00e4r tillr\u00e4ckligt t\u00e5lig f\u00f6r att klara en m\u00e4ngd olika k\u00f6tt och konsistenser samtidigt som den \u00e4r praktiskt f\u00f6r eng\u00e5ngsbruk. Den h\u00e4r milj\u00f6v\u00e4nliga brickan \u00e4r perfekt f\u00f6r delikatessbutiker, livsmedelsbutiker och takeaway-restauranger och bidrar till att minska din verksamhets koldioxidavtryck.<\/p>\n<p><img loading=\"lazy\" decoding=\"async\" class=\"alignnone size-full wp-image-9788\" src=\"https:\/\/www.wellongpack.com\/wp-content\/uploads\/2023\/06\/1-35.jpg\" alt=\"\" width=\"942\" height=\"857\" srcset=\"https:\/\/www.wellongpack.com\/wp-content\/uploads\/2023\/06\/1-35.jpg 942w, https:\/\/www.wellongpack.com\/wp-content\/uploads\/2023\/06\/1-35-430x391.jpg 430w, https:\/\/www.wellongpack.com\/wp-content\/uploads\/2023\/06\/1-35-150x136.jpg 150w, https:\/\/www.wellongpack.com\/wp-content\/uploads\/2023\/06\/1-35-700x637.jpg 700w, https:\/\/www.wellongpack.com\/wp-content\/uploads\/2023\/06\/1-35-330x300.jpg 330w, https:\/\/www.wellongpack.com\/wp-content\/uploads\/2023\/06\/1-35-879x800.jpg 879w, https:\/\/www.wellongpack.com\/wp-content\/uploads\/2023\/06\/1-35-768x699.jpg 768w, https:\/\/www.wellongpack.com\/wp-content\/uploads\/2023\/06\/1-35-860x782.jpg 860w\" sizes=\"auto, (max-width: 942px) 100vw, 942px\" \/> <img loading=\"lazy\" decoding=\"async\" class=\"alignnone size-full wp-image-9789\" src=\"https:\/\/www.wellongpack.com\/wp-content\/uploads\/2023\/06\/2-33.jpg\" alt=\"\" width=\"872\" height=\"810\" srcset=\"https:\/\/www.wellongpack.com\/wp-content\/uploads\/2023\/06\/2-33.jpg 872w, https:\/\/www.wellongpack.com\/wp-content\/uploads\/2023\/06\/2-33-430x399.jpg 430w, https:\/\/www.wellongpack.com\/wp-content\/uploads\/2023\/06\/2-33-150x139.jpg 150w, https:\/\/www.wellongpack.com\/wp-content\/uploads\/2023\/06\/2-33-700x650.jpg 700w, https:\/\/www.wellongpack.com\/wp-content\/uploads\/2023\/06\/2-33-323x300.jpg 323w, https:\/\/www.wellongpack.com\/wp-content\/uploads\/2023\/06\/2-33-861x800.jpg 861w, https:\/\/www.wellongpack.com\/wp-content\/uploads\/2023\/06\/2-33-768x713.jpg 768w, https:\/\/www.wellongpack.com\/wp-content\/uploads\/2023\/06\/2-33-860x799.jpg 860w\" sizes=\"auto, (max-width: 872px) 100vw, 872px\" \/> <img loading=\"lazy\" decoding=\"async\" class=\"alignnone size-full wp-image-9790\" src=\"https:\/\/www.wellongpack.com\/wp-content\/uploads\/2023\/06\/3-26.jpg\" alt=\"\" width=\"947\" height=\"873\" srcset=\"https:\/\/www.wellongpack.com\/wp-content\/uploads\/2023\/06\/3-26.jpg 947w, https:\/\/www.wellongpack.com\/wp-content\/uploads\/2023\/06\/3-26-430x396.jpg 430w, https:\/\/www.wellongpack.com\/wp-content\/uploads\/2023\/06\/3-26-150x138.jpg 150w, https:\/\/www.wellongpack.com\/wp-content\/uploads\/2023\/06\/3-26-700x645.jpg 700w, https:\/\/www.wellongpack.com\/wp-content\/uploads\/2023\/06\/3-26-325x300.jpg 325w, https:\/\/www.wellongpack.com\/wp-content\/uploads\/2023\/06\/3-26-868x800.jpg 868w, https:\/\/www.wellongpack.com\/wp-content\/uploads\/2023\/06\/3-26-768x708.jpg 768w, https:\/\/www.wellongpack.com\/wp-content\/uploads\/2023\/06\/3-26-860x793.jpg 860w\" sizes=\"auto, (max-width: 947px) 100vw, 947px\" \/><\/p>","protected":false},"excerpt":{"rendered":"<p>This Bagasse meat tray features a soak-proof design with a bio-based liner to prevent leakage and keep food fresh. It<\/p>","protected":false},"featured_media":9785,"comment_status":"open","ping_status":"closed","template":"","meta":[],"product_cat":[132,125,124],"product_tag":[],"class_list":["post-9784","product","type-product","status-publish","has-post-thumbnail","hentry","product_cat-bagasse-tray-bagassesugarcane-products-sustainability-packaging","product_cat-bagassesugarcane-products-sustainability-packaging","product_cat-sustainability-packaging"],"_links":{"self":[{"href":"https:\/\/www.wellongpack.com\/sv\/wp-json\/wp\/v2\/product\/9784","targetHints":{"allow":["GET"]}}],"collection":[{"href":"https:\/\/www.wellongpack.com\/sv\/wp-json\/wp\/v2\/product"}],"about":[{"href":"https:\/\/www.wellongpack.com\/sv\/wp-json\/wp\/v2\/types\/product"}],"replies":[{"embeddable":true,"href":"https:\/\/www.wellongpack.com\/sv\/wp-json\/wp\/v2\/comments?post=9784"}],"version-history":[{"count":1,"href":"https:\/\/www.wellongpack.com\/sv\/wp-json\/wp\/v2\/product\/9784\/revisions"}],"predecessor-version":[{"id":9791,"href":"https:\/\/www.wellongpack.com\/sv\/wp-json\/wp\/v2\/product\/9784\/revisions\/9791"}],"wp:featuredmedia":[{"embeddable":true,"href":"https:\/\/www.wellongpack.com\/sv\/wp-json\/wp\/v2\/media\/9785"}],"wp:attachment":[{"href":"https:\/\/www.wellongpack.com\/sv\/wp-json\/wp\/v2\/media?parent=9784"}],"wp:term":[{"taxonomy":"product_cat","embeddable":true,"href":"https:\/\/www.wellongpack.com\/sv\/wp-json\/wp\/v2\/product_cat?post=9784"},{"taxonomy":"product_tag","embeddable":true,"href":"https:\/\/www.wellongpack.com\/sv\/wp-json\/wp\/v2\/product_tag?post=9784"}],"curies":[{"name":"wp","href":"https:\/\/api.w.org\/{rel}","templated":true}]}}