
{"id":9679,"date":"2023-06-01T12:21:47","date_gmt":"2023-06-01T04:21:47","guid":{"rendered":"http:\/\/75.webs.svipwebs.com\/?post_type=product&#038;p=9679"},"modified":"2023-06-01T12:21:47","modified_gmt":"2023-06-01T04:21:47","slug":"coffee-cup-2","status":"publish","type":"product","link":"https:\/\/www.wellongpack.com\/sv\/produkt\/coffee-cup-2\/","title":{"rendered":"kaffekopp"},"content":{"rendered":"<p><strong><b>sockerr\u00f6rsbagass kopp<\/b><\/strong>\u00a0\u00e4r tjockare, med starkare h\u00e5rdhet, koppen \u00e4r mer h\u00e5llbar, inte l\u00e4tt att deformera och mjukna.<br \/>\nDetta \u00e4r milj\u00f6v\u00e4nligt och\u00a0<strong><b>Bordsservis av biologiskt nedbrytbar bagasse<\/b><\/strong>, l\u00e4mplig f\u00f6r varma och kalla drycker, vattent\u00e4t, oljes\u00e4ker och l\u00e4ckages\u00e4ker, och kan fyllas med kaffe, mj\u00f6lk, te, fruktjuice och kokt vatten.<\/p>\n<p><img loading=\"lazy\" decoding=\"async\" class=\"alignnone size-full wp-image-9680\" src=\"https:\/\/www.wellongpack.com\/wp-content\/uploads\/2023\/06\/1-18.jpg\" alt=\"\" width=\"750\" height=\"750\" srcset=\"https:\/\/www.wellongpack.com\/wp-content\/uploads\/2023\/06\/1-18.jpg 750w, https:\/\/www.wellongpack.com\/wp-content\/uploads\/2023\/06\/1-18-430x430.jpg 430w, https:\/\/www.wellongpack.com\/wp-content\/uploads\/2023\/06\/1-18-150x150.jpg 150w, https:\/\/www.wellongpack.com\/wp-content\/uploads\/2023\/06\/1-18-700x700.jpg 700w, https:\/\/www.wellongpack.com\/wp-content\/uploads\/2023\/06\/1-18-300x300.jpg 300w\" sizes=\"auto, (max-width: 750px) 100vw, 750px\" \/> <img loading=\"lazy\" decoding=\"async\" class=\"alignnone size-full wp-image-9681\" src=\"https:\/\/www.wellongpack.com\/wp-content\/uploads\/2023\/06\/2-15.jpg\" alt=\"\" width=\"750\" height=\"750\" srcset=\"https:\/\/www.wellongpack.com\/wp-content\/uploads\/2023\/06\/2-15.jpg 750w, https:\/\/www.wellongpack.com\/wp-content\/uploads\/2023\/06\/2-15-430x430.jpg 430w, https:\/\/www.wellongpack.com\/wp-content\/uploads\/2023\/06\/2-15-150x150.jpg 150w, https:\/\/www.wellongpack.com\/wp-content\/uploads\/2023\/06\/2-15-700x700.jpg 700w, https:\/\/www.wellongpack.com\/wp-content\/uploads\/2023\/06\/2-15-300x300.jpg 300w\" sizes=\"auto, (max-width: 750px) 100vw, 750px\" \/> <img loading=\"lazy\" decoding=\"async\" class=\"alignnone size-full wp-image-9682\" src=\"https:\/\/www.wellongpack.com\/wp-content\/uploads\/2023\/06\/3-12.jpg\" alt=\"\" width=\"750\" height=\"750\" srcset=\"https:\/\/www.wellongpack.com\/wp-content\/uploads\/2023\/06\/3-12.jpg 750w, https:\/\/www.wellongpack.com\/wp-content\/uploads\/2023\/06\/3-12-430x430.jpg 430w, https:\/\/www.wellongpack.com\/wp-content\/uploads\/2023\/06\/3-12-150x150.jpg 150w, https:\/\/www.wellongpack.com\/wp-content\/uploads\/2023\/06\/3-12-700x700.jpg 700w, https:\/\/www.wellongpack.com\/wp-content\/uploads\/2023\/06\/3-12-300x300.jpg 300w\" sizes=\"auto, (max-width: 750px) 100vw, 750px\" \/> <img loading=\"lazy\" decoding=\"async\" class=\"alignnone size-full wp-image-9683\" src=\"https:\/\/www.wellongpack.com\/wp-content\/uploads\/2023\/06\/4-8.jpg\" alt=\"\" width=\"800\" height=\"800\" srcset=\"https:\/\/www.wellongpack.com\/wp-content\/uploads\/2023\/06\/4-8.jpg 800w, https:\/\/www.wellongpack.com\/wp-content\/uploads\/2023\/06\/4-8-430x430.jpg 430w, https:\/\/www.wellongpack.com\/wp-content\/uploads\/2023\/06\/4-8-150x150.jpg 150w, https:\/\/www.wellongpack.com\/wp-content\/uploads\/2023\/06\/4-8-700x700.jpg 700w, https:\/\/www.wellongpack.com\/wp-content\/uploads\/2023\/06\/4-8-300x300.jpg 300w, https:\/\/www.wellongpack.com\/wp-content\/uploads\/2023\/06\/4-8-768x768.jpg 768w\" sizes=\"auto, (max-width: 800px) 100vw, 800px\" \/><\/p>","protected":false},"excerpt":{"rendered":"<p>sugarcane bagasse cup\u00a0is thicker, with stronger hardness, the cup is more durable, not easy to deform and soften. This is<\/p>","protected":false},"featured_media":9680,"comment_status":"open","ping_status":"closed","template":"","meta":[],"product_cat":[128,125,124],"product_tag":[],"class_list":["post-9679","product","type-product","status-publish","has-post-thumbnail","hentry","product_cat-bagasse-cup-and-lids-bagassesugarcane-products-sustainability-packaging","product_cat-bagassesugarcane-products-sustainability-packaging","product_cat-sustainability-packaging"],"_links":{"self":[{"href":"https:\/\/www.wellongpack.com\/sv\/wp-json\/wp\/v2\/product\/9679","targetHints":{"allow":["GET"]}}],"collection":[{"href":"https:\/\/www.wellongpack.com\/sv\/wp-json\/wp\/v2\/product"}],"about":[{"href":"https:\/\/www.wellongpack.com\/sv\/wp-json\/wp\/v2\/types\/product"}],"replies":[{"embeddable":true,"href":"https:\/\/www.wellongpack.com\/sv\/wp-json\/wp\/v2\/comments?post=9679"}],"version-history":[{"count":1,"href":"https:\/\/www.wellongpack.com\/sv\/wp-json\/wp\/v2\/product\/9679\/revisions"}],"predecessor-version":[{"id":9684,"href":"https:\/\/www.wellongpack.com\/sv\/wp-json\/wp\/v2\/product\/9679\/revisions\/9684"}],"wp:featuredmedia":[{"embeddable":true,"href":"https:\/\/www.wellongpack.com\/sv\/wp-json\/wp\/v2\/media\/9680"}],"wp:attachment":[{"href":"https:\/\/www.wellongpack.com\/sv\/wp-json\/wp\/v2\/media?parent=9679"}],"wp:term":[{"taxonomy":"product_cat","embeddable":true,"href":"https:\/\/www.wellongpack.com\/sv\/wp-json\/wp\/v2\/product_cat?post=9679"},{"taxonomy":"product_tag","embeddable":true,"href":"https:\/\/www.wellongpack.com\/sv\/wp-json\/wp\/v2\/product_tag?post=9679"}],"curies":[{"name":"wp","href":"https:\/\/api.w.org\/{rel}","templated":true}]}}