
{"id":9607,"date":"2023-06-01T11:56:34","date_gmt":"2023-06-01T03:56:34","guid":{"rendered":"http:\/\/75.webs.svipwebs.com\/?post_type=product&#038;p=9607"},"modified":"2023-06-13T10:35:30","modified_gmt":"2023-06-13T02:35:30","slug":"pbg024-2","status":"publish","type":"product","link":"https:\/\/www.wellongpack.com\/sv\/produkt\/pbg024-2\/","title":{"rendered":"Sugarcan Bowl"},"content":{"rendered":"<p>Bagassesk\u00e5lar,Perfekta f\u00f6r b\u00e5de varma och kalla r\u00e4tter. dessa Bagassesk\u00e5lar \u00e4r en idealisk l\u00f6sning f\u00f6r take-out, matst\u00e4llen, snabbmatsbutiker etc. som serverar allt fr\u00e5n varma soppor, burritossk\u00e5lar, kalla sallader och dessertr\u00e4tter. Servera poke bowls, grytor och desserter till lunch eller middag i dessa Bagasse-produkter.<\/p>\n<p><img loading=\"lazy\" decoding=\"async\" class=\"alignnone wp-image-9621\" src=\"https:\/\/www.wellongpack.com\/wp-content\/uploads\/2023\/06\/1-6.jpg\" alt=\"\" width=\"750\" height=\"759\" srcset=\"https:\/\/www.wellongpack.com\/wp-content\/uploads\/2023\/06\/1-6.jpg 592w, https:\/\/www.wellongpack.com\/wp-content\/uploads\/2023\/06\/1-6-430x435.jpg 430w, https:\/\/www.wellongpack.com\/wp-content\/uploads\/2023\/06\/1-6-150x152.jpg 150w, https:\/\/www.wellongpack.com\/wp-content\/uploads\/2023\/06\/1-6-296x300.jpg 296w\" sizes=\"auto, (max-width: 750px) 100vw, 750px\" \/><\/p>\n<p><img loading=\"lazy\" decoding=\"async\" class=\"alignnone wp-image-9622\" src=\"https:\/\/www.wellongpack.com\/wp-content\/uploads\/2023\/06\/2-5.jpg\" alt=\"\" width=\"750\" height=\"750\" srcset=\"https:\/\/www.wellongpack.com\/wp-content\/uploads\/2023\/06\/2-5.jpg 960w, https:\/\/www.wellongpack.com\/wp-content\/uploads\/2023\/06\/2-5-430x430.jpg 430w, https:\/\/www.wellongpack.com\/wp-content\/uploads\/2023\/06\/2-5-150x150.jpg 150w, https:\/\/www.wellongpack.com\/wp-content\/uploads\/2023\/06\/2-5-700x700.jpg 700w, https:\/\/www.wellongpack.com\/wp-content\/uploads\/2023\/06\/2-5-300x300.jpg 300w, https:\/\/www.wellongpack.com\/wp-content\/uploads\/2023\/06\/2-5-800x800.jpg 800w, https:\/\/www.wellongpack.com\/wp-content\/uploads\/2023\/06\/2-5-768x768.jpg 768w, https:\/\/www.wellongpack.com\/wp-content\/uploads\/2023\/06\/2-5-860x860.jpg 860w\" sizes=\"auto, (max-width: 750px) 100vw, 750px\" \/> <img loading=\"lazy\" decoding=\"async\" class=\"alignnone wp-image-9623\" src=\"https:\/\/www.wellongpack.com\/wp-content\/uploads\/2023\/06\/3-2.jpg\" alt=\"\" width=\"750\" height=\"665\" srcset=\"https:\/\/www.wellongpack.com\/wp-content\/uploads\/2023\/06\/3-2.jpg 957w, https:\/\/www.wellongpack.com\/wp-content\/uploads\/2023\/06\/3-2-430x381.jpg 430w, https:\/\/www.wellongpack.com\/wp-content\/uploads\/2023\/06\/3-2-150x133.jpg 150w, https:\/\/www.wellongpack.com\/wp-content\/uploads\/2023\/06\/3-2-700x620.jpg 700w, https:\/\/www.wellongpack.com\/wp-content\/uploads\/2023\/06\/3-2-339x300.jpg 339w, https:\/\/www.wellongpack.com\/wp-content\/uploads\/2023\/06\/3-2-903x800.jpg 903w, https:\/\/www.wellongpack.com\/wp-content\/uploads\/2023\/06\/3-2-768x681.jpg 768w, https:\/\/www.wellongpack.com\/wp-content\/uploads\/2023\/06\/3-2-860x762.jpg 860w\" sizes=\"auto, (max-width: 750px) 100vw, 750px\" \/> <img loading=\"lazy\" decoding=\"async\" class=\"alignnone wp-image-9624\" src=\"https:\/\/www.wellongpack.com\/wp-content\/uploads\/2023\/06\/4-2.jpg\" alt=\"\" width=\"750\" height=\"750\" srcset=\"https:\/\/www.wellongpack.com\/wp-content\/uploads\/2023\/06\/4-2.jpg 537w, https:\/\/www.wellongpack.com\/wp-content\/uploads\/2023\/06\/4-2-430x430.jpg 430w, https:\/\/www.wellongpack.com\/wp-content\/uploads\/2023\/06\/4-2-150x150.jpg 150w, https:\/\/www.wellongpack.com\/wp-content\/uploads\/2023\/06\/4-2-300x300.jpg 300w\" sizes=\"auto, (max-width: 750px) 100vw, 750px\" \/> <img loading=\"lazy\" decoding=\"async\" class=\"alignnone wp-image-9625\" src=\"https:\/\/www.wellongpack.com\/wp-content\/uploads\/2023\/06\/5-2.jpg\" alt=\"\" width=\"750\" height=\"685\" srcset=\"https:\/\/www.wellongpack.com\/wp-content\/uploads\/2023\/06\/5-2.jpg 905w, https:\/\/www.wellongpack.com\/wp-content\/uploads\/2023\/06\/5-2-430x393.jpg 430w, https:\/\/www.wellongpack.com\/wp-content\/uploads\/2023\/06\/5-2-150x137.jpg 150w, https:\/\/www.wellongpack.com\/wp-content\/uploads\/2023\/06\/5-2-700x640.jpg 700w, https:\/\/www.wellongpack.com\/wp-content\/uploads\/2023\/06\/5-2-328x300.jpg 328w, https:\/\/www.wellongpack.com\/wp-content\/uploads\/2023\/06\/5-2-875x800.jpg 875w, https:\/\/www.wellongpack.com\/wp-content\/uploads\/2023\/06\/5-2-768x702.jpg 768w, https:\/\/www.wellongpack.com\/wp-content\/uploads\/2023\/06\/5-2-860x786.jpg 860w\" sizes=\"auto, (max-width: 750px) 100vw, 750px\" \/> <img loading=\"lazy\" decoding=\"async\" class=\"alignnone wp-image-9626\" src=\"https:\/\/www.wellongpack.com\/wp-content\/uploads\/2023\/06\/6-2.jpg\" alt=\"\" width=\"750\" height=\"700\" srcset=\"https:\/\/www.wellongpack.com\/wp-content\/uploads\/2023\/06\/6-2.jpg 952w, https:\/\/www.wellongpack.com\/wp-content\/uploads\/2023\/06\/6-2-430x401.jpg 430w, https:\/\/www.wellongpack.com\/wp-content\/uploads\/2023\/06\/6-2-150x140.jpg 150w, https:\/\/www.wellongpack.com\/wp-content\/uploads\/2023\/06\/6-2-700x653.jpg 700w, https:\/\/www.wellongpack.com\/wp-content\/uploads\/2023\/06\/6-2-322x300.jpg 322w, https:\/\/www.wellongpack.com\/wp-content\/uploads\/2023\/06\/6-2-858x800.jpg 858w, https:\/\/www.wellongpack.com\/wp-content\/uploads\/2023\/06\/6-2-768x716.jpg 768w, https:\/\/www.wellongpack.com\/wp-content\/uploads\/2023\/06\/6-2-860x802.jpg 860w\" sizes=\"auto, (max-width: 750px) 100vw, 750px\" \/><\/p>","protected":false},"excerpt":{"rendered":"<p>Bagasse Bowls,Perfect for both\u00a0hot and cold foods.\u00a0these Bagasse Bowls are an ideal solution for take-outs, eateries, fast food shops etc.<\/p>","protected":false},"featured_media":9608,"comment_status":"open","ping_status":"closed","template":"","meta":[],"product_cat":[126,125,124],"product_tag":[],"class_list":["post-9607","product","type-product","status-publish","has-post-thumbnail","hentry","product_cat-bagasse-bowl-bagassesugarcane-products-sustainability-packaging","product_cat-bagassesugarcane-products-sustainability-packaging","product_cat-sustainability-packaging"],"_links":{"self":[{"href":"https:\/\/www.wellongpack.com\/sv\/wp-json\/wp\/v2\/product\/9607","targetHints":{"allow":["GET"]}}],"collection":[{"href":"https:\/\/www.wellongpack.com\/sv\/wp-json\/wp\/v2\/product"}],"about":[{"href":"https:\/\/www.wellongpack.com\/sv\/wp-json\/wp\/v2\/types\/product"}],"replies":[{"embeddable":true,"href":"https:\/\/www.wellongpack.com\/sv\/wp-json\/wp\/v2\/comments?post=9607"}],"version-history":[{"count":4,"href":"https:\/\/www.wellongpack.com\/sv\/wp-json\/wp\/v2\/product\/9607\/revisions"}],"predecessor-version":[{"id":10728,"href":"https:\/\/www.wellongpack.com\/sv\/wp-json\/wp\/v2\/product\/9607\/revisions\/10728"}],"wp:featuredmedia":[{"embeddable":true,"href":"https:\/\/www.wellongpack.com\/sv\/wp-json\/wp\/v2\/media\/9608"}],"wp:attachment":[{"href":"https:\/\/www.wellongpack.com\/sv\/wp-json\/wp\/v2\/media?parent=9607"}],"wp:term":[{"taxonomy":"product_cat","embeddable":true,"href":"https:\/\/www.wellongpack.com\/sv\/wp-json\/wp\/v2\/product_cat?post=9607"},{"taxonomy":"product_tag","embeddable":true,"href":"https:\/\/www.wellongpack.com\/sv\/wp-json\/wp\/v2\/product_tag?post=9607"}],"curies":[{"name":"wp","href":"https:\/\/api.w.org\/{rel}","templated":true}]}}