
{"id":9403,"date":"2023-05-24T10:35:15","date_gmt":"2023-05-24T02:35:15","guid":{"rendered":"http:\/\/75.webs.svipwebs.com\/?post_type=product&#038;p=9403"},"modified":"2023-05-24T10:35:15","modified_gmt":"2023-05-24T02:35:15","slug":"paper-bag-with-handle","status":"publish","type":"product","link":"https:\/\/www.wellongpack.com\/sv\/produkt\/paper-bag-with-handle\/","title":{"rendered":"Pappersp\u00e5se med handtag"},"content":{"rendered":"","protected":false},"excerpt":{"rendered":"<p>V\u00e4skan har robusta handtag som g\u00f6r det enkelt f\u00f6r kunderna att b\u00e4ra med sig sina ink\u00f6p. V\u00e4skans rektangul\u00e4ra botten g\u00f6r att den st\u00e5r stadigt och uppr\u00e4tt och skyddar inneh\u00e5llet.<\/p>","protected":false},"featured_media":9404,"comment_status":"open","ping_status":"closed","template":"","meta":[],"product_cat":[117],"product_tag":[],"class_list":["post-9403","product","type-product","status-publish","has-post-thumbnail","hentry","product_cat-paper-bag"],"_links":{"self":[{"href":"https:\/\/www.wellongpack.com\/sv\/wp-json\/wp\/v2\/product\/9403","targetHints":{"allow":["GET"]}}],"collection":[{"href":"https:\/\/www.wellongpack.com\/sv\/wp-json\/wp\/v2\/product"}],"about":[{"href":"https:\/\/www.wellongpack.com\/sv\/wp-json\/wp\/v2\/types\/product"}],"replies":[{"embeddable":true,"href":"https:\/\/www.wellongpack.com\/sv\/wp-json\/wp\/v2\/comments?post=9403"}],"version-history":[{"count":1,"href":"https:\/\/www.wellongpack.com\/sv\/wp-json\/wp\/v2\/product\/9403\/revisions"}],"predecessor-version":[{"id":9415,"href":"https:\/\/www.wellongpack.com\/sv\/wp-json\/wp\/v2\/product\/9403\/revisions\/9415"}],"wp:featuredmedia":[{"embeddable":true,"href":"https:\/\/www.wellongpack.com\/sv\/wp-json\/wp\/v2\/media\/9404"}],"wp:attachment":[{"href":"https:\/\/www.wellongpack.com\/sv\/wp-json\/wp\/v2\/media?parent=9403"}],"wp:term":[{"taxonomy":"product_cat","embeddable":true,"href":"https:\/\/www.wellongpack.com\/sv\/wp-json\/wp\/v2\/product_cat?post=9403"},{"taxonomy":"product_tag","embeddable":true,"href":"https:\/\/www.wellongpack.com\/sv\/wp-json\/wp\/v2\/product_tag?post=9403"}],"curies":[{"name":"wp","href":"https:\/\/api.w.org\/{rel}","templated":true}]}}