
{"id":9393,"date":"2023-05-24T10:31:25","date_gmt":"2023-05-24T02:31:25","guid":{"rendered":"http:\/\/75.webs.svipwebs.com\/?post_type=product&#038;p=9393"},"modified":"2023-05-24T10:31:26","modified_gmt":"2023-05-24T02:31:26","slug":"die-cut-paper-bag","status":"publish","type":"product","link":"https:\/\/www.wellongpack.com\/sv\/produkt\/stansad-papperspase\/","title":{"rendered":"Stansad pappersp\u00e5se"},"content":{"rendered":"","protected":false},"excerpt":{"rendered":"<p>Denna p\u00e5se \u00e4r stansad f\u00f6r att g\u00f6ra kundernas ink\u00f6p enkla och l\u00e4tta att b\u00e4ra. P\u00e5sens rektangul\u00e4ra bas g\u00f6r att den st\u00e5r stadigt och uppr\u00e4tt och skyddar inneh\u00e5llet.<\/p>","protected":false},"featured_media":9394,"comment_status":"open","ping_status":"closed","template":"","meta":[],"product_cat":[117],"product_tag":[],"class_list":["post-9393","product","type-product","status-publish","has-post-thumbnail","hentry","product_cat-paper-bag"],"_links":{"self":[{"href":"https:\/\/www.wellongpack.com\/sv\/wp-json\/wp\/v2\/product\/9393","targetHints":{"allow":["GET"]}}],"collection":[{"href":"https:\/\/www.wellongpack.com\/sv\/wp-json\/wp\/v2\/product"}],"about":[{"href":"https:\/\/www.wellongpack.com\/sv\/wp-json\/wp\/v2\/types\/product"}],"replies":[{"embeddable":true,"href":"https:\/\/www.wellongpack.com\/sv\/wp-json\/wp\/v2\/comments?post=9393"}],"version-history":[{"count":1,"href":"https:\/\/www.wellongpack.com\/sv\/wp-json\/wp\/v2\/product\/9393\/revisions"}],"predecessor-version":[{"id":9395,"href":"https:\/\/www.wellongpack.com\/sv\/wp-json\/wp\/v2\/product\/9393\/revisions\/9395"}],"wp:featuredmedia":[{"embeddable":true,"href":"https:\/\/www.wellongpack.com\/sv\/wp-json\/wp\/v2\/media\/9394"}],"wp:attachment":[{"href":"https:\/\/www.wellongpack.com\/sv\/wp-json\/wp\/v2\/media?parent=9393"}],"wp:term":[{"taxonomy":"product_cat","embeddable":true,"href":"https:\/\/www.wellongpack.com\/sv\/wp-json\/wp\/v2\/product_cat?post=9393"},{"taxonomy":"product_tag","embeddable":true,"href":"https:\/\/www.wellongpack.com\/sv\/wp-json\/wp\/v2\/product_tag?post=9393"}],"curies":[{"name":"wp","href":"https:\/\/api.w.org\/{rel}","templated":true}]}}