
{"id":9387,"date":"2023-05-24T10:30:47","date_gmt":"2023-05-24T02:30:47","guid":{"rendered":"http:\/\/75.webs.svipwebs.com\/?post_type=product&#038;p=9387"},"modified":"2023-05-24T10:30:48","modified_gmt":"2023-05-24T02:30:48","slug":"aluminium-foil-paper-bag","status":"publish","type":"product","link":"https:\/\/www.wellongpack.com\/sv\/produkt\/aluminiumfolie-papperspase\/","title":{"rendered":"Aluminiumfolie Pappersp\u00e5sar"},"content":{"rendered":"","protected":false},"excerpt":{"rendered":"<p>Denna skyddande foliep\u00e5se \u00e4r utformad f\u00f6r att effektivt isolera inneh\u00e5llet, h\u00e5lla maten varm och l\u00e5sa in fukt. P\u00e5 s\u00e5 s\u00e4tt bibeh\u00e5lls den goda kvaliteten p\u00e5 dina livsmedel n\u00e4r de f\u00f6rvaras eller transporteras! Du kan \u00e4ven anv\u00e4nda p\u00e5sen f\u00f6r att v\u00e4rma upp maten i ugnen f\u00f6r maximal bekv\u00e4mlighet.<\/p>","protected":false},"featured_media":9388,"comment_status":"open","ping_status":"closed","template":"","meta":[],"product_cat":[117],"product_tag":[],"class_list":["post-9387","product","type-product","status-publish","has-post-thumbnail","hentry","product_cat-paper-bag"],"_links":{"self":[{"href":"https:\/\/www.wellongpack.com\/sv\/wp-json\/wp\/v2\/product\/9387","targetHints":{"allow":["GET"]}}],"collection":[{"href":"https:\/\/www.wellongpack.com\/sv\/wp-json\/wp\/v2\/product"}],"about":[{"href":"https:\/\/www.wellongpack.com\/sv\/wp-json\/wp\/v2\/types\/product"}],"replies":[{"embeddable":true,"href":"https:\/\/www.wellongpack.com\/sv\/wp-json\/wp\/v2\/comments?post=9387"}],"version-history":[{"count":1,"href":"https:\/\/www.wellongpack.com\/sv\/wp-json\/wp\/v2\/product\/9387\/revisions"}],"predecessor-version":[{"id":9392,"href":"https:\/\/www.wellongpack.com\/sv\/wp-json\/wp\/v2\/product\/9387\/revisions\/9392"}],"wp:featuredmedia":[{"embeddable":true,"href":"https:\/\/www.wellongpack.com\/sv\/wp-json\/wp\/v2\/media\/9388"}],"wp:attachment":[{"href":"https:\/\/www.wellongpack.com\/sv\/wp-json\/wp\/v2\/media?parent=9387"}],"wp:term":[{"taxonomy":"product_cat","embeddable":true,"href":"https:\/\/www.wellongpack.com\/sv\/wp-json\/wp\/v2\/product_cat?post=9387"},{"taxonomy":"product_tag","embeddable":true,"href":"https:\/\/www.wellongpack.com\/sv\/wp-json\/wp\/v2\/product_tag?post=9387"}],"curies":[{"name":"wp","href":"https:\/\/api.w.org\/{rel}","templated":true}]}}