
{"id":9373,"date":"2023-05-24T10:23:37","date_gmt":"2023-05-24T02:23:37","guid":{"rendered":"http:\/\/75.webs.svipwebs.com\/?post_type=product&#038;p=9373"},"modified":"2023-05-24T10:23:37","modified_gmt":"2023-05-24T02:23:37","slug":"pp-leno-bag","status":"publish","type":"product","link":"https:\/\/www.wellongpack.com\/sv\/produkt\/pp-leno-pase\/","title":{"rendered":"PP Leno v\u00e4ska"},"content":{"rendered":"","protected":false},"excerpt":{"rendered":"<p>PP-p\u00e5sar anv\u00e4nds ofta f\u00f6r f\u00f6rpackning av l\u00f6k, potatis, majs, k\u00e5l, citrusprodukter etc. P\u00e5sarna kan ocks\u00e5 anv\u00e4ndas p\u00e5 automatiska f\u00f6rpackningsmaskiner. Kundanpassade bandetiketter finns tillg\u00e4ngliga.<\/p>","protected":false},"featured_media":9374,"comment_status":"open","ping_status":"closed","template":"","meta":[],"product_cat":[115],"product_tag":[],"class_list":["post-9373","product","type-product","status-publish","has-post-thumbnail","hentry","product_cat-net-bag"],"_links":{"self":[{"href":"https:\/\/www.wellongpack.com\/sv\/wp-json\/wp\/v2\/product\/9373","targetHints":{"allow":["GET"]}}],"collection":[{"href":"https:\/\/www.wellongpack.com\/sv\/wp-json\/wp\/v2\/product"}],"about":[{"href":"https:\/\/www.wellongpack.com\/sv\/wp-json\/wp\/v2\/types\/product"}],"replies":[{"embeddable":true,"href":"https:\/\/www.wellongpack.com\/sv\/wp-json\/wp\/v2\/comments?post=9373"}],"version-history":[{"count":1,"href":"https:\/\/www.wellongpack.com\/sv\/wp-json\/wp\/v2\/product\/9373\/revisions"}],"predecessor-version":[{"id":9379,"href":"https:\/\/www.wellongpack.com\/sv\/wp-json\/wp\/v2\/product\/9373\/revisions\/9379"}],"wp:featuredmedia":[{"embeddable":true,"href":"https:\/\/www.wellongpack.com\/sv\/wp-json\/wp\/v2\/media\/9374"}],"wp:attachment":[{"href":"https:\/\/www.wellongpack.com\/sv\/wp-json\/wp\/v2\/media?parent=9373"}],"wp:term":[{"taxonomy":"product_cat","embeddable":true,"href":"https:\/\/www.wellongpack.com\/sv\/wp-json\/wp\/v2\/product_cat?post=9373"},{"taxonomy":"product_tag","embeddable":true,"href":"https:\/\/www.wellongpack.com\/sv\/wp-json\/wp\/v2\/product_tag?post=9373"}],"curies":[{"name":"wp","href":"https:\/\/api.w.org\/{rel}","templated":true}]}}