
{"id":9365,"date":"2023-05-24T10:22:40","date_gmt":"2023-05-24T02:22:40","guid":{"rendered":"http:\/\/75.webs.svipwebs.com\/?post_type=product&#038;p=9365"},"modified":"2023-05-24T10:22:40","modified_gmt":"2023-05-24T02:22:40","slug":"polyster-net-bag","status":"publish","type":"product","link":"https:\/\/www.wellongpack.com\/sv\/produkt\/natpase-av-polyster\/","title":{"rendered":"N\u00e4tp\u00e5se av polyster"},"content":{"rendered":"","protected":false},"excerpt":{"rendered":"<p>N\u00e4tp\u00e5sar med dragsko i nylon och polyester, ekologiska \u00e5teranv\u00e4ndbara p\u00e5sar f\u00f6r livsmedel, ekologiska matkassar, \u00e5tervunna matkassar.<\/p>\n<p>Frukt- och gr\u00f6nsaksp\u00e5sar, f\u00f6rvaringsp\u00e5sar f\u00f6r livsmedel, leksaker, verktyg, presentp\u00e5sar, kaffep\u00e5sar, insektsp\u00e5sar, maskp\u00e5sar etc..., kan f\u00f6rvara n\u00e4stan vad som helst<\/p>","protected":false},"featured_media":9366,"comment_status":"open","ping_status":"closed","template":"","meta":[],"product_cat":[115],"product_tag":[],"class_list":["post-9365","product","type-product","status-publish","has-post-thumbnail","hentry","product_cat-net-bag"],"_links":{"self":[{"href":"https:\/\/www.wellongpack.com\/sv\/wp-json\/wp\/v2\/product\/9365","targetHints":{"allow":["GET"]}}],"collection":[{"href":"https:\/\/www.wellongpack.com\/sv\/wp-json\/wp\/v2\/product"}],"about":[{"href":"https:\/\/www.wellongpack.com\/sv\/wp-json\/wp\/v2\/types\/product"}],"replies":[{"embeddable":true,"href":"https:\/\/www.wellongpack.com\/sv\/wp-json\/wp\/v2\/comments?post=9365"}],"version-history":[{"count":1,"href":"https:\/\/www.wellongpack.com\/sv\/wp-json\/wp\/v2\/product\/9365\/revisions"}],"predecessor-version":[{"id":9372,"href":"https:\/\/www.wellongpack.com\/sv\/wp-json\/wp\/v2\/product\/9365\/revisions\/9372"}],"wp:featuredmedia":[{"embeddable":true,"href":"https:\/\/www.wellongpack.com\/sv\/wp-json\/wp\/v2\/media\/9366"}],"wp:attachment":[{"href":"https:\/\/www.wellongpack.com\/sv\/wp-json\/wp\/v2\/media?parent=9365"}],"wp:term":[{"taxonomy":"product_cat","embeddable":true,"href":"https:\/\/www.wellongpack.com\/sv\/wp-json\/wp\/v2\/product_cat?post=9365"},{"taxonomy":"product_tag","embeddable":true,"href":"https:\/\/www.wellongpack.com\/sv\/wp-json\/wp\/v2\/product_tag?post=9365"}],"curies":[{"name":"wp","href":"https:\/\/api.w.org\/{rel}","templated":true}]}}