
{"id":9350,"date":"2023-05-24T10:20:30","date_gmt":"2023-05-24T02:20:30","guid":{"rendered":"http:\/\/75.webs.svipwebs.com\/?post_type=product&#038;p=9350"},"modified":"2023-05-24T10:27:29","modified_gmt":"2023-05-24T02:27:29","slug":"microwave-bag","status":"publish","type":"product","link":"https:\/\/www.wellongpack.com\/sv\/produkt\/mikrovagspase\/","title":{"rendered":"P\u00e5se f\u00f6r mikrov\u00e5gsugn"},"content":{"rendered":"","protected":false},"excerpt":{"rendered":"<p>Denna p\u00e5se f\u00f6r grillad kyckling\/varm mat \u00e4r ett utm\u00e4rkt tillskott till alla n\u00e4rbutiker, livsmedelsbutiker, food trucks eller restauranger! Anv\u00e4nd den f\u00f6r varm och f\u00e4rsk grillad kyckling, kalkon, kycklingvingar, friterad kyckling, revbensspj\u00e4ll med mera. Det \u00e4r enkelt att fylla p\u00e5 p\u00e5sen uppifr\u00e5n, och den \u00e5terf\u00f6rslutningsbara dragkedjan h\u00e5ller kvar fukten, konsistensen och f\u00e4rskheten.<\/p>","protected":false},"featured_media":9351,"comment_status":"open","ping_status":"closed","template":"","meta":[],"product_cat":[116],"product_tag":[],"class_list":["post-9350","product","type-product","status-publish","has-post-thumbnail","hentry","product_cat-microwave-bag"],"_links":{"self":[{"href":"https:\/\/www.wellongpack.com\/sv\/wp-json\/wp\/v2\/product\/9350","targetHints":{"allow":["GET"]}}],"collection":[{"href":"https:\/\/www.wellongpack.com\/sv\/wp-json\/wp\/v2\/product"}],"about":[{"href":"https:\/\/www.wellongpack.com\/sv\/wp-json\/wp\/v2\/types\/product"}],"replies":[{"embeddable":true,"href":"https:\/\/www.wellongpack.com\/sv\/wp-json\/wp\/v2\/comments?post=9350"}],"version-history":[{"count":1,"href":"https:\/\/www.wellongpack.com\/sv\/wp-json\/wp\/v2\/product\/9350\/revisions"}],"predecessor-version":[{"id":9357,"href":"https:\/\/www.wellongpack.com\/sv\/wp-json\/wp\/v2\/product\/9350\/revisions\/9357"}],"wp:featuredmedia":[{"embeddable":true,"href":"https:\/\/www.wellongpack.com\/sv\/wp-json\/wp\/v2\/media\/9351"}],"wp:attachment":[{"href":"https:\/\/www.wellongpack.com\/sv\/wp-json\/wp\/v2\/media?parent=9350"}],"wp:term":[{"taxonomy":"product_cat","embeddable":true,"href":"https:\/\/www.wellongpack.com\/sv\/wp-json\/wp\/v2\/product_cat?post=9350"},{"taxonomy":"product_tag","embeddable":true,"href":"https:\/\/www.wellongpack.com\/sv\/wp-json\/wp\/v2\/product_tag?post=9350"}],"curies":[{"name":"wp","href":"https:\/\/api.w.org\/{rel}","templated":true}]}}