
{"id":9316,"date":"2023-05-24T10:11:48","date_gmt":"2023-05-24T02:11:48","guid":{"rendered":"http:\/\/75.webs.svipwebs.com\/?post_type=product&#038;p=9316"},"modified":"2023-05-24T10:11:48","modified_gmt":"2023-05-24T02:11:48","slug":"wicket-fruit-and-vegetable-bag-with-vent-holes","status":"publish","type":"product","link":"https:\/\/www.wellongpack.com\/sv\/produkt\/wicket-fruit-and-vegetable-bag-with-vent-holes\/","title":{"rendered":"Wicket frukt- och gr\u00f6nsaksp\u00e5se med ventilationsh\u00e5l"},"content":{"rendered":"","protected":false},"excerpt":{"rendered":"<p>Ventilationsh\u00e5l <a href=\"mailto:Bagplastics@vip.163.com?subject=I want to order quantity, size, print&amp;body=Size is width, length; Quantity is? Print show as picture\">Fruit Bags \u00e4r en andningsbar plastf\u00f6rpackningsp\u00e5se som fr\u00e4mst anv\u00e4nds f\u00f6r att f\u00f6rpacka frukt och gr\u00f6nsaker och kan f\u00f6rl\u00e4nga f\u00e4rskhetstiden med minst tv\u00e5 veckor. Detta paket har ocks\u00e5 en anti-fog-funktion, \u00e4r speciellt utvecklade.<\/a><\/p>","protected":false},"featured_media":9317,"comment_status":"open","ping_status":"closed","template":"","meta":[],"product_cat":[114],"product_tag":[],"class_list":["post-9316","product","type-product","status-publish","has-post-thumbnail","hentry","product_cat-vent-hole-fresh-bag"],"_links":{"self":[{"href":"https:\/\/www.wellongpack.com\/sv\/wp-json\/wp\/v2\/product\/9316","targetHints":{"allow":["GET"]}}],"collection":[{"href":"https:\/\/www.wellongpack.com\/sv\/wp-json\/wp\/v2\/product"}],"about":[{"href":"https:\/\/www.wellongpack.com\/sv\/wp-json\/wp\/v2\/types\/product"}],"replies":[{"embeddable":true,"href":"https:\/\/www.wellongpack.com\/sv\/wp-json\/wp\/v2\/comments?post=9316"}],"version-history":[{"count":1,"href":"https:\/\/www.wellongpack.com\/sv\/wp-json\/wp\/v2\/product\/9316\/revisions"}],"predecessor-version":[{"id":9321,"href":"https:\/\/www.wellongpack.com\/sv\/wp-json\/wp\/v2\/product\/9316\/revisions\/9321"}],"wp:featuredmedia":[{"embeddable":true,"href":"https:\/\/www.wellongpack.com\/sv\/wp-json\/wp\/v2\/media\/9317"}],"wp:attachment":[{"href":"https:\/\/www.wellongpack.com\/sv\/wp-json\/wp\/v2\/media?parent=9316"}],"wp:term":[{"taxonomy":"product_cat","embeddable":true,"href":"https:\/\/www.wellongpack.com\/sv\/wp-json\/wp\/v2\/product_cat?post=9316"},{"taxonomy":"product_tag","embeddable":true,"href":"https:\/\/www.wellongpack.com\/sv\/wp-json\/wp\/v2\/product_tag?post=9316"}],"curies":[{"name":"wp","href":"https:\/\/api.w.org\/{rel}","templated":true}]}}