
{"id":9305,"date":"2023-05-24T10:07:37","date_gmt":"2023-05-24T02:07:37","guid":{"rendered":"http:\/\/75.webs.svipwebs.com\/?post_type=product&#038;p=9305"},"modified":"2023-05-24T10:07:37","modified_gmt":"2023-05-24T02:07:37","slug":"anti-fog-bag","status":"publish","type":"product","link":"https:\/\/www.wellongpack.com\/sv\/produkt\/anti-fog-pase\/","title":{"rendered":"Anti-fog-p\u00e5se"},"content":{"rendered":"","protected":false},"excerpt":{"rendered":"<p>\u00c5ngfria BOPP-plastp\u00e5sar med sm\u00e5 perforerade h\u00e5l hj\u00e4lper till att f\u00f6rhindra dimma eller kondens, vilket f\u00f6rl\u00e4nger h\u00e5llbarheten f\u00f6r frukt och gr\u00f6nsaker. f\u00f6r att h\u00e5lla l\u00e4ngre som plastp\u00e5sen \u00e4r mycket tydlig vilket g\u00f6r produkten synlig samt plastkroppen \u00e4r tuff, motst\u00e5ndskraftig mot dragning och rivning v\u00e4l, kan anv\u00e4ndas med f\u00e4rska gr\u00f6nsaker och frukter.<\/p>","protected":false},"featured_media":9306,"comment_status":"open","ping_status":"closed","template":"","meta":[],"product_cat":[113],"product_tag":[],"class_list":["post-9305","product","type-product","status-publish","has-post-thumbnail","hentry","product_cat-micro-perforatedvent-hole-bags"],"_links":{"self":[{"href":"https:\/\/www.wellongpack.com\/sv\/wp-json\/wp\/v2\/product\/9305","targetHints":{"allow":["GET"]}}],"collection":[{"href":"https:\/\/www.wellongpack.com\/sv\/wp-json\/wp\/v2\/product"}],"about":[{"href":"https:\/\/www.wellongpack.com\/sv\/wp-json\/wp\/v2\/types\/product"}],"replies":[{"embeddable":true,"href":"https:\/\/www.wellongpack.com\/sv\/wp-json\/wp\/v2\/comments?post=9305"}],"version-history":[{"count":1,"href":"https:\/\/www.wellongpack.com\/sv\/wp-json\/wp\/v2\/product\/9305\/revisions"}],"predecessor-version":[{"id":9309,"href":"https:\/\/www.wellongpack.com\/sv\/wp-json\/wp\/v2\/product\/9305\/revisions\/9309"}],"wp:featuredmedia":[{"embeddable":true,"href":"https:\/\/www.wellongpack.com\/sv\/wp-json\/wp\/v2\/media\/9306"}],"wp:attachment":[{"href":"https:\/\/www.wellongpack.com\/sv\/wp-json\/wp\/v2\/media?parent=9305"}],"wp:term":[{"taxonomy":"product_cat","embeddable":true,"href":"https:\/\/www.wellongpack.com\/sv\/wp-json\/wp\/v2\/product_cat?post=9305"},{"taxonomy":"product_tag","embeddable":true,"href":"https:\/\/www.wellongpack.com\/sv\/wp-json\/wp\/v2\/product_tag?post=9305"}],"curies":[{"name":"wp","href":"https:\/\/api.w.org\/{rel}","templated":true}]}}