
{"id":9161,"date":"2023-05-24T09:41:31","date_gmt":"2023-05-24T01:41:31","guid":{"rendered":"http:\/\/75.webs.svipwebs.com\/?post_type=product&#038;p=9161"},"modified":"2023-05-24T09:41:32","modified_gmt":"2023-05-24T01:41:32","slug":"kraft-paper-boat-tray","status":"publish","type":"product","link":"https:\/\/www.wellongpack.com\/sv\/produkt\/battrag-av-kraftpapper\/","title":{"rendered":"b\u00e5tbricka av kraftpapper"},"content":{"rendered":"","protected":false},"excerpt":{"rendered":"<p>Brickan \u00e4r m\u00e5ngsidig b\u00e5de vad g\u00e4ller design och anv\u00e4ndning, och passar utm\u00e4rkt f\u00f6r pommes frites, kycklingfil\u00e9er, mozzarellapinnar och andra popul\u00e4ra stekta favoriter. Den passar \u00e4ven utm\u00e4rkt f\u00f6r kalla r\u00e4tter som gr\u00f6nsaker, frukt och pastasallad!<\/p>","protected":false},"featured_media":9162,"comment_status":"open","ping_status":"closed","template":"","meta":[],"product_cat":[107],"product_tag":[],"class_list":["post-9161","product","type-product","status-publish","has-post-thumbnail","hentry","product_cat-paper-tray"],"_links":{"self":[{"href":"https:\/\/www.wellongpack.com\/sv\/wp-json\/wp\/v2\/product\/9161","targetHints":{"allow":["GET"]}}],"collection":[{"href":"https:\/\/www.wellongpack.com\/sv\/wp-json\/wp\/v2\/product"}],"about":[{"href":"https:\/\/www.wellongpack.com\/sv\/wp-json\/wp\/v2\/types\/product"}],"replies":[{"embeddable":true,"href":"https:\/\/www.wellongpack.com\/sv\/wp-json\/wp\/v2\/comments?post=9161"}],"version-history":[{"count":1,"href":"https:\/\/www.wellongpack.com\/sv\/wp-json\/wp\/v2\/product\/9161\/revisions"}],"predecessor-version":[{"id":9166,"href":"https:\/\/www.wellongpack.com\/sv\/wp-json\/wp\/v2\/product\/9161\/revisions\/9166"}],"wp:featuredmedia":[{"embeddable":true,"href":"https:\/\/www.wellongpack.com\/sv\/wp-json\/wp\/v2\/media\/9162"}],"wp:attachment":[{"href":"https:\/\/www.wellongpack.com\/sv\/wp-json\/wp\/v2\/media?parent=9161"}],"wp:term":[{"taxonomy":"product_cat","embeddable":true,"href":"https:\/\/www.wellongpack.com\/sv\/wp-json\/wp\/v2\/product_cat?post=9161"},{"taxonomy":"product_tag","embeddable":true,"href":"https:\/\/www.wellongpack.com\/sv\/wp-json\/wp\/v2\/product_tag?post=9161"}],"curies":[{"name":"wp","href":"https:\/\/api.w.org\/{rel}","templated":true}]}}