
{"id":9144,"date":"2023-05-24T09:37:31","date_gmt":"2023-05-24T01:37:31","guid":{"rendered":"http:\/\/75.webs.svipwebs.com\/?post_type=product&#038;p=9144"},"modified":"2023-05-24T09:37:32","modified_gmt":"2023-05-24T01:37:32","slug":"fold-pak-noodle-box-with-wire","status":"publish","type":"product","link":"https:\/\/www.wellongpack.com\/sv\/produkt\/vik-pak-nudel-box-med-vajer\/","title":{"rendered":"Fold-pak Nudell\u00e5da med tr\u00e5d"},"content":{"rendered":"","protected":false},"excerpt":{"rendered":"<p>Den h\u00e4r beh\u00e5llaren anv\u00e4nds ofta i kinesiska\/asiatiska restauranger, men den kan anv\u00e4ndas f\u00f6r n\u00e4stan alla produkter. Den l\u00e4ckage- och fettresistenta f\u00f6rpackningen h\u00e5ller varma, kalla, v\u00e5ta eller torra livsmedel f\u00e4rska. Beh\u00e5llarens praktiska design i ett stycke bevarar f\u00e4rskheten genom att h\u00e5lla kvar v\u00e4rmen och ventilera ut \u00e5nga. B\u00e4r den enkelt med beh\u00e5llarens tr\u00e5dhandtag.<\/p>","protected":false},"featured_media":9145,"comment_status":"open","ping_status":"closed","template":"","meta":[],"product_cat":[106],"product_tag":[],"class_list":["post-9144","product","type-product","status-publish","has-post-thumbnail","hentry","product_cat-noodle-box"],"_links":{"self":[{"href":"https:\/\/www.wellongpack.com\/sv\/wp-json\/wp\/v2\/product\/9144","targetHints":{"allow":["GET"]}}],"collection":[{"href":"https:\/\/www.wellongpack.com\/sv\/wp-json\/wp\/v2\/product"}],"about":[{"href":"https:\/\/www.wellongpack.com\/sv\/wp-json\/wp\/v2\/types\/product"}],"replies":[{"embeddable":true,"href":"https:\/\/www.wellongpack.com\/sv\/wp-json\/wp\/v2\/comments?post=9144"}],"version-history":[{"count":1,"href":"https:\/\/www.wellongpack.com\/sv\/wp-json\/wp\/v2\/product\/9144\/revisions"}],"predecessor-version":[{"id":9151,"href":"https:\/\/www.wellongpack.com\/sv\/wp-json\/wp\/v2\/product\/9144\/revisions\/9151"}],"wp:featuredmedia":[{"embeddable":true,"href":"https:\/\/www.wellongpack.com\/sv\/wp-json\/wp\/v2\/media\/9145"}],"wp:attachment":[{"href":"https:\/\/www.wellongpack.com\/sv\/wp-json\/wp\/v2\/media?parent=9144"}],"wp:term":[{"taxonomy":"product_cat","embeddable":true,"href":"https:\/\/www.wellongpack.com\/sv\/wp-json\/wp\/v2\/product_cat?post=9144"},{"taxonomy":"product_tag","embeddable":true,"href":"https:\/\/www.wellongpack.com\/sv\/wp-json\/wp\/v2\/product_tag?post=9144"}],"curies":[{"name":"wp","href":"https:\/\/api.w.org\/{rel}","templated":true}]}}