
{"id":9139,"date":"2023-05-24T09:36:06","date_gmt":"2023-05-24T01:36:06","guid":{"rendered":"http:\/\/75.webs.svipwebs.com\/?post_type=product&#038;p=9139"},"modified":"2023-05-24T09:36:09","modified_gmt":"2023-05-24T01:36:09","slug":"hamburger-box-2","status":"publish","type":"product","link":"https:\/\/www.wellongpack.com\/sv\/produkt\/hamburgare-box-2\/","title":{"rendered":"Hamburgerl\u00e5da"},"content":{"rendered":"","protected":false},"excerpt":{"rendered":"<p>Denna fyrkantiga take-out-l\u00e5da i kraft \u00e4r utformad f\u00f6r att transportera mat utan att kompromissa med kvaliteten. Med en m\u00e4ngd olika anv\u00e4ndningsm\u00f6jligheter \u00e4r denna take-out-l\u00e5da perfekt f\u00f6r en m\u00e4ngd olika restauranger, cafeterior eller till och med catering. Konstruktionen i kraftpapper \u00e4r motst\u00e5ndskraftig mot b\u00e5de fett och fukt, s\u00e5 den blir inte smutsig under transporten.<\/p>","protected":false},"featured_media":9140,"comment_status":"open","ping_status":"closed","template":"","meta":[],"product_cat":[104],"product_tag":[],"class_list":["post-9139","product","type-product","status-publish","has-post-thumbnail","hentry","product_cat-paper-take-out-box"],"_links":{"self":[{"href":"https:\/\/www.wellongpack.com\/sv\/wp-json\/wp\/v2\/product\/9139","targetHints":{"allow":["GET"]}}],"collection":[{"href":"https:\/\/www.wellongpack.com\/sv\/wp-json\/wp\/v2\/product"}],"about":[{"href":"https:\/\/www.wellongpack.com\/sv\/wp-json\/wp\/v2\/types\/product"}],"replies":[{"embeddable":true,"href":"https:\/\/www.wellongpack.com\/sv\/wp-json\/wp\/v2\/comments?post=9139"}],"version-history":[{"count":1,"href":"https:\/\/www.wellongpack.com\/sv\/wp-json\/wp\/v2\/product\/9139\/revisions"}],"predecessor-version":[{"id":9143,"href":"https:\/\/www.wellongpack.com\/sv\/wp-json\/wp\/v2\/product\/9139\/revisions\/9143"}],"wp:featuredmedia":[{"embeddable":true,"href":"https:\/\/www.wellongpack.com\/sv\/wp-json\/wp\/v2\/media\/9140"}],"wp:attachment":[{"href":"https:\/\/www.wellongpack.com\/sv\/wp-json\/wp\/v2\/media?parent=9139"}],"wp:term":[{"taxonomy":"product_cat","embeddable":true,"href":"https:\/\/www.wellongpack.com\/sv\/wp-json\/wp\/v2\/product_cat?post=9139"},{"taxonomy":"product_tag","embeddable":true,"href":"https:\/\/www.wellongpack.com\/sv\/wp-json\/wp\/v2\/product_tag?post=9139"}],"curies":[{"name":"wp","href":"https:\/\/api.w.org\/{rel}","templated":true}]}}