
{"id":9098,"date":"2023-05-24T09:24:37","date_gmt":"2023-05-24T01:24:37","guid":{"rendered":"http:\/\/75.webs.svipwebs.com\/?post_type=product&#038;p=9098"},"modified":"2023-05-24T09:24:37","modified_gmt":"2023-05-24T01:24:37","slug":"lunch-box-1","status":"publish","type":"product","link":"https:\/\/www.wellongpack.com\/sv\/produkt\/lunchlada-1\/","title":{"rendered":"lunchl\u00e5da 1"},"content":{"rendered":"","protected":false},"excerpt":{"rendered":"<p>V\u00e5ra vikbara takeout-l\u00e5dor i papper \u00e4r ett enkelt och bekv\u00e4mt s\u00e4tt att f\u00f6rpacka dina matvaror f\u00f6r utk\u00f6rning och leverans. Dessa rektangul\u00e4ra l\u00e5dor i ett stycke har fyra \u00f6vre flikar som f\u00e4lls ned f\u00f6r st\u00e4ngning med ett \u00f6vre flikl\u00e5s f\u00f6r att h\u00e5lla den s\u00e4ker. L\u00e5dorna \u00e4r tillverkade av kraftig kartong och insidan har ett extra polyetenfoder f\u00f6r att f\u00f6rhindra att fett och fukt l\u00e4cker igenom.<\/p>","protected":false},"featured_media":9099,"comment_status":"open","ping_status":"closed","template":"","meta":[],"product_cat":[105],"product_tag":[],"class_list":["post-9098","product","type-product","status-publish","has-post-thumbnail","hentry","product_cat-fast-food-box"],"_links":{"self":[{"href":"https:\/\/www.wellongpack.com\/sv\/wp-json\/wp\/v2\/product\/9098","targetHints":{"allow":["GET"]}}],"collection":[{"href":"https:\/\/www.wellongpack.com\/sv\/wp-json\/wp\/v2\/product"}],"about":[{"href":"https:\/\/www.wellongpack.com\/sv\/wp-json\/wp\/v2\/types\/product"}],"replies":[{"embeddable":true,"href":"https:\/\/www.wellongpack.com\/sv\/wp-json\/wp\/v2\/comments?post=9098"}],"version-history":[{"count":1,"href":"https:\/\/www.wellongpack.com\/sv\/wp-json\/wp\/v2\/product\/9098\/revisions"}],"predecessor-version":[{"id":9104,"href":"https:\/\/www.wellongpack.com\/sv\/wp-json\/wp\/v2\/product\/9098\/revisions\/9104"}],"wp:featuredmedia":[{"embeddable":true,"href":"https:\/\/www.wellongpack.com\/sv\/wp-json\/wp\/v2\/media\/9099"}],"wp:attachment":[{"href":"https:\/\/www.wellongpack.com\/sv\/wp-json\/wp\/v2\/media?parent=9098"}],"wp:term":[{"taxonomy":"product_cat","embeddable":true,"href":"https:\/\/www.wellongpack.com\/sv\/wp-json\/wp\/v2\/product_cat?post=9098"},{"taxonomy":"product_tag","embeddable":true,"href":"https:\/\/www.wellongpack.com\/sv\/wp-json\/wp\/v2\/product_tag?post=9098"}],"curies":[{"name":"wp","href":"https:\/\/api.w.org\/{rel}","templated":true}]}}