
{"id":9065,"date":"2023-05-24T09:15:09","date_gmt":"2023-05-24T01:15:09","guid":{"rendered":"http:\/\/75.webs.svipwebs.com\/?post_type=product&#038;p=9065"},"modified":"2023-05-24T09:15:10","modified_gmt":"2023-05-24T01:15:10","slug":"kraft-paper-rectangular-bowl","status":"publish","type":"product","link":"https:\/\/www.wellongpack.com\/sv\/produkt\/rektangular-skal-av-kraftpapper\/","title":{"rendered":"Rektangul\u00e4r sk\u00e5l av kraftpapper"},"content":{"rendered":"","protected":false},"excerpt":{"rendered":"<p>Rektangul\u00e4r PE-fodrad take-out-beh\u00e5llare i kraft med mikrov\u00e5gsugn \u00e4r idealisk f\u00f6r varma och kalla livsmedel, desserter och tillbeh\u00f6r. Tillverkad med en polybelagd insida som skyddar mot l\u00e4ckage fr\u00e5n olja, fett eller s\u00e5ser. Det kompatibla locket (s\u00e4ljs separat) h\u00e5ller maten s\u00e4ker och skyddad under transport.<\/p>","protected":false},"featured_media":9066,"comment_status":"open","ping_status":"closed","template":"","meta":[],"product_cat":[100],"product_tag":[],"class_list":["post-9065","product","type-product","status-publish","has-post-thumbnail","hentry","product_cat-paper-bowl-and-pot"],"_links":{"self":[{"href":"https:\/\/www.wellongpack.com\/sv\/wp-json\/wp\/v2\/product\/9065","targetHints":{"allow":["GET"]}}],"collection":[{"href":"https:\/\/www.wellongpack.com\/sv\/wp-json\/wp\/v2\/product"}],"about":[{"href":"https:\/\/www.wellongpack.com\/sv\/wp-json\/wp\/v2\/types\/product"}],"replies":[{"embeddable":true,"href":"https:\/\/www.wellongpack.com\/sv\/wp-json\/wp\/v2\/comments?post=9065"}],"version-history":[{"count":1,"href":"https:\/\/www.wellongpack.com\/sv\/wp-json\/wp\/v2\/product\/9065\/revisions"}],"predecessor-version":[{"id":9072,"href":"https:\/\/www.wellongpack.com\/sv\/wp-json\/wp\/v2\/product\/9065\/revisions\/9072"}],"wp:featuredmedia":[{"embeddable":true,"href":"https:\/\/www.wellongpack.com\/sv\/wp-json\/wp\/v2\/media\/9066"}],"wp:attachment":[{"href":"https:\/\/www.wellongpack.com\/sv\/wp-json\/wp\/v2\/media?parent=9065"}],"wp:term":[{"taxonomy":"product_cat","embeddable":true,"href":"https:\/\/www.wellongpack.com\/sv\/wp-json\/wp\/v2\/product_cat?post=9065"},{"taxonomy":"product_tag","embeddable":true,"href":"https:\/\/www.wellongpack.com\/sv\/wp-json\/wp\/v2\/product_tag?post=9065"}],"curies":[{"name":"wp","href":"https:\/\/api.w.org\/{rel}","templated":true}]}}