
{"id":9049,"date":"2023-05-24T09:12:50","date_gmt":"2023-05-24T01:12:50","guid":{"rendered":"http:\/\/75.webs.svipwebs.com\/?post_type=product&#038;p=9049"},"modified":"2023-05-24T09:12:50","modified_gmt":"2023-05-24T01:12:50","slug":"popcorn-pot","status":"publish","type":"product","link":"https:\/\/www.wellongpack.com\/sv\/produkt\/popcorn-kruka\/","title":{"rendered":"popcorn-kruka"},"content":{"rendered":"","protected":false},"excerpt":{"rendered":"<p>Poppa varma och f\u00e4rska popcorn p\u00e5 din plats och skicka dem tillsammans med dina g\u00e4ster i denna popcornhink. Denna hink rymmer upp till 85 oz. poppade popcorn, vilket \u00e4r den perfekta m\u00e4ngden f\u00f6r att titta p\u00e5 en film eller ta en promenad runt din karneval. F\u00f6rutom sin i\u00f6gonfallande, eleganta design \u00e4r den ocks\u00e5 praktisk och effektiv f\u00f6r att h\u00e5lla och b\u00e4ra runt dina sm\u00f6riga popcorn.<\/p>","protected":false},"featured_media":9050,"comment_status":"open","ping_status":"closed","template":"","meta":[],"product_cat":[101],"product_tag":[],"class_list":["post-9049","product","type-product","status-publish","has-post-thumbnail","hentry","product_cat-kraft-paper-pot"],"_links":{"self":[{"href":"https:\/\/www.wellongpack.com\/sv\/wp-json\/wp\/v2\/product\/9049","targetHints":{"allow":["GET"]}}],"collection":[{"href":"https:\/\/www.wellongpack.com\/sv\/wp-json\/wp\/v2\/product"}],"about":[{"href":"https:\/\/www.wellongpack.com\/sv\/wp-json\/wp\/v2\/types\/product"}],"replies":[{"embeddable":true,"href":"https:\/\/www.wellongpack.com\/sv\/wp-json\/wp\/v2\/comments?post=9049"}],"version-history":[{"count":1,"href":"https:\/\/www.wellongpack.com\/sv\/wp-json\/wp\/v2\/product\/9049\/revisions"}],"predecessor-version":[{"id":9056,"href":"https:\/\/www.wellongpack.com\/sv\/wp-json\/wp\/v2\/product\/9049\/revisions\/9056"}],"wp:featuredmedia":[{"embeddable":true,"href":"https:\/\/www.wellongpack.com\/sv\/wp-json\/wp\/v2\/media\/9050"}],"wp:attachment":[{"href":"https:\/\/www.wellongpack.com\/sv\/wp-json\/wp\/v2\/media?parent=9049"}],"wp:term":[{"taxonomy":"product_cat","embeddable":true,"href":"https:\/\/www.wellongpack.com\/sv\/wp-json\/wp\/v2\/product_cat?post=9049"},{"taxonomy":"product_tag","embeddable":true,"href":"https:\/\/www.wellongpack.com\/sv\/wp-json\/wp\/v2\/product_tag?post=9049"}],"curies":[{"name":"wp","href":"https:\/\/api.w.org\/{rel}","templated":true}]}}