
{"id":9002,"date":"2023-05-23T17:13:24","date_gmt":"2023-05-23T09:13:24","guid":{"rendered":"http:\/\/75.webs.svipwebs.com\/?post_type=product&#038;p=9002"},"modified":"2023-05-23T17:13:24","modified_gmt":"2023-05-23T09:13:24","slug":"bagasse-meat-tray","status":"publish","type":"product","link":"https:\/\/www.wellongpack.com\/sv\/produkt\/bagasse-kottbricka\/","title":{"rendered":"Bagasse K\u00f6ttbricka"},"content":{"rendered":"","protected":false},"excerpt":{"rendered":"<p>K\u00f6ttbrickan i Bagasse har en bl\u00f6tl\u00e4ggningss\u00e4ker design med ett biobaserat foder som f\u00f6rhindrar l\u00e4ckage och h\u00e5ller maten fr\u00e4sch. Den \u00e4r tillr\u00e4ckligt t\u00e5lig f\u00f6r att klara en m\u00e4ngd olika k\u00f6tt och konsistenser samtidigt som den \u00e4r praktiskt f\u00f6r eng\u00e5ngsbruk. Den h\u00e4r milj\u00f6v\u00e4nliga brickan \u00e4r perfekt f\u00f6r delikatessbutiker, livsmedelsbutiker och takeaway-restauranger och bidrar till att minska din verksamhets koldioxidavtryck.<\/p>","protected":false},"featured_media":9003,"comment_status":"open","ping_status":"closed","template":"","meta":[],"product_cat":[98],"product_tag":[],"class_list":["post-9002","product","type-product","status-publish","has-post-thumbnail","hentry","product_cat-bagasse-tray"],"_links":{"self":[{"href":"https:\/\/www.wellongpack.com\/sv\/wp-json\/wp\/v2\/product\/9002","targetHints":{"allow":["GET"]}}],"collection":[{"href":"https:\/\/www.wellongpack.com\/sv\/wp-json\/wp\/v2\/product"}],"about":[{"href":"https:\/\/www.wellongpack.com\/sv\/wp-json\/wp\/v2\/types\/product"}],"replies":[{"embeddable":true,"href":"https:\/\/www.wellongpack.com\/sv\/wp-json\/wp\/v2\/comments?post=9002"}],"version-history":[{"count":1,"href":"https:\/\/www.wellongpack.com\/sv\/wp-json\/wp\/v2\/product\/9002\/revisions"}],"predecessor-version":[{"id":9006,"href":"https:\/\/www.wellongpack.com\/sv\/wp-json\/wp\/v2\/product\/9002\/revisions\/9006"}],"wp:featuredmedia":[{"embeddable":true,"href":"https:\/\/www.wellongpack.com\/sv\/wp-json\/wp\/v2\/media\/9003"}],"wp:attachment":[{"href":"https:\/\/www.wellongpack.com\/sv\/wp-json\/wp\/v2\/media?parent=9002"}],"wp:term":[{"taxonomy":"product_cat","embeddable":true,"href":"https:\/\/www.wellongpack.com\/sv\/wp-json\/wp\/v2\/product_cat?post=9002"},{"taxonomy":"product_tag","embeddable":true,"href":"https:\/\/www.wellongpack.com\/sv\/wp-json\/wp\/v2\/product_tag?post=9002"}],"curies":[{"name":"wp","href":"https:\/\/api.w.org\/{rel}","templated":true}]}}