
{"id":8962,"date":"2023-05-23T17:07:04","date_gmt":"2023-05-23T09:07:04","guid":{"rendered":"http:\/\/75.webs.svipwebs.com\/?post_type=product&#038;p=8962"},"modified":"2023-05-23T17:07:04","modified_gmt":"2023-05-23T09:07:04","slug":"round-plate","status":"publish","type":"product","link":"https:\/\/www.wellongpack.com\/sv\/produkt\/rund-platta\/","title":{"rendered":"rund pl\u00e5t"},"content":{"rendered":"","protected":false},"excerpt":{"rendered":"<p>Denna tallrik av sockerr\u00f6rsbagasse tar upp mindre lagringsutrymme \u00e4n andra eng\u00e5ngsalternativ, och den rymmer tyngre mat \u00e4n b\u00e5de papper och frigolit. Eftersom den kr\u00e4ver mycket mindre energi att tillverka sparar den dessutom b\u00e5de energi och resurser.Den ljusa vita f\u00e4rgen g\u00f6r att tallriken passar n\u00e4stan alla typer av restauranginredningar och teman samtidigt som den skapar en ren och fr\u00e4sch yta f\u00f6r alla typer av mat.<\/p>","protected":false},"featured_media":8963,"comment_status":"open","ping_status":"closed","template":"","meta":[],"product_cat":[97],"product_tag":[],"class_list":["post-8962","product","type-product","status-publish","has-post-thumbnail","hentry","product_cat-bagasse-plate"],"_links":{"self":[{"href":"https:\/\/www.wellongpack.com\/sv\/wp-json\/wp\/v2\/product\/8962","targetHints":{"allow":["GET"]}}],"collection":[{"href":"https:\/\/www.wellongpack.com\/sv\/wp-json\/wp\/v2\/product"}],"about":[{"href":"https:\/\/www.wellongpack.com\/sv\/wp-json\/wp\/v2\/types\/product"}],"replies":[{"embeddable":true,"href":"https:\/\/www.wellongpack.com\/sv\/wp-json\/wp\/v2\/comments?post=8962"}],"version-history":[{"count":1,"href":"https:\/\/www.wellongpack.com\/sv\/wp-json\/wp\/v2\/product\/8962\/revisions"}],"predecessor-version":[{"id":8969,"href":"https:\/\/www.wellongpack.com\/sv\/wp-json\/wp\/v2\/product\/8962\/revisions\/8969"}],"wp:featuredmedia":[{"embeddable":true,"href":"https:\/\/www.wellongpack.com\/sv\/wp-json\/wp\/v2\/media\/8963"}],"wp:attachment":[{"href":"https:\/\/www.wellongpack.com\/sv\/wp-json\/wp\/v2\/media?parent=8962"}],"wp:term":[{"taxonomy":"product_cat","embeddable":true,"href":"https:\/\/www.wellongpack.com\/sv\/wp-json\/wp\/v2\/product_cat?post=8962"},{"taxonomy":"product_tag","embeddable":true,"href":"https:\/\/www.wellongpack.com\/sv\/wp-json\/wp\/v2\/product_tag?post=8962"}],"curies":[{"name":"wp","href":"https:\/\/api.w.org\/{rel}","templated":true}]}}