
{"id":8921,"date":"2023-05-23T17:00:34","date_gmt":"2023-05-23T09:00:34","guid":{"rendered":"http:\/\/75.webs.svipwebs.com\/?post_type=product&#038;p=8921"},"modified":"2023-05-23T17:00:34","modified_gmt":"2023-05-23T09:00:34","slug":"sauce-cup","status":"publish","type":"product","link":"https:\/\/www.wellongpack.com\/sv\/produkt\/saskopp\/","title":{"rendered":"S\u00e5skopp"},"content":{"rendered":"","protected":false},"excerpt":{"rendered":"<p>Denna eng\u00e5ngsb\u00e4gare f\u00f6r s\u00e5ser i Bagasse \u00e4r utformad f\u00f6r att rymma b\u00e5de varma och kalla produkter och \u00e4r en idealisk l\u00f6sning f\u00f6r kiosker, sm\u00f6rg\u00e5sbutiker och restauranger som erbjuder dip, s\u00e5ser och andra smaks\u00e4ttare.<\/p>","protected":false},"featured_media":8922,"comment_status":"open","ping_status":"closed","template":"","meta":[],"product_cat":[96],"product_tag":[],"class_list":["post-8921","product","type-product","status-publish","has-post-thumbnail","hentry","product_cat-bagasse-cup-and-lids"],"_links":{"self":[{"href":"https:\/\/www.wellongpack.com\/sv\/wp-json\/wp\/v2\/product\/8921","targetHints":{"allow":["GET"]}}],"collection":[{"href":"https:\/\/www.wellongpack.com\/sv\/wp-json\/wp\/v2\/product"}],"about":[{"href":"https:\/\/www.wellongpack.com\/sv\/wp-json\/wp\/v2\/types\/product"}],"replies":[{"embeddable":true,"href":"https:\/\/www.wellongpack.com\/sv\/wp-json\/wp\/v2\/comments?post=8921"}],"version-history":[{"count":1,"href":"https:\/\/www.wellongpack.com\/sv\/wp-json\/wp\/v2\/product\/8921\/revisions"}],"predecessor-version":[{"id":8929,"href":"https:\/\/www.wellongpack.com\/sv\/wp-json\/wp\/v2\/product\/8921\/revisions\/8929"}],"wp:featuredmedia":[{"embeddable":true,"href":"https:\/\/www.wellongpack.com\/sv\/wp-json\/wp\/v2\/media\/8922"}],"wp:attachment":[{"href":"https:\/\/www.wellongpack.com\/sv\/wp-json\/wp\/v2\/media?parent=8921"}],"wp:term":[{"taxonomy":"product_cat","embeddable":true,"href":"https:\/\/www.wellongpack.com\/sv\/wp-json\/wp\/v2\/product_cat?post=8921"},{"taxonomy":"product_tag","embeddable":true,"href":"https:\/\/www.wellongpack.com\/sv\/wp-json\/wp\/v2\/product_tag?post=8921"}],"curies":[{"name":"wp","href":"https:\/\/api.w.org\/{rel}","templated":true}]}}