
{"id":8878,"date":"2023-05-23T16:40:54","date_gmt":"2023-05-23T08:40:54","guid":{"rendered":"http:\/\/75.webs.svipwebs.com\/?post_type=product&#038;p=8878"},"modified":"2023-05-23T16:40:55","modified_gmt":"2023-05-23T08:40:55","slug":"hamburger-box","status":"publish","type":"product","link":"https:\/\/www.wellongpack.com\/sv\/produkt\/hamburgerlada\/","title":{"rendered":"hamburgerl\u00e5da"},"content":{"rendered":"","protected":false},"excerpt":{"rendered":"<p>Bagasse komposterbara matkassar \u00e4r tillverkade av f\u00f6rnybar sockerr\u00f6rsmassa som formas till ett h\u00e5llbart pappersliknande material. V\u00e5ra bagassel\u00e5dor i clamshell-stil \u00e4r fett- och fuktbest\u00e4ndiga, livsmedelss\u00e4kra samt helt komposterbara och biologiskt nedbrytbara.<\/p>","protected":false},"featured_media":8879,"comment_status":"open","ping_status":"closed","template":"","meta":[],"product_cat":[94],"product_tag":[],"class_list":["post-8878","product","type-product","status-publish","has-post-thumbnail","hentry","product_cat-clamshell-box"],"_links":{"self":[{"href":"https:\/\/www.wellongpack.com\/sv\/wp-json\/wp\/v2\/product\/8878","targetHints":{"allow":["GET"]}}],"collection":[{"href":"https:\/\/www.wellongpack.com\/sv\/wp-json\/wp\/v2\/product"}],"about":[{"href":"https:\/\/www.wellongpack.com\/sv\/wp-json\/wp\/v2\/types\/product"}],"replies":[{"embeddable":true,"href":"https:\/\/www.wellongpack.com\/sv\/wp-json\/wp\/v2\/comments?post=8878"}],"version-history":[{"count":1,"href":"https:\/\/www.wellongpack.com\/sv\/wp-json\/wp\/v2\/product\/8878\/revisions"}],"predecessor-version":[{"id":8882,"href":"https:\/\/www.wellongpack.com\/sv\/wp-json\/wp\/v2\/product\/8878\/revisions\/8882"}],"wp:featuredmedia":[{"embeddable":true,"href":"https:\/\/www.wellongpack.com\/sv\/wp-json\/wp\/v2\/media\/8879"}],"wp:attachment":[{"href":"https:\/\/www.wellongpack.com\/sv\/wp-json\/wp\/v2\/media?parent=8878"}],"wp:term":[{"taxonomy":"product_cat","embeddable":true,"href":"https:\/\/www.wellongpack.com\/sv\/wp-json\/wp\/v2\/product_cat?post=8878"},{"taxonomy":"product_tag","embeddable":true,"href":"https:\/\/www.wellongpack.com\/sv\/wp-json\/wp\/v2\/product_tag?post=8878"}],"curies":[{"name":"wp","href":"https:\/\/api.w.org\/{rel}","templated":true}]}}