
{"id":8826,"date":"2023-05-23T15:59:46","date_gmt":"2023-05-23T07:59:46","guid":{"rendered":"http:\/\/75.webs.svipwebs.com\/?post_type=product&#038;p=8826"},"modified":"2023-05-23T15:59:47","modified_gmt":"2023-05-23T07:59:47","slug":"aluminum-foil-bakery-tray","status":"publish","type":"product","link":"https:\/\/www.wellongpack.com\/sv\/produkt\/bakform-av-aluminiumfolie\/","title":{"rendered":"Aluminiumfolie Bageritr\u00e5g"},"content":{"rendered":"","protected":false},"excerpt":{"rendered":"<p>Denna m\u00e5ngsidiga kastrull \u00e4r perfekt f\u00f6r tillagning, f\u00f6rvaring och servering av alla dina f\u00f6rr\u00e4tter, tillbeh\u00f6r, aptitretare och desserter, och \u00e4r perfekt f\u00f6r banketter och evenemang av alla storlekar.<\/p>","protected":false},"featured_media":8827,"comment_status":"open","ping_status":"closed","template":"","meta":[],"product_cat":[90],"product_tag":[],"class_list":["post-8826","product","type-product","status-publish","has-post-thumbnail","hentry","product_cat-aluminum-foil-traypan"],"_links":{"self":[{"href":"https:\/\/www.wellongpack.com\/sv\/wp-json\/wp\/v2\/product\/8826","targetHints":{"allow":["GET"]}}],"collection":[{"href":"https:\/\/www.wellongpack.com\/sv\/wp-json\/wp\/v2\/product"}],"about":[{"href":"https:\/\/www.wellongpack.com\/sv\/wp-json\/wp\/v2\/types\/product"}],"replies":[{"embeddable":true,"href":"https:\/\/www.wellongpack.com\/sv\/wp-json\/wp\/v2\/comments?post=8826"}],"version-history":[{"count":1,"href":"https:\/\/www.wellongpack.com\/sv\/wp-json\/wp\/v2\/product\/8826\/revisions"}],"predecessor-version":[{"id":8831,"href":"https:\/\/www.wellongpack.com\/sv\/wp-json\/wp\/v2\/product\/8826\/revisions\/8831"}],"wp:featuredmedia":[{"embeddable":true,"href":"https:\/\/www.wellongpack.com\/sv\/wp-json\/wp\/v2\/media\/8827"}],"wp:attachment":[{"href":"https:\/\/www.wellongpack.com\/sv\/wp-json\/wp\/v2\/media?parent=8826"}],"wp:term":[{"taxonomy":"product_cat","embeddable":true,"href":"https:\/\/www.wellongpack.com\/sv\/wp-json\/wp\/v2\/product_cat?post=8826"},{"taxonomy":"product_tag","embeddable":true,"href":"https:\/\/www.wellongpack.com\/sv\/wp-json\/wp\/v2\/product_tag?post=8826"}],"curies":[{"name":"wp","href":"https:\/\/api.w.org\/{rel}","templated":true}]}}