
{"id":8820,"date":"2023-05-23T15:58:43","date_gmt":"2023-05-23T07:58:43","guid":{"rendered":"http:\/\/75.webs.svipwebs.com\/?post_type=product&#038;p=8820"},"modified":"2023-05-23T15:58:43","modified_gmt":"2023-05-23T07:58:43","slug":"aluminum-foil-bakery-pan","status":"publish","type":"product","link":"https:\/\/www.wellongpack.com\/sv\/produkt\/aluminiumfolie-bakverk-panna\/","title":{"rendered":"Bageripanna av aluminiumfolie"},"content":{"rendered":"","protected":false},"excerpt":{"rendered":"<p>Den h\u00e4r formen \u00e4r tillr\u00e4ckligt m\u00e5ngsidig f\u00f6r bakning, transport, f\u00f6rs\u00e4ljning och servering, vilket g\u00f6r att du slipper anv\u00e4nda och diska flera olika formar och utrustning. Reng\u00f6ringen blir \u00e4nnu enklare eftersom formen \u00e4r \u00e5tervinningsbar n\u00e4r den rengjorts efter anv\u00e4ndning!<\/p>","protected":false},"featured_media":8821,"comment_status":"open","ping_status":"closed","template":"","meta":[],"product_cat":[90],"product_tag":[],"class_list":["post-8820","product","type-product","status-publish","has-post-thumbnail","hentry","product_cat-aluminum-foil-traypan"],"_links":{"self":[{"href":"https:\/\/www.wellongpack.com\/sv\/wp-json\/wp\/v2\/product\/8820","targetHints":{"allow":["GET"]}}],"collection":[{"href":"https:\/\/www.wellongpack.com\/sv\/wp-json\/wp\/v2\/product"}],"about":[{"href":"https:\/\/www.wellongpack.com\/sv\/wp-json\/wp\/v2\/types\/product"}],"replies":[{"embeddable":true,"href":"https:\/\/www.wellongpack.com\/sv\/wp-json\/wp\/v2\/comments?post=8820"}],"version-history":[{"count":1,"href":"https:\/\/www.wellongpack.com\/sv\/wp-json\/wp\/v2\/product\/8820\/revisions"}],"predecessor-version":[{"id":8825,"href":"https:\/\/www.wellongpack.com\/sv\/wp-json\/wp\/v2\/product\/8820\/revisions\/8825"}],"wp:featuredmedia":[{"embeddable":true,"href":"https:\/\/www.wellongpack.com\/sv\/wp-json\/wp\/v2\/media\/8821"}],"wp:attachment":[{"href":"https:\/\/www.wellongpack.com\/sv\/wp-json\/wp\/v2\/media?parent=8820"}],"wp:term":[{"taxonomy":"product_cat","embeddable":true,"href":"https:\/\/www.wellongpack.com\/sv\/wp-json\/wp\/v2\/product_cat?post=8820"},{"taxonomy":"product_tag","embeddable":true,"href":"https:\/\/www.wellongpack.com\/sv\/wp-json\/wp\/v2\/product_tag?post=8820"}],"curies":[{"name":"wp","href":"https:\/\/api.w.org\/{rel}","templated":true}]}}