
{"id":8812,"date":"2023-05-23T15:56:38","date_gmt":"2023-05-23T07:56:38","guid":{"rendered":"http:\/\/75.webs.svipwebs.com\/?post_type=product&#038;p=8812"},"modified":"2023-05-23T15:56:40","modified_gmt":"2023-05-23T07:56:40","slug":"aluminum-foil-roll","status":"publish","type":"product","link":"https:\/\/www.wellongpack.com\/sv\/produkt\/aluminium-folie-rull\/","title":{"rendered":"Rullar av aluminiumfolie"},"content":{"rendered":"","protected":false},"excerpt":{"rendered":"<p>Folien \u00e4r f\u00f6rpackad i en praktisk cutter-box dispenser och \u00e4r perfekt f\u00f6r stork\u00f6k. Dra snabbt och enkelt ut \u00f6nskad m\u00e4ngd folie och riv av den genom att f\u00f6rsiktigt dra ned den \u00f6ver bladets t\u00e4nder. G\u00f6r den dagliga f\u00f6rberedelsen och reng\u00f6ringen till en barnlek f\u00f6r din k\u00f6kspersonal med denna kraftiga aluminiumfolierulle fr\u00e5n Choice Food Service.<\/p>","protected":false},"featured_media":8813,"comment_status":"open","ping_status":"closed","template":"","meta":[],"product_cat":[88],"product_tag":[],"class_list":["post-8812","product","type-product","status-publish","has-post-thumbnail","hentry","product_cat-aluminium-foil-containertrayroll"],"_links":{"self":[{"href":"https:\/\/www.wellongpack.com\/sv\/wp-json\/wp\/v2\/product\/8812","targetHints":{"allow":["GET"]}}],"collection":[{"href":"https:\/\/www.wellongpack.com\/sv\/wp-json\/wp\/v2\/product"}],"about":[{"href":"https:\/\/www.wellongpack.com\/sv\/wp-json\/wp\/v2\/types\/product"}],"replies":[{"embeddable":true,"href":"https:\/\/www.wellongpack.com\/sv\/wp-json\/wp\/v2\/comments?post=8812"}],"version-history":[{"count":1,"href":"https:\/\/www.wellongpack.com\/sv\/wp-json\/wp\/v2\/product\/8812\/revisions"}],"predecessor-version":[{"id":8819,"href":"https:\/\/www.wellongpack.com\/sv\/wp-json\/wp\/v2\/product\/8812\/revisions\/8819"}],"wp:featuredmedia":[{"embeddable":true,"href":"https:\/\/www.wellongpack.com\/sv\/wp-json\/wp\/v2\/media\/8813"}],"wp:attachment":[{"href":"https:\/\/www.wellongpack.com\/sv\/wp-json\/wp\/v2\/media?parent=8812"}],"wp:term":[{"taxonomy":"product_cat","embeddable":true,"href":"https:\/\/www.wellongpack.com\/sv\/wp-json\/wp\/v2\/product_cat?post=8812"},{"taxonomy":"product_tag","embeddable":true,"href":"https:\/\/www.wellongpack.com\/sv\/wp-json\/wp\/v2\/product_tag?post=8812"}],"curies":[{"name":"wp","href":"https:\/\/api.w.org\/{rel}","templated":true}]}}