
{"id":8791,"date":"2023-05-23T15:46:44","date_gmt":"2023-05-23T07:46:44","guid":{"rendered":"http:\/\/75.webs.svipwebs.com\/?post_type=product&#038;p=8791"},"modified":"2023-05-23T15:46:45","modified_gmt":"2023-05-23T07:46:45","slug":"rectangular-container","status":"publish","type":"product","link":"https:\/\/www.wellongpack.com\/sv\/produkt\/rektangular-behallare\/","title":{"rendered":"rektangul\u00e4r beh\u00e5llare"},"content":{"rendered":"","protected":false},"excerpt":{"rendered":"<p>Denna beh\u00e5llare kan anv\u00e4ndas med ett kompatibelt br\u00e4dlock eller kupollock (s\u00e4ljs separat), som passar s\u00e4kert \u00f6ver de f\u00e5llade kanterna och h\u00e5ller maten s\u00e4ker. F\u00f6r extra bekv\u00e4mlighet \u00e4r denna beh\u00e5llare eng\u00e5ngsbruk s\u00e5 att du helt enkelt kan kasta den efter anv\u00e4ndning, vilket sparar tid p\u00e5 reng\u00f6ring.<\/p>","protected":false},"featured_media":8792,"comment_status":"open","ping_status":"closed","template":"","meta":[],"product_cat":[89],"product_tag":[],"class_list":["post-8791","product","type-product","status-publish","has-post-thumbnail","hentry","product_cat-aluminum-foil-container"],"_links":{"self":[{"href":"https:\/\/www.wellongpack.com\/sv\/wp-json\/wp\/v2\/product\/8791","targetHints":{"allow":["GET"]}}],"collection":[{"href":"https:\/\/www.wellongpack.com\/sv\/wp-json\/wp\/v2\/product"}],"about":[{"href":"https:\/\/www.wellongpack.com\/sv\/wp-json\/wp\/v2\/types\/product"}],"replies":[{"embeddable":true,"href":"https:\/\/www.wellongpack.com\/sv\/wp-json\/wp\/v2\/comments?post=8791"}],"version-history":[{"count":1,"href":"https:\/\/www.wellongpack.com\/sv\/wp-json\/wp\/v2\/product\/8791\/revisions"}],"predecessor-version":[{"id":8797,"href":"https:\/\/www.wellongpack.com\/sv\/wp-json\/wp\/v2\/product\/8791\/revisions\/8797"}],"wp:featuredmedia":[{"embeddable":true,"href":"https:\/\/www.wellongpack.com\/sv\/wp-json\/wp\/v2\/media\/8792"}],"wp:attachment":[{"href":"https:\/\/www.wellongpack.com\/sv\/wp-json\/wp\/v2\/media?parent=8791"}],"wp:term":[{"taxonomy":"product_cat","embeddable":true,"href":"https:\/\/www.wellongpack.com\/sv\/wp-json\/wp\/v2\/product_cat?post=8791"},{"taxonomy":"product_tag","embeddable":true,"href":"https:\/\/www.wellongpack.com\/sv\/wp-json\/wp\/v2\/product_tag?post=8791"}],"curies":[{"name":"wp","href":"https:\/\/api.w.org\/{rel}","templated":true}]}}