
{"id":8782,"date":"2023-05-23T15:40:20","date_gmt":"2023-05-23T07:40:20","guid":{"rendered":"http:\/\/75.webs.svipwebs.com\/?post_type=product&#038;p=8782"},"modified":"2023-05-23T15:41:22","modified_gmt":"2023-05-23T07:41:22","slug":"aluminum-foil-bag","status":"publish","type":"product","link":"https:\/\/www.wellongpack.com\/sv\/produkt\/aluminiumfolie-pase\/","title":{"rendered":"P\u00e5se av aluminiumfolie"},"content":{"rendered":"","protected":false},"excerpt":{"rendered":"<p>P\u00e5sen \u00e4r tillverkad av slitstark laminerad folie, \u00e4r fettavvisande och h\u00e5ller v\u00e4rmen s\u00e5 att dina kunder kan h\u00e5lla h\u00e4nderna rena medan de njuter av sina varma och f\u00e4rska godsaker!<\/p>","protected":false},"featured_media":8783,"comment_status":"open","ping_status":"closed","template":"","meta":[],"product_cat":[88],"product_tag":[],"class_list":["post-8782","product","type-product","status-publish","has-post-thumbnail","hentry","product_cat-aluminium-foil-containertrayroll"],"_links":{"self":[{"href":"https:\/\/www.wellongpack.com\/sv\/wp-json\/wp\/v2\/product\/8782","targetHints":{"allow":["GET"]}}],"collection":[{"href":"https:\/\/www.wellongpack.com\/sv\/wp-json\/wp\/v2\/product"}],"about":[{"href":"https:\/\/www.wellongpack.com\/sv\/wp-json\/wp\/v2\/types\/product"}],"replies":[{"embeddable":true,"href":"https:\/\/www.wellongpack.com\/sv\/wp-json\/wp\/v2\/comments?post=8782"}],"version-history":[{"count":2,"href":"https:\/\/www.wellongpack.com\/sv\/wp-json\/wp\/v2\/product\/8782\/revisions"}],"predecessor-version":[{"id":8789,"href":"https:\/\/www.wellongpack.com\/sv\/wp-json\/wp\/v2\/product\/8782\/revisions\/8789"}],"wp:featuredmedia":[{"embeddable":true,"href":"https:\/\/www.wellongpack.com\/sv\/wp-json\/wp\/v2\/media\/8783"}],"wp:attachment":[{"href":"https:\/\/www.wellongpack.com\/sv\/wp-json\/wp\/v2\/media?parent=8782"}],"wp:term":[{"taxonomy":"product_cat","embeddable":true,"href":"https:\/\/www.wellongpack.com\/sv\/wp-json\/wp\/v2\/product_cat?post=8782"},{"taxonomy":"product_tag","embeddable":true,"href":"https:\/\/www.wellongpack.com\/sv\/wp-json\/wp\/v2\/product_tag?post=8782"}],"curies":[{"name":"wp","href":"https:\/\/api.w.org\/{rel}","templated":true}]}}