
{"id":10348,"date":"2023-06-04T17:44:16","date_gmt":"2023-06-04T09:44:16","guid":{"rendered":"http:\/\/75.webs.svipwebs.com\/?post_type=product&#038;p=10348"},"modified":"2023-06-04T17:47:09","modified_gmt":"2023-06-04T09:47:09","slug":"ripple-paper-cup-2","status":"publish","type":"product","link":"https:\/\/www.wellongpack.com\/sv\/produkt\/ripple-paper-cup-2\/","title":{"rendered":"Rippel pappersmugg"},"content":{"rendered":"<p><strong><b>O<\/b><\/strong><strong><b>ur-muggar har allt du vill ha i en pappersmugg. De \u00e4r inte bara eng\u00e5ngsmuggar som \u00e4r l\u00e4tta att reng\u00f6ra, l\u00e4ckagefria i flera timmar, har avsmalnande sidor som g\u00f6r dem l\u00e4tta att h\u00e5lla<\/b><\/strong><strong><b>.<\/b><\/strong><strong><b>V\u00e5ra medf\u00f6ljande lock \u00e4r helt \u00e5tervinningsbara, vilket g\u00f6r detta till ett milj\u00f6v\u00e4nligt alternativ till eng\u00e5ngskaffemuggar. Oavsett om du planerar en skolfestival, kyrktr\u00e4ff eller fest \u00e4r v\u00e5ra muggar som gjorda f\u00f6r det.<\/b><\/strong><\/p>\n<p>&nbsp;<\/p>\n<p><img loading=\"lazy\" decoding=\"async\" class=\"alignnone size-full wp-image-10349\" src=\"https:\/\/www.wellongpack.com\/wp-content\/uploads\/2023\/06\/1-91.jpg\" alt=\"\" width=\"800\" height=\"800\" srcset=\"https:\/\/www.wellongpack.com\/wp-content\/uploads\/2023\/06\/1-91.jpg 800w, https:\/\/www.wellongpack.com\/wp-content\/uploads\/2023\/06\/1-91-430x430.jpg 430w, https:\/\/www.wellongpack.com\/wp-content\/uploads\/2023\/06\/1-91-150x150.jpg 150w, https:\/\/www.wellongpack.com\/wp-content\/uploads\/2023\/06\/1-91-700x700.jpg 700w, https:\/\/www.wellongpack.com\/wp-content\/uploads\/2023\/06\/1-91-300x300.jpg 300w, https:\/\/www.wellongpack.com\/wp-content\/uploads\/2023\/06\/1-91-768x768.jpg 768w\" sizes=\"auto, (max-width: 800px) 100vw, 800px\" \/><img loading=\"lazy\" decoding=\"async\" class=\"alignnone size-full wp-image-10350\" src=\"https:\/\/www.wellongpack.com\/wp-content\/uploads\/2023\/06\/2-88.jpg\" alt=\"\" width=\"960\" height=\"960\" srcset=\"https:\/\/www.wellongpack.com\/wp-content\/uploads\/2023\/06\/2-88.jpg 960w, https:\/\/www.wellongpack.com\/wp-content\/uploads\/2023\/06\/2-88-430x430.jpg 430w, https:\/\/www.wellongpack.com\/wp-content\/uploads\/2023\/06\/2-88-150x150.jpg 150w, https:\/\/www.wellongpack.com\/wp-content\/uploads\/2023\/06\/2-88-700x700.jpg 700w, https:\/\/www.wellongpack.com\/wp-content\/uploads\/2023\/06\/2-88-300x300.jpg 300w, https:\/\/www.wellongpack.com\/wp-content\/uploads\/2023\/06\/2-88-800x800.jpg 800w, https:\/\/www.wellongpack.com\/wp-content\/uploads\/2023\/06\/2-88-768x768.jpg 768w, https:\/\/www.wellongpack.com\/wp-content\/uploads\/2023\/06\/2-88-860x860.jpg 860w\" sizes=\"auto, (max-width: 960px) 100vw, 960px\" \/> <img loading=\"lazy\" decoding=\"async\" class=\"alignnone size-full wp-image-10351\" src=\"https:\/\/www.wellongpack.com\/wp-content\/uploads\/2023\/06\/3-72.jpg\" alt=\"\" width=\"666\" height=\"666\" srcset=\"https:\/\/www.wellongpack.com\/wp-content\/uploads\/2023\/06\/3-72.jpg 666w, https:\/\/www.wellongpack.com\/wp-content\/uploads\/2023\/06\/3-72-430x430.jpg 430w, https:\/\/www.wellongpack.com\/wp-content\/uploads\/2023\/06\/3-72-150x150.jpg 150w, https:\/\/www.wellongpack.com\/wp-content\/uploads\/2023\/06\/3-72-300x300.jpg 300w\" sizes=\"auto, (max-width: 666px) 100vw, 666px\" \/> <img loading=\"lazy\" decoding=\"async\" class=\"alignnone size-full wp-image-10352\" src=\"https:\/\/www.wellongpack.com\/wp-content\/uploads\/2023\/06\/4-38.jpg\" alt=\"\" width=\"666\" height=\"666\" srcset=\"https:\/\/www.wellongpack.com\/wp-content\/uploads\/2023\/06\/4-38.jpg 666w, https:\/\/www.wellongpack.com\/wp-content\/uploads\/2023\/06\/4-38-430x430.jpg 430w, https:\/\/www.wellongpack.com\/wp-content\/uploads\/2023\/06\/4-38-150x150.jpg 150w, https:\/\/www.wellongpack.com\/wp-content\/uploads\/2023\/06\/4-38-300x300.jpg 300w\" sizes=\"auto, (max-width: 666px) 100vw, 666px\" \/> <img loading=\"lazy\" decoding=\"async\" class=\"alignnone size-full wp-image-10353\" src=\"https:\/\/www.wellongpack.com\/wp-content\/uploads\/2023\/06\/5-20.jpg\" alt=\"\" width=\"800\" height=\"800\" srcset=\"https:\/\/www.wellongpack.com\/wp-content\/uploads\/2023\/06\/5-20.jpg 800w, https:\/\/www.wellongpack.com\/wp-content\/uploads\/2023\/06\/5-20-430x430.jpg 430w, https:\/\/www.wellongpack.com\/wp-content\/uploads\/2023\/06\/5-20-150x150.jpg 150w, https:\/\/www.wellongpack.com\/wp-content\/uploads\/2023\/06\/5-20-700x700.jpg 700w, https:\/\/www.wellongpack.com\/wp-content\/uploads\/2023\/06\/5-20-300x300.jpg 300w, https:\/\/www.wellongpack.com\/wp-content\/uploads\/2023\/06\/5-20-768x768.jpg 768w\" sizes=\"auto, (max-width: 800px) 100vw, 800px\" \/> <img loading=\"lazy\" decoding=\"async\" class=\"alignnone size-full wp-image-10354\" src=\"https:\/\/www.wellongpack.com\/wp-content\/uploads\/2023\/06\/6-11.jpg\" alt=\"\" width=\"800\" height=\"800\" srcset=\"https:\/\/www.wellongpack.com\/wp-content\/uploads\/2023\/06\/6-11.jpg 800w, https:\/\/www.wellongpack.com\/wp-content\/uploads\/2023\/06\/6-11-430x430.jpg 430w, https:\/\/www.wellongpack.com\/wp-content\/uploads\/2023\/06\/6-11-150x150.jpg 150w, https:\/\/www.wellongpack.com\/wp-content\/uploads\/2023\/06\/6-11-700x700.jpg 700w, https:\/\/www.wellongpack.com\/wp-content\/uploads\/2023\/06\/6-11-300x300.jpg 300w, https:\/\/www.wellongpack.com\/wp-content\/uploads\/2023\/06\/6-11-768x768.jpg 768w\" sizes=\"auto, (max-width: 800px) 100vw, 800px\" \/> <img loading=\"lazy\" decoding=\"async\" class=\"alignnone size-full wp-image-10355\" src=\"https:\/\/www.wellongpack.com\/wp-content\/uploads\/2023\/06\/7-3.jpg\" alt=\"\" width=\"800\" height=\"800\" srcset=\"https:\/\/www.wellongpack.com\/wp-content\/uploads\/2023\/06\/7-3.jpg 800w, https:\/\/www.wellongpack.com\/wp-content\/uploads\/2023\/06\/7-3-430x430.jpg 430w, https:\/\/www.wellongpack.com\/wp-content\/uploads\/2023\/06\/7-3-150x150.jpg 150w, https:\/\/www.wellongpack.com\/wp-content\/uploads\/2023\/06\/7-3-700x700.jpg 700w, https:\/\/www.wellongpack.com\/wp-content\/uploads\/2023\/06\/7-3-300x300.jpg 300w, https:\/\/www.wellongpack.com\/wp-content\/uploads\/2023\/06\/7-3-768x768.jpg 768w\" sizes=\"auto, (max-width: 800px) 100vw, 800px\" \/><\/p>","protected":false},"excerpt":{"rendered":"<p>Our cups have everything you want in a paper cup. Not only are they disposable for easy cleanup, leak free<\/p>","protected":false},"featured_media":10349,"comment_status":"open","ping_status":"closed","template":"","meta":[],"product_cat":[108,70,110,109],"product_tag":[],"class_list":["post-10348","product","type-product","status-publish","has-post-thumbnail","hentry","product_cat-cups-and-lids","product_cat-foodservice-packaging","product_cat-paper-cup","product_cat-paper-cup-lids"],"_links":{"self":[{"href":"https:\/\/www.wellongpack.com\/sv\/wp-json\/wp\/v2\/product\/10348","targetHints":{"allow":["GET"]}}],"collection":[{"href":"https:\/\/www.wellongpack.com\/sv\/wp-json\/wp\/v2\/product"}],"about":[{"href":"https:\/\/www.wellongpack.com\/sv\/wp-json\/wp\/v2\/types\/product"}],"replies":[{"embeddable":true,"href":"https:\/\/www.wellongpack.com\/sv\/wp-json\/wp\/v2\/comments?post=10348"}],"version-history":[{"count":2,"href":"https:\/\/www.wellongpack.com\/sv\/wp-json\/wp\/v2\/product\/10348\/revisions"}],"predecessor-version":[{"id":10358,"href":"https:\/\/www.wellongpack.com\/sv\/wp-json\/wp\/v2\/product\/10348\/revisions\/10358"}],"wp:featuredmedia":[{"embeddable":true,"href":"https:\/\/www.wellongpack.com\/sv\/wp-json\/wp\/v2\/media\/10349"}],"wp:attachment":[{"href":"https:\/\/www.wellongpack.com\/sv\/wp-json\/wp\/v2\/media?parent=10348"}],"wp:term":[{"taxonomy":"product_cat","embeddable":true,"href":"https:\/\/www.wellongpack.com\/sv\/wp-json\/wp\/v2\/product_cat?post=10348"},{"taxonomy":"product_tag","embeddable":true,"href":"https:\/\/www.wellongpack.com\/sv\/wp-json\/wp\/v2\/product_tag?post=10348"}],"curies":[{"name":"wp","href":"https:\/\/api.w.org\/{rel}","templated":true}]}}