
{"id":10292,"date":"2023-06-04T17:29:28","date_gmt":"2023-06-04T09:29:28","guid":{"rendered":"http:\/\/75.webs.svipwebs.com\/?post_type=product&#038;p=10292"},"modified":"2023-06-04T17:30:32","modified_gmt":"2023-06-04T09:30:32","slug":"bamboo-paper-cup-2","status":"publish","type":"product","link":"https:\/\/www.wellongpack.com\/sv\/produkt\/bamboo-paper-cup-2\/","title":{"rendered":"Pappersmugg av bambu"},"content":{"rendered":"<p><strong><b>O<\/b><\/strong><strong><b>ur-muggar har allt du vill ha i en pappersmugg. De \u00e4r inte bara eng\u00e5ngsmuggar som \u00e4r l\u00e4tta att reng\u00f6ra, l\u00e4ckagefria i flera timmar, har avsmalnande sidor som g\u00f6r dem l\u00e4tta att h\u00e5lla<\/b><\/strong><strong><b>.<\/b><\/strong><strong><b>V\u00e5ra medf\u00f6ljande lock \u00e4r helt \u00e5tervinningsbara, vilket g\u00f6r detta till ett milj\u00f6v\u00e4nligt alternativ till eng\u00e5ngskaffemuggar. Oavsett om du planerar en skolfestival, kyrktr\u00e4ff eller fest \u00e4r v\u00e5ra muggar som gjorda f\u00f6r det.<\/b><\/strong><\/p>\n<p><img loading=\"lazy\" decoding=\"async\" class=\"alignnone size-full wp-image-10293\" src=\"https:\/\/www.wellongpack.com\/wp-content\/uploads\/2023\/06\/1-82.jpg\" alt=\"\" width=\"750\" height=\"750\" srcset=\"https:\/\/www.wellongpack.com\/wp-content\/uploads\/2023\/06\/1-82.jpg 750w, https:\/\/www.wellongpack.com\/wp-content\/uploads\/2023\/06\/1-82-430x430.jpg 430w, https:\/\/www.wellongpack.com\/wp-content\/uploads\/2023\/06\/1-82-150x150.jpg 150w, https:\/\/www.wellongpack.com\/wp-content\/uploads\/2023\/06\/1-82-700x700.jpg 700w, https:\/\/www.wellongpack.com\/wp-content\/uploads\/2023\/06\/1-82-300x300.jpg 300w\" sizes=\"auto, (max-width: 750px) 100vw, 750px\" \/> <img loading=\"lazy\" decoding=\"async\" class=\"alignnone size-full wp-image-10294\" src=\"https:\/\/www.wellongpack.com\/wp-content\/uploads\/2023\/06\/2-79.jpg\" alt=\"\" width=\"750\" height=\"750\" srcset=\"https:\/\/www.wellongpack.com\/wp-content\/uploads\/2023\/06\/2-79.jpg 750w, https:\/\/www.wellongpack.com\/wp-content\/uploads\/2023\/06\/2-79-430x430.jpg 430w, https:\/\/www.wellongpack.com\/wp-content\/uploads\/2023\/06\/2-79-150x150.jpg 150w, https:\/\/www.wellongpack.com\/wp-content\/uploads\/2023\/06\/2-79-700x700.jpg 700w, https:\/\/www.wellongpack.com\/wp-content\/uploads\/2023\/06\/2-79-300x300.jpg 300w\" sizes=\"auto, (max-width: 750px) 100vw, 750px\" \/> <img loading=\"lazy\" decoding=\"async\" class=\"alignnone size-full wp-image-10295\" src=\"https:\/\/www.wellongpack.com\/wp-content\/uploads\/2023\/06\/3-64.jpg\" alt=\"\" width=\"750\" height=\"750\" srcset=\"https:\/\/www.wellongpack.com\/wp-content\/uploads\/2023\/06\/3-64.jpg 750w, https:\/\/www.wellongpack.com\/wp-content\/uploads\/2023\/06\/3-64-430x430.jpg 430w, https:\/\/www.wellongpack.com\/wp-content\/uploads\/2023\/06\/3-64-150x150.jpg 150w, https:\/\/www.wellongpack.com\/wp-content\/uploads\/2023\/06\/3-64-700x700.jpg 700w, https:\/\/www.wellongpack.com\/wp-content\/uploads\/2023\/06\/3-64-300x300.jpg 300w\" sizes=\"auto, (max-width: 750px) 100vw, 750px\" \/><\/p>","protected":false},"excerpt":{"rendered":"<p>Our cups have everything you want in a paper cup. Not only are they disposable for easy cleanup, leak free<\/p>","protected":false},"featured_media":10293,"comment_status":"open","ping_status":"closed","template":"","meta":[],"product_cat":[108,70,110,109],"product_tag":[],"class_list":["post-10292","product","type-product","status-publish","has-post-thumbnail","hentry","product_cat-cups-and-lids","product_cat-foodservice-packaging","product_cat-paper-cup","product_cat-paper-cup-lids"],"_links":{"self":[{"href":"https:\/\/www.wellongpack.com\/sv\/wp-json\/wp\/v2\/product\/10292","targetHints":{"allow":["GET"]}}],"collection":[{"href":"https:\/\/www.wellongpack.com\/sv\/wp-json\/wp\/v2\/product"}],"about":[{"href":"https:\/\/www.wellongpack.com\/sv\/wp-json\/wp\/v2\/types\/product"}],"replies":[{"embeddable":true,"href":"https:\/\/www.wellongpack.com\/sv\/wp-json\/wp\/v2\/comments?post=10292"}],"version-history":[{"count":1,"href":"https:\/\/www.wellongpack.com\/sv\/wp-json\/wp\/v2\/product\/10292\/revisions"}],"predecessor-version":[{"id":10296,"href":"https:\/\/www.wellongpack.com\/sv\/wp-json\/wp\/v2\/product\/10292\/revisions\/10296"}],"wp:featuredmedia":[{"embeddable":true,"href":"https:\/\/www.wellongpack.com\/sv\/wp-json\/wp\/v2\/media\/10293"}],"wp:attachment":[{"href":"https:\/\/www.wellongpack.com\/sv\/wp-json\/wp\/v2\/media?parent=10292"}],"wp:term":[{"taxonomy":"product_cat","embeddable":true,"href":"https:\/\/www.wellongpack.com\/sv\/wp-json\/wp\/v2\/product_cat?post=10292"},{"taxonomy":"product_tag","embeddable":true,"href":"https:\/\/www.wellongpack.com\/sv\/wp-json\/wp\/v2\/product_tag?post=10292"}],"curies":[{"name":"wp","href":"https:\/\/api.w.org\/{rel}","templated":true}]}}