
{"id":10199,"date":"2023-06-02T23:54:36","date_gmt":"2023-06-02T15:54:36","guid":{"rendered":"http:\/\/75.webs.svipwebs.com\/?post_type=product&#038;p=10199"},"modified":"2025-11-06T06:00:14","modified_gmt":"2025-11-05T22:00:14","slug":"micro-perforated-bags","status":"publish","type":"product","link":"https:\/\/www.wellongpack.com\/sv\/produkt\/mikroperforerade-pasar-2\/","title":{"rendered":"Mikroperforerade p\u00e5sar"},"content":{"rendered":"<p>Mikroperforerade br\u00f6dp\u00e5sar \u00e4r det perfekta valet f\u00f6r hantverksm\u00e4ssigt bakade br\u00f6d. Eller f\u00f6rpacka gr\u00f6nsaker s\u00e5 att de kan andas utan att skadliga \u00e5ngor st\u00e4ngs in.<\/p>\n<ul>\n<li>Mikroperforeringar ventilerar dofter f\u00f6r att locka kunder med den fr\u00e4scha doften av bakat br\u00f6d<\/li>\n<li>\u00d6verfl\u00f6dig fukt sl\u00e4pps ut f\u00f6r att h\u00e5lla br\u00f6det krispigt och produkterna fr\u00e4scha l\u00e4ngre.<\/li>\n<li>Perforeringarna \u00e4r tillr\u00e4ckligt sm\u00e5 f\u00f6r att f\u00f6rhindra att maten blir gammal<\/li>\n<\/ul>\n<p>&nbsp;<\/p>\n<p>&nbsp;<\/p>","protected":false},"excerpt":{"rendered":"<p>Mikroperforerade br\u00f6dp\u00e5sar \u00e4r det perfekta valet f\u00f6r hantverksm\u00e4ssigt bakade br\u00f6d. Eller f\u00f6rpacka gr\u00f6nsaker s\u00e5 att de kan andas utan att beh\u00f6va<\/p>","protected":false},"featured_media":10200,"comment_status":"open","ping_status":"closed","template":"","meta":[],"product_cat":[20,154],"product_tag":[],"class_list":["post-10199","product","type-product","status-publish","has-post-thumbnail","hentry","product_cat-all-products","product_cat-top"],"_links":{"self":[{"href":"https:\/\/www.wellongpack.com\/sv\/wp-json\/wp\/v2\/product\/10199","targetHints":{"allow":["GET"]}}],"collection":[{"href":"https:\/\/www.wellongpack.com\/sv\/wp-json\/wp\/v2\/product"}],"about":[{"href":"https:\/\/www.wellongpack.com\/sv\/wp-json\/wp\/v2\/types\/product"}],"replies":[{"embeddable":true,"href":"https:\/\/www.wellongpack.com\/sv\/wp-json\/wp\/v2\/comments?post=10199"}],"version-history":[{"count":1,"href":"https:\/\/www.wellongpack.com\/sv\/wp-json\/wp\/v2\/product\/10199\/revisions"}],"predecessor-version":[{"id":10202,"href":"https:\/\/www.wellongpack.com\/sv\/wp-json\/wp\/v2\/product\/10199\/revisions\/10202"}],"wp:featuredmedia":[{"embeddable":true,"href":"https:\/\/www.wellongpack.com\/sv\/wp-json\/wp\/v2\/media\/10200"}],"wp:attachment":[{"href":"https:\/\/www.wellongpack.com\/sv\/wp-json\/wp\/v2\/media?parent=10199"}],"wp:term":[{"taxonomy":"product_cat","embeddable":true,"href":"https:\/\/www.wellongpack.com\/sv\/wp-json\/wp\/v2\/product_cat?post=10199"},{"taxonomy":"product_tag","embeddable":true,"href":"https:\/\/www.wellongpack.com\/sv\/wp-json\/wp\/v2\/product_tag?post=10199"}],"curies":[{"name":"wp","href":"https:\/\/api.w.org\/{rel}","templated":true}]}}