
{"id":10193,"date":"2023-06-02T23:53:03","date_gmt":"2023-06-02T15:53:03","guid":{"rendered":"http:\/\/75.webs.svipwebs.com\/?post_type=product&#038;p=10193"},"modified":"2025-11-06T05:58:22","modified_gmt":"2025-11-05T21:58:22","slug":"bamboo-cutlery","status":"publish","type":"product","link":"https:\/\/www.wellongpack.com\/sv\/produkt\/bambu-bestick\/","title":{"rendered":"Bestick av bambu"},"content":{"rendered":"<p>Detta allt-i-ett-set inneh\u00e5ller gaffel, kniv, sked och servett f\u00f6r st\u00f6rsta m\u00f6jliga bekv\u00e4mlighet! Detta set \u00e4r ett perfekt alternativ till traditionella, petroleumbaserade plastredskap och \u00e4r ett utm\u00e4rkt tillskott till alla restauranger, grab-and-go-f\u00f6rs\u00e4ljningsst\u00e4llen, fikarum p\u00e5 kontor eller skolkafeterior!<\/p>","protected":false},"excerpt":{"rendered":"<p>Detta allt-i-ett-set inneh\u00e5ller gaffel, kniv, sked och servett f\u00f6r st\u00f6rsta m\u00f6jliga bekv\u00e4mlighet! Ett perfekt alternativ till traditionell, petroleumbaserad plast<\/p>","protected":false},"featured_media":10194,"comment_status":"open","ping_status":"closed","template":"","meta":[],"product_cat":[20,154],"product_tag":[],"class_list":["post-10193","product","type-product","status-publish","has-post-thumbnail","hentry","product_cat-all-products","product_cat-top"],"_links":{"self":[{"href":"https:\/\/www.wellongpack.com\/sv\/wp-json\/wp\/v2\/product\/10193","targetHints":{"allow":["GET"]}}],"collection":[{"href":"https:\/\/www.wellongpack.com\/sv\/wp-json\/wp\/v2\/product"}],"about":[{"href":"https:\/\/www.wellongpack.com\/sv\/wp-json\/wp\/v2\/types\/product"}],"replies":[{"embeddable":true,"href":"https:\/\/www.wellongpack.com\/sv\/wp-json\/wp\/v2\/comments?post=10193"}],"version-history":[{"count":1,"href":"https:\/\/www.wellongpack.com\/sv\/wp-json\/wp\/v2\/product\/10193\/revisions"}],"predecessor-version":[{"id":10195,"href":"https:\/\/www.wellongpack.com\/sv\/wp-json\/wp\/v2\/product\/10193\/revisions\/10195"}],"wp:featuredmedia":[{"embeddable":true,"href":"https:\/\/www.wellongpack.com\/sv\/wp-json\/wp\/v2\/media\/10194"}],"wp:attachment":[{"href":"https:\/\/www.wellongpack.com\/sv\/wp-json\/wp\/v2\/media?parent=10193"}],"wp:term":[{"taxonomy":"product_cat","embeddable":true,"href":"https:\/\/www.wellongpack.com\/sv\/wp-json\/wp\/v2\/product_cat?post=10193"},{"taxonomy":"product_tag","embeddable":true,"href":"https:\/\/www.wellongpack.com\/sv\/wp-json\/wp\/v2\/product_tag?post=10193"}],"curies":[{"name":"wp","href":"https:\/\/api.w.org\/{rel}","templated":true}]}}