
{"id":10081,"date":"2023-06-01T14:21:44","date_gmt":"2023-06-01T06:21:44","guid":{"rendered":"http:\/\/75.webs.svipwebs.com\/?post_type=product&#038;p=10081"},"modified":"2023-06-01T14:21:44","modified_gmt":"2023-06-01T06:21:44","slug":"pulp-halloween-party-mask","status":"publish","type":"product","link":"https:\/\/www.wellongpack.com\/sv\/produkt\/pulp-halloween-party-mask\/","title":{"rendered":"Pulp Halloween Party Mask"},"content":{"rendered":"<p><strong><b>Denna gjutna massa <\/b><\/strong><strong><b>Halloween-mask<\/b><\/strong><strong><b>\u00a0\u00e4r gjuten av fiber fr\u00e5n sockerr\u00f6rsbagass. Det \u00e4r f\u00f6rnybara resurser med kort tillv\u00e4xtcykel. Materialen och produktionsprocessen \u00e4r milj\u00f6v\u00e4nliga. De f\u00e4rdiga produkterna \u00e4r helt biologiskt nedbrytbara.<\/b><\/strong><\/p>\n<p><img loading=\"lazy\" decoding=\"async\" class=\"alignnone size-full wp-image-10087\" src=\"https:\/\/www.wellongpack.com\/wp-content\/uploads\/2023\/06\/1-63.jpg\" alt=\"\" width=\"750\" height=\"750\" srcset=\"https:\/\/www.wellongpack.com\/wp-content\/uploads\/2023\/06\/1-63.jpg 750w, https:\/\/www.wellongpack.com\/wp-content\/uploads\/2023\/06\/1-63-430x430.jpg 430w, https:\/\/www.wellongpack.com\/wp-content\/uploads\/2023\/06\/1-63-150x150.jpg 150w, https:\/\/www.wellongpack.com\/wp-content\/uploads\/2023\/06\/1-63-700x700.jpg 700w, https:\/\/www.wellongpack.com\/wp-content\/uploads\/2023\/06\/1-63-300x300.jpg 300w\" sizes=\"auto, (max-width: 750px) 100vw, 750px\" \/> <img loading=\"lazy\" decoding=\"async\" class=\"alignnone size-full wp-image-10088\" src=\"https:\/\/www.wellongpack.com\/wp-content\/uploads\/2023\/06\/2-63.jpg\" alt=\"\" width=\"750\" height=\"750\" srcset=\"https:\/\/www.wellongpack.com\/wp-content\/uploads\/2023\/06\/2-63.jpg 750w, https:\/\/www.wellongpack.com\/wp-content\/uploads\/2023\/06\/2-63-430x430.jpg 430w, https:\/\/www.wellongpack.com\/wp-content\/uploads\/2023\/06\/2-63-150x150.jpg 150w, https:\/\/www.wellongpack.com\/wp-content\/uploads\/2023\/06\/2-63-700x700.jpg 700w, https:\/\/www.wellongpack.com\/wp-content\/uploads\/2023\/06\/2-63-300x300.jpg 300w\" sizes=\"auto, (max-width: 750px) 100vw, 750px\" \/> <img loading=\"lazy\" decoding=\"async\" class=\"alignnone size-full wp-image-10089\" src=\"https:\/\/www.wellongpack.com\/wp-content\/uploads\/2023\/06\/3-51.jpg\" alt=\"\" width=\"750\" height=\"750\" srcset=\"https:\/\/www.wellongpack.com\/wp-content\/uploads\/2023\/06\/3-51.jpg 750w, https:\/\/www.wellongpack.com\/wp-content\/uploads\/2023\/06\/3-51-430x430.jpg 430w, https:\/\/www.wellongpack.com\/wp-content\/uploads\/2023\/06\/3-51-150x150.jpg 150w, https:\/\/www.wellongpack.com\/wp-content\/uploads\/2023\/06\/3-51-700x700.jpg 700w, https:\/\/www.wellongpack.com\/wp-content\/uploads\/2023\/06\/3-51-300x300.jpg 300w\" sizes=\"auto, (max-width: 750px) 100vw, 750px\" \/> <img loading=\"lazy\" decoding=\"async\" class=\"alignnone size-full wp-image-10090\" src=\"https:\/\/www.wellongpack.com\/wp-content\/uploads\/2023\/06\/4-27.jpg\" alt=\"\" width=\"750\" height=\"750\" srcset=\"https:\/\/www.wellongpack.com\/wp-content\/uploads\/2023\/06\/4-27.jpg 750w, https:\/\/www.wellongpack.com\/wp-content\/uploads\/2023\/06\/4-27-430x430.jpg 430w, https:\/\/www.wellongpack.com\/wp-content\/uploads\/2023\/06\/4-27-150x150.jpg 150w, https:\/\/www.wellongpack.com\/wp-content\/uploads\/2023\/06\/4-27-700x700.jpg 700w, https:\/\/www.wellongpack.com\/wp-content\/uploads\/2023\/06\/4-27-300x300.jpg 300w\" sizes=\"auto, (max-width: 750px) 100vw, 750px\" \/> <img loading=\"lazy\" decoding=\"async\" class=\"alignnone size-full wp-image-10091\" src=\"https:\/\/www.wellongpack.com\/wp-content\/uploads\/2023\/06\/5-13.jpg\" alt=\"\" width=\"750\" height=\"750\" srcset=\"https:\/\/www.wellongpack.com\/wp-content\/uploads\/2023\/06\/5-13.jpg 750w, https:\/\/www.wellongpack.com\/wp-content\/uploads\/2023\/06\/5-13-430x430.jpg 430w, https:\/\/www.wellongpack.com\/wp-content\/uploads\/2023\/06\/5-13-150x150.jpg 150w, https:\/\/www.wellongpack.com\/wp-content\/uploads\/2023\/06\/5-13-700x700.jpg 700w, https:\/\/www.wellongpack.com\/wp-content\/uploads\/2023\/06\/5-13-300x300.jpg 300w\" sizes=\"auto, (max-width: 750px) 100vw, 750px\" \/><\/p>","protected":false},"excerpt":{"rendered":"<p>This molded pulp Halloween Mask\u00a0is molded from sugarcane bagasse fiber. It is renewable resources with short growth cycle. The materials<\/p>","protected":false},"featured_media":10082,"comment_status":"open","ping_status":"closed","template":"","meta":[],"product_cat":[147,146],"product_tag":[],"class_list":["post-10081","product","type-product","status-publish","has-post-thumbnail","hentry","product_cat-molded-creative-products","product_cat-molded-pulp"],"_links":{"self":[{"href":"https:\/\/www.wellongpack.com\/sv\/wp-json\/wp\/v2\/product\/10081","targetHints":{"allow":["GET"]}}],"collection":[{"href":"https:\/\/www.wellongpack.com\/sv\/wp-json\/wp\/v2\/product"}],"about":[{"href":"https:\/\/www.wellongpack.com\/sv\/wp-json\/wp\/v2\/types\/product"}],"replies":[{"embeddable":true,"href":"https:\/\/www.wellongpack.com\/sv\/wp-json\/wp\/v2\/comments?post=10081"}],"version-history":[{"count":1,"href":"https:\/\/www.wellongpack.com\/sv\/wp-json\/wp\/v2\/product\/10081\/revisions"}],"predecessor-version":[{"id":10092,"href":"https:\/\/www.wellongpack.com\/sv\/wp-json\/wp\/v2\/product\/10081\/revisions\/10092"}],"wp:featuredmedia":[{"embeddable":true,"href":"https:\/\/www.wellongpack.com\/sv\/wp-json\/wp\/v2\/media\/10082"}],"wp:attachment":[{"href":"https:\/\/www.wellongpack.com\/sv\/wp-json\/wp\/v2\/media?parent=10081"}],"wp:term":[{"taxonomy":"product_cat","embeddable":true,"href":"https:\/\/www.wellongpack.com\/sv\/wp-json\/wp\/v2\/product_cat?post=10081"},{"taxonomy":"product_tag","embeddable":true,"href":"https:\/\/www.wellongpack.com\/sv\/wp-json\/wp\/v2\/product_tag?post=10081"}],"curies":[{"name":"wp","href":"https:\/\/api.w.org\/{rel}","templated":true}]}}