
{"id":10032,"date":"2023-06-01T13:51:07","date_gmt":"2023-06-01T05:51:07","guid":{"rendered":"http:\/\/75.webs.svipwebs.com\/?post_type=product&#038;p=10032"},"modified":"2023-06-01T13:51:08","modified_gmt":"2023-06-01T05:51:08","slug":"wood-coffee-stirrer","status":"publish","type":"product","link":"https:\/\/www.wellongpack.com\/sv\/produkt\/kaffebrannare-av-tra\/","title":{"rendered":"Kaffer\u00f6rare i tr\u00e4"},"content":{"rendered":"<p>Dessa milj\u00f6v\u00e4nliga Wood-omr\u00f6rare \u00e4r det perfekta, h\u00f6gkvalitativa alternativet f\u00f6r ditt kaf\u00e9, din n\u00e4rbutik, din kiosk eller ditt v\u00e4ntrum.<\/p>\n<p><img loading=\"lazy\" decoding=\"async\" class=\"alignnone size-full wp-image-10033\" src=\"https:\/\/www.wellongpack.com\/wp-content\/uploads\/2023\/06\/1-54.jpg\" alt=\"\" width=\"350\" height=\"350\" srcset=\"https:\/\/www.wellongpack.com\/wp-content\/uploads\/2023\/06\/1-54.jpg 350w, https:\/\/www.wellongpack.com\/wp-content\/uploads\/2023\/06\/1-54-150x150.jpg 150w, https:\/\/www.wellongpack.com\/wp-content\/uploads\/2023\/06\/1-54-300x300.jpg 300w\" sizes=\"auto, (max-width: 350px) 100vw, 350px\" \/> <img loading=\"lazy\" decoding=\"async\" class=\"alignnone size-full wp-image-10034\" src=\"https:\/\/www.wellongpack.com\/wp-content\/uploads\/2023\/06\/2.png\" alt=\"\" width=\"445\" height=\"460\" srcset=\"https:\/\/www.wellongpack.com\/wp-content\/uploads\/2023\/06\/2.png 445w, https:\/\/www.wellongpack.com\/wp-content\/uploads\/2023\/06\/2-430x444.png 430w, https:\/\/www.wellongpack.com\/wp-content\/uploads\/2023\/06\/2-150x155.png 150w, https:\/\/www.wellongpack.com\/wp-content\/uploads\/2023\/06\/2-290x300.png 290w\" sizes=\"auto, (max-width: 445px) 100vw, 445px\" \/> <img loading=\"lazy\" decoding=\"async\" class=\"alignnone size-full wp-image-10035\" src=\"https:\/\/www.wellongpack.com\/wp-content\/uploads\/2023\/06\/3.png\" alt=\"\" width=\"535\" height=\"533\" srcset=\"https:\/\/www.wellongpack.com\/wp-content\/uploads\/2023\/06\/3.png 535w, https:\/\/www.wellongpack.com\/wp-content\/uploads\/2023\/06\/3-430x428.png 430w, https:\/\/www.wellongpack.com\/wp-content\/uploads\/2023\/06\/3-150x150.png 150w, https:\/\/www.wellongpack.com\/wp-content\/uploads\/2023\/06\/3-301x300.png 301w\" sizes=\"auto, (max-width: 535px) 100vw, 535px\" \/><\/p>","protected":false},"excerpt":{"rendered":"<p>Dessa milj\u00f6v\u00e4nliga Wood-omr\u00f6rare \u00e4r det perfekta, h\u00f6gkvalitativa alternativet f\u00f6r ditt kaf\u00e9, din n\u00e4rbutik, din kiosk eller ditt v\u00e4ntrum.<\/p>","protected":false},"featured_media":10033,"comment_status":"open","ping_status":"closed","template":"","meta":[],"product_cat":[124,144],"product_tag":[],"class_list":["post-10032","product","type-product","status-publish","has-post-thumbnail","hentry","product_cat-sustainability-packaging","product_cat-wooden-tableware"],"_links":{"self":[{"href":"https:\/\/www.wellongpack.com\/sv\/wp-json\/wp\/v2\/product\/10032","targetHints":{"allow":["GET"]}}],"collection":[{"href":"https:\/\/www.wellongpack.com\/sv\/wp-json\/wp\/v2\/product"}],"about":[{"href":"https:\/\/www.wellongpack.com\/sv\/wp-json\/wp\/v2\/types\/product"}],"replies":[{"embeddable":true,"href":"https:\/\/www.wellongpack.com\/sv\/wp-json\/wp\/v2\/comments?post=10032"}],"version-history":[{"count":1,"href":"https:\/\/www.wellongpack.com\/sv\/wp-json\/wp\/v2\/product\/10032\/revisions"}],"predecessor-version":[{"id":10036,"href":"https:\/\/www.wellongpack.com\/sv\/wp-json\/wp\/v2\/product\/10032\/revisions\/10036"}],"wp:featuredmedia":[{"embeddable":true,"href":"https:\/\/www.wellongpack.com\/sv\/wp-json\/wp\/v2\/media\/10033"}],"wp:attachment":[{"href":"https:\/\/www.wellongpack.com\/sv\/wp-json\/wp\/v2\/media?parent=10032"}],"wp:term":[{"taxonomy":"product_cat","embeddable":true,"href":"https:\/\/www.wellongpack.com\/sv\/wp-json\/wp\/v2\/product_cat?post=10032"},{"taxonomy":"product_tag","embeddable":true,"href":"https:\/\/www.wellongpack.com\/sv\/wp-json\/wp\/v2\/product_tag?post=10032"}],"curies":[{"name":"wp","href":"https:\/\/api.w.org\/{rel}","templated":true}]}}