
{"id":4400,"date":"2021-10-12T15:51:09","date_gmt":"2021-10-12T15:51:09","guid":{"rendered":"http:\/\/dummy.xtemos.com\/woodmart2\/elementor\/?page_id=4400"},"modified":"2023-06-12T09:49:17","modified_gmt":"2023-06-12T01:49:17","slug":"about-us-3","status":"publish","type":"page","link":"https:\/\/www.wellongpack.com\/sv\/om-oss-3\/","title":{"rendered":"Om oss"},"content":{"rendered":"<div data-elementor-type=\"wp-page\" data-elementor-id=\"4400\" class=\"elementor elementor-4400\">\n\t\t\t\t\t\t\t\t\t<section class=\"wd-negative-gap elementor-section elementor-top-section elementor-element elementor-element-30f4b337 elementor-section-content-middle wd-section-stretch elementor-section-height-min-height elementor-section-boxed elementor-section-height-default elementor-section-items-middle\" data-id=\"30f4b337\" data-element_type=\"section\" data-settings=\"{&quot;background_background&quot;:&quot;classic&quot;}\">\n\t\t\t\t\t\t<div class=\"elementor-container elementor-column-gap-no\">\n\t\t\t\t\t<div class=\"elementor-column elementor-col-100 elementor-top-column elementor-element elementor-element-709130a2\" data-id=\"709130a2\" data-element_type=\"column\">\n\t\t\t<div class=\"elementor-widget-wrap elementor-element-populated\">\n\t\t\t\t\t\t\t\t<div class=\"elementor-element elementor-element-de6816b elementor-widget__width-initial animated-slow elementor-invisible elementor-widget elementor-widget-wd_title\" data-id=\"de6816b\" data-element_type=\"widget\" data-settings=\"{&quot;_animation&quot;:&quot;fadeInUp&quot;}\" data-widget_type=\"wd_title.default\">\n\t\t\t\t<div class=\"elementor-widget-container\">\n\t\t\t\t\t<div class=\"title-wrapper set-mb-s reset-last-child wd-title-color-primary wd-title-style-default wd-title-size-large text-left\">\n\n\t\t\t\n\t\t\t<div class=\"liner-continer\">\n\t\t\t\t<h4 class=\"woodmart-title-container title wd-fontsize-xxl\">Om oss<\/h4> \n\t\t\t\t\t\t\t<\/div>\n\n\t\t\t\t\t\t\t<div class=\"title-after_title set-cont-mb-s reset-last-child wd-fontsize-s\">\n\t\t\t\t\t<p>Vi skapar innovativa produkter, en inkluderande kultur och v\u00e4rde f\u00f6r alla v\u00e5ra intressenter.<\/p>\t\t\t\t<\/div>\n\t\t\t\t\t<\/div>\n\t\t\t\t<\/div>\n\t\t\t\t<\/div>\n\t\t\t\t\t<\/div>\n\t\t<\/div>\n\t\t\t\t\t\t\t<\/div>\n\t\t<\/section>\n\t\t\t\t<section class=\"wd-negative-gap elementor-section elementor-top-section elementor-element elementor-element-1132169 elementor-reverse-tablet elementor-reverse-mobile animated-slow elementor-section-boxed elementor-section-height-default elementor-section-height-default wd-section-disabled elementor-invisible\" data-id=\"1132169\" data-element_type=\"section\" data-settings=\"{&quot;animation&quot;:&quot;fadeInUp&quot;}\">\n\t\t\t\t\t\t<div class=\"elementor-container elementor-column-gap-default\">\n\t\t\t\t\t<div class=\"elementor-column elementor-col-50 elementor-top-column elementor-element elementor-element-0d7fd7a\" data-id=\"0d7fd7a\" data-element_type=\"column\">\n\t\t\t<div class=\"elementor-widget-wrap elementor-element-populated\">\n\t\t\t\t\t\t\t\t<div class=\"elementor-element elementor-element-476284b elementor-widget elementor-widget-image\" data-id=\"476284b\" data-element_type=\"widget\" data-widget_type=\"image.default\">\n\t\t\t\t<div class=\"elementor-widget-container\">\n\t\t\t<style>\/*! elementor - v3.13.1 - 09-05-2023 *\/\n.elementor-widget-image{text-align:center}.elementor-widget-image a{display:inline-block}.elementor-widget-image a img[src$=\".svg\"]{width:48px}.elementor-widget-image img{vertical-align:middle;display:inline-block}<\/style>\t\t\t\t\t\t\t\t\t\t\t\t<img loading=\"lazy\" decoding=\"async\" width=\"800\" height=\"533\" src=\"https:\/\/www.wellongpack.com\/wp-content\/uploads\/2023\/06\/Who-we-are.jpg\" class=\"attachment-large size-large wp-image-10384\" alt=\"\" srcset=\"https:\/\/www.wellongpack.com\/wp-content\/uploads\/2023\/06\/Who-we-are.jpg 800w, https:\/\/www.wellongpack.com\/wp-content\/uploads\/2023\/06\/Who-we-are-430x286.jpg 430w, https:\/\/www.wellongpack.com\/wp-content\/uploads\/2023\/06\/Who-we-are-150x100.jpg 150w, https:\/\/www.wellongpack.com\/wp-content\/uploads\/2023\/06\/Who-we-are-700x466.jpg 700w, https:\/\/www.wellongpack.com\/wp-content\/uploads\/2023\/06\/Who-we-are-400x267.jpg 400w, https:\/\/www.wellongpack.com\/wp-content\/uploads\/2023\/06\/Who-we-are-768x512.jpg 768w\" sizes=\"auto, (max-width: 800px) 100vw, 800px\" \/>\t\t\t\t\t\t\t\t\t\t\t\t\t\t\t<\/div>\n\t\t\t\t<\/div>\n\t\t\t\t\t<\/div>\n\t\t<\/div>\n\t\t\t\t<div class=\"elementor-column elementor-col-50 elementor-top-column elementor-element elementor-element-c758031\" data-id=\"c758031\" data-element_type=\"column\">\n\t\t\t<div class=\"elementor-widget-wrap elementor-element-populated\">\n\t\t\t\t\t\t\t\t<div class=\"elementor-element elementor-element-251ed94 elementor-widget elementor-widget-wd_title\" data-id=\"251ed94\" data-element_type=\"widget\" data-widget_type=\"wd_title.default\">\n\t\t\t\t<div class=\"elementor-widget-container\">\n\t\t\t\t\t<div class=\"title-wrapper set-mb-s reset-last-child wd-title-color-primary wd-title-style-default wd-title-size-large text-center\">\n\n\t\t\t\n\t\t\t<div class=\"liner-continer\">\n\t\t\t\t<h4 class=\"woodmart-title-container title wd-fontsize-xxl\">Vilka vi \u00e4r<\/h4> \n\t\t\t\t\t\t\t<\/div>\n\n\t\t\t\t\t<\/div>\n\t\t\t\t<\/div>\n\t\t\t\t<\/div>\n\t\t\t\t<div class=\"elementor-element elementor-element-7beec53 elementor-widget elementor-widget-wd_text_block\" data-id=\"7beec53\" data-element_type=\"widget\" data-widget_type=\"wd_text_block.default\">\n\t\t\t\t<div class=\"elementor-widget-container\">\n\t\t\t\t\t<div class=\"wd-text-block reset-last-child text-left\">\n\t\t\t\n\t\t\t<p>WELLONG \u00e4r ledande inom f\u00f6rpackningsinnovation och h\u00e5llbarhet. Vi tillverkar produkter av papper, plast och komposterbara material f\u00f6r livsmedelsf\u00f6rpackningar, take-out och industriella marknader.  L\u00f6sningar s\u00f6ks i lagarbete, f\u00f6r att hj\u00e4lpa varandra att bli framg\u00e5ngsrika, med respekt, integritet och \u00e4rlighet.<\/p><p>WELLONGs styrka ligger i att l\u00f6sa kundernas f\u00f6rpackningsproblem. Kunskap, erfarenhet och kreativitet \u00e4r grunden f\u00f6r att utveckla dessa f\u00f6rpackningsl\u00f6sningar.<\/p><p>Med tanke p\u00e5 framtiden anser vi att det \u00e4r viktigt att ett f\u00f6retag som WELLONG kontinuerligt \u00e4r involverat i innovation av f\u00f6rpackningsmaterial och de krav som st\u00e4lls p\u00e5 dessa material, avsedda f\u00f6r f\u00e4rsk frukt och gr\u00f6nsaker eller f\u00f6r andra livsmedelsrelaterade produkter, samt den n\u00f6dv\u00e4ndiga uppm\u00e4rksamheten f\u00f6r de p\u00e5g\u00e5ende h\u00e5llbarhetskrav som st\u00e4lls p\u00e5 v\u00e5r sektor.<\/p>\n\t\t\t\t\t<\/div>\n\t\t\t\t<\/div>\n\t\t\t\t<\/div>\n\t\t\t\t<div class=\"elementor-element elementor-element-3cb75cc elementor-widget elementor-widget-wd_button\" data-id=\"3cb75cc\" data-element_type=\"widget\" data-widget_type=\"wd_button.default\">\n\t\t\t\t<div class=\"elementor-widget-container\">\n\t\t\t\t\t<div class=\"wd-button-wrapper text-left\" >\n\t\t\t<a class=\"btn btn-style-link btn-style- btn-size-default btn-color-default btn-icon-pos-right\"  href=\"#\">\n\t\t\t\t<span class=\"wd-btn-text\" data-elementor-setting-key=\"text\">\n\t\t\t\t\tL\u00e4s mer\t\t\t\t<\/span>\n\n\t\t\t\t\t\t\t\t\t<span class=\"wd-btn-icon\">\n\t\t\t\t\t\t<span class=\"wd-icon fas fa-chevron-right\"><\/span>\t\t\t\t\t<\/span>\n\t\t\t\t\t\t\t<\/a>\n\t\t<\/div>\n\t\t\t\t<\/div>\n\t\t\t\t<\/div>\n\t\t\t\t\t<\/div>\n\t\t<\/div>\n\t\t\t\t\t\t\t<\/div>\n\t\t<\/section>\n\t\t\t\t<section class=\"wd-negative-gap elementor-section elementor-top-section elementor-element elementor-element-7461914 elementor-reverse-tablet elementor-reverse-mobile animated-slow elementor-section-boxed elementor-section-height-default elementor-section-height-default wd-section-disabled elementor-invisible\" data-id=\"7461914\" data-element_type=\"section\" data-settings=\"{&quot;animation&quot;:&quot;fadeInUp&quot;}\">\n\t\t\t\t\t\t<div class=\"elementor-container elementor-column-gap-default\">\n\t\t\t\t\t<div class=\"elementor-column elementor-col-50 elementor-top-column elementor-element elementor-element-28018d6\" data-id=\"28018d6\" data-element_type=\"column\">\n\t\t\t<div class=\"elementor-widget-wrap elementor-element-populated\">\n\t\t\t\t\t\t\t\t<div class=\"elementor-element elementor-element-1874f28 elementor-widget elementor-widget-wd_title\" data-id=\"1874f28\" data-element_type=\"widget\" data-widget_type=\"wd_title.default\">\n\t\t\t\t<div class=\"elementor-widget-container\">\n\t\t\t\t\t<div class=\"title-wrapper set-mb-s reset-last-child wd-title-color-primary wd-title-style-default wd-title-size-large text-center\">\n\n\t\t\t\n\t\t\t<div class=\"liner-continer\">\n\t\t\t\t<h4 class=\"woodmart-title-container title wd-fontsize-xxl\">Kapacitet<\/h4> \n\t\t\t\t\t\t\t<\/div>\n\n\t\t\t\t\t<\/div>\n\t\t\t\t<\/div>\n\t\t\t\t<\/div>\n\t\t\t\t<div class=\"elementor-element elementor-element-9e90595 elementor-widget elementor-widget-wd_text_block\" data-id=\"9e90595\" data-element_type=\"widget\" data-widget_type=\"wd_text_block.default\">\n\t\t\t\t<div class=\"elementor-widget-container\">\n\t\t\t\t\t<div class=\"wd-text-block reset-last-child text-left\">\n\t\t\t\n\t\t\t<p><span class=\"s2\">Wellong F\u00f6rpackningar<\/span><span class=\"s2\"> har en l\u00e5ng historia av <\/span><span class=\"s2\">export<\/span><span class=\"s2\"> stel, flexibel <\/span><span class=\"s2\">,Bagass och papper <\/span><span class=\"s2\">produkter till v\u00e5ra kunder runt om i v\u00e4rlden.\u00a0<\/span><span class=\"s2\">V\u00e5ra produkter har \u00f6verl\u00e4gsen prestanda, \u00e4r praktiska och bidrar till livsmedelss\u00e4kerhet och hygien. <\/span><span class=\"s2\">allt handlar om samarbete och personliga relationer, internt och externt.<\/span><\/p>\n\t\t\t\t\t<\/div>\n\t\t\t\t<\/div>\n\t\t\t\t<\/div>\n\t\t\t\t<div class=\"elementor-element elementor-element-5d9f7db elementor-widget elementor-widget-wd_button\" data-id=\"5d9f7db\" data-element_type=\"widget\" data-widget_type=\"wd_button.default\">\n\t\t\t\t<div class=\"elementor-widget-container\">\n\t\t\t\t\t<div class=\"wd-button-wrapper text-left\" >\n\t\t\t<a class=\"btn btn-style-link btn-style- btn-size-default btn-color-default btn-icon-pos-right\"  href=\"#\">\n\t\t\t\t<span class=\"wd-btn-text\" data-elementor-setting-key=\"text\">\n\t\t\t\t\tL\u00e4s mer\t\t\t\t<\/span>\n\n\t\t\t\t\t\t\t\t\t<span class=\"wd-btn-icon\">\n\t\t\t\t\t\t<span class=\"wd-icon fas fa-chevron-right\"><\/span>\t\t\t\t\t<\/span>\n\t\t\t\t\t\t\t<\/a>\n\t\t<\/div>\n\t\t\t\t<\/div>\n\t\t\t\t<\/div>\n\t\t\t\t\t<\/div>\n\t\t<\/div>\n\t\t\t\t<div class=\"elementor-column elementor-col-50 elementor-top-column elementor-element elementor-element-049ddf8\" data-id=\"049ddf8\" data-element_type=\"column\">\n\t\t\t<div class=\"elementor-widget-wrap elementor-element-populated\">\n\t\t\t\t\t\t\t\t<div class=\"elementor-element elementor-element-2a6394e elementor-widget elementor-widget-image\" data-id=\"2a6394e\" data-element_type=\"widget\" data-widget_type=\"image.default\">\n\t\t\t\t<div class=\"elementor-widget-container\">\n\t\t\t\t\t\t\t\t\t\t\t\t\t\t\t<img loading=\"lazy\" decoding=\"async\" width=\"400\" height=\"500\" src=\"https:\/\/www.wellongpack.com\/wp-content\/uploads\/2023\/05\/IMG_8986.jpg\" class=\"attachment-large size-large wp-image-8567\" alt=\"\" srcset=\"https:\/\/www.wellongpack.com\/wp-content\/uploads\/2023\/05\/IMG_8986.jpg 400w, https:\/\/www.wellongpack.com\/wp-content\/uploads\/2023\/05\/IMG_8986-150x188.jpg 150w, https:\/\/www.wellongpack.com\/wp-content\/uploads\/2023\/05\/IMG_8986-240x300.jpg 240w\" sizes=\"auto, (max-width: 400px) 100vw, 400px\" \/>\t\t\t\t\t\t\t\t\t\t\t\t\t\t\t<\/div>\n\t\t\t\t<\/div>\n\t\t\t\t\t<\/div>\n\t\t<\/div>\n\t\t\t\t\t\t\t<\/div>\n\t\t<\/section>\n\t\t\t\t<section class=\"wd-negative-gap elementor-section elementor-top-section elementor-element elementor-element-12b6e91 elementor-reverse-tablet elementor-reverse-mobile animated-slow elementor-section-boxed elementor-section-height-default elementor-section-height-default wd-section-disabled elementor-invisible\" data-id=\"12b6e91\" data-element_type=\"section\" data-settings=\"{&quot;animation&quot;:&quot;fadeInUp&quot;}\">\n\t\t\t\t\t\t<div class=\"elementor-container elementor-column-gap-default\">\n\t\t\t\t\t<div class=\"elementor-column elementor-col-50 elementor-top-column elementor-element elementor-element-9364d66\" data-id=\"9364d66\" data-element_type=\"column\">\n\t\t\t<div class=\"elementor-widget-wrap elementor-element-populated\">\n\t\t\t\t\t\t\t\t<div class=\"elementor-element elementor-element-a7fa544 elementor-widget elementor-widget-image\" data-id=\"a7fa544\" data-element_type=\"widget\" data-widget_type=\"image.default\">\n\t\t\t\t<div class=\"elementor-widget-container\">\n\t\t\t\t\t\t\t\t\t\t\t\t\t\t\t<img loading=\"lazy\" decoding=\"async\" width=\"784\" height=\"800\" src=\"https:\/\/www.wellongpack.com\/wp-content\/uploads\/2023\/06\/Our-Sustainability-Strategy-784x800.jpg\" class=\"attachment-large size-large wp-image-10380\" alt=\"\" srcset=\"https:\/\/www.wellongpack.com\/wp-content\/uploads\/2023\/06\/Our-Sustainability-Strategy-784x800.jpg 784w, https:\/\/www.wellongpack.com\/wp-content\/uploads\/2023\/06\/Our-Sustainability-Strategy-430x439.jpg 430w, https:\/\/www.wellongpack.com\/wp-content\/uploads\/2023\/06\/Our-Sustainability-Strategy-150x153.jpg 150w, https:\/\/www.wellongpack.com\/wp-content\/uploads\/2023\/06\/Our-Sustainability-Strategy-700x714.jpg 700w, https:\/\/www.wellongpack.com\/wp-content\/uploads\/2023\/06\/Our-Sustainability-Strategy-294x300.jpg 294w, https:\/\/www.wellongpack.com\/wp-content\/uploads\/2023\/06\/Our-Sustainability-Strategy-768x784.jpg 768w, https:\/\/www.wellongpack.com\/wp-content\/uploads\/2023\/06\/Our-Sustainability-Strategy-860x878.jpg 860w, https:\/\/www.wellongpack.com\/wp-content\/uploads\/2023\/06\/Our-Sustainability-Strategy.jpg 1374w\" sizes=\"auto, (max-width: 784px) 100vw, 784px\" \/>\t\t\t\t\t\t\t\t\t\t\t\t\t\t\t<\/div>\n\t\t\t\t<\/div>\n\t\t\t\t\t<\/div>\n\t\t<\/div>\n\t\t\t\t<div class=\"elementor-column elementor-col-50 elementor-top-column elementor-element elementor-element-0de22c7\" data-id=\"0de22c7\" data-element_type=\"column\">\n\t\t\t<div class=\"elementor-widget-wrap elementor-element-populated\">\n\t\t\t\t\t\t\t\t<div class=\"elementor-element elementor-element-28637b0 elementor-widget elementor-widget-wd_title\" data-id=\"28637b0\" data-element_type=\"widget\" data-widget_type=\"wd_title.default\">\n\t\t\t\t<div class=\"elementor-widget-container\">\n\t\t\t\t\t<div class=\"title-wrapper set-mb-s reset-last-child wd-title-color-primary wd-title-style-default wd-title-size-large text-center\">\n\n\t\t\t\n\t\t\t<div class=\"liner-continer\">\n\t\t\t\t<h4 class=\"woodmart-title-container title wd-fontsize-xxl\">V\u00e5r h\u00e5llbarhetsstrategi<br \/>\n<\/h4> \n\t\t\t\t\t\t\t<\/div>\n\n\t\t\t\t\t<\/div>\n\t\t\t\t<\/div>\n\t\t\t\t<\/div>\n\t\t\t\t<div class=\"elementor-element elementor-element-db3a67f elementor-widget elementor-widget-wd_text_block\" data-id=\"db3a67f\" data-element_type=\"widget\" data-widget_type=\"wd_text_block.default\">\n\t\t\t\t<div class=\"elementor-widget-container\">\n\t\t\t\t\t<div class=\"wd-text-block reset-last-child text-left\">\n\t\t\t\n\t\t\tV\u00e5rt engagemang f\u00f6r h\u00e5llbarhet omfattar omsorg om v\u00e5r milj\u00f6, men ocks\u00e5 om m\u00e4nniskor och deras allm\u00e4nna v\u00e4lbefinnande. Genom v\u00e5ra \u00e5taganden i Impact 2025 lovar vi att g\u00f6ra f\u00f6rb\u00e4ttringar idag f\u00f6r att f\u00f6rb\u00e4ttra v\u00e4rlden f\u00f6r morgondagen. \n\t\t\t\t\t<\/div>\n\t\t\t\t<\/div>\n\t\t\t\t<\/div>\n\t\t\t\t<div class=\"elementor-element elementor-element-7891451 elementor-widget elementor-widget-wd_button\" data-id=\"7891451\" data-element_type=\"widget\" data-widget_type=\"wd_button.default\">\n\t\t\t\t<div class=\"elementor-widget-container\">\n\t\t\t\t\t<div class=\"wd-button-wrapper text-left\" >\n\t\t\t<a class=\"btn btn-style-link btn-style- btn-size-default btn-color-default btn-icon-pos-right\"  href=\"#\">\n\t\t\t\t<span class=\"wd-btn-text\" data-elementor-setting-key=\"text\">\n\t\t\t\t\tL\u00e4s mer\t\t\t\t<\/span>\n\n\t\t\t\t\t\t\t\t\t<span class=\"wd-btn-icon\">\n\t\t\t\t\t\t<span class=\"wd-icon fas fa-chevron-right\"><\/span>\t\t\t\t\t<\/span>\n\t\t\t\t\t\t\t<\/a>\n\t\t<\/div>\n\t\t\t\t<\/div>\n\t\t\t\t<\/div>\n\t\t\t\t\t<\/div>\n\t\t<\/div>\n\t\t\t\t\t\t\t<\/div>\n\t\t<\/section>\n\t\t\t\t<section class=\"wd-negative-gap elementor-section elementor-top-section elementor-element elementor-element-84d7c35 elementor-reverse-tablet elementor-reverse-mobile animated-slow elementor-section-boxed elementor-section-height-default elementor-section-height-default wd-section-disabled elementor-invisible\" data-id=\"84d7c35\" data-element_type=\"section\" data-settings=\"{&quot;animation&quot;:&quot;fadeInUp&quot;}\">\n\t\t\t\t\t\t<div class=\"elementor-container elementor-column-gap-default\">\n\t\t\t\t\t<div class=\"elementor-column elementor-col-50 elementor-top-column elementor-element elementor-element-acd2e4f\" data-id=\"acd2e4f\" data-element_type=\"column\">\n\t\t\t<div class=\"elementor-widget-wrap elementor-element-populated\">\n\t\t\t\t\t\t\t\t<div class=\"elementor-element elementor-element-7de110a elementor-widget elementor-widget-wd_title\" data-id=\"7de110a\" data-element_type=\"widget\" data-widget_type=\"wd_title.default\">\n\t\t\t\t<div class=\"elementor-widget-container\">\n\t\t\t\t\t<div class=\"title-wrapper set-mb-s reset-last-child wd-title-color-primary wd-title-style-default wd-title-size-large text-center\">\n\n\t\t\t\n\t\t\t<div class=\"liner-continer\">\n\t\t\t\t<h4 class=\"woodmart-title-container title wd-fontsize-xxl\">Innovation<br \/>\n<\/h4> \n\t\t\t\t\t\t\t<\/div>\n\n\t\t\t\t\t<\/div>\n\t\t\t\t<\/div>\n\t\t\t\t<\/div>\n\t\t\t\t<div class=\"elementor-element elementor-element-8c4236b elementor-widget elementor-widget-wd_text_block\" data-id=\"8c4236b\" data-element_type=\"widget\" data-widget_type=\"wd_text_block.default\">\n\t\t\t\t<div class=\"elementor-widget-container\">\n\t\t\t\t\t<div class=\"wd-text-block reset-last-child text-left\">\n\t\t\t\n\t\t\t<p>Valet av f\u00f6rpackningar har en direkt inverkan p\u00e5 hur h\u00e5llbar din produkt och ditt varum\u00e4rke \u00e4r. Det kan vara sv\u00e5rt att f\u00f6rst\u00e5 de ofta osynliga effekterna av dina f\u00f6rpackningar. Vi tar v\u00e5ra kunders behov p\u00e5 allvar och v\u00e5ra tv\u00e4rfunktionella team utnyttjar v\u00e5r dedikerade innovationsprocess f\u00f6r att identifiera vilka potentiella l\u00f6sningar som uppfyller v\u00e5ra kunders framg\u00e5ngskriterier.<\/p>\n\t\t\t\t\t<\/div>\n\t\t\t\t<\/div>\n\t\t\t\t<\/div>\n\t\t\t\t<div class=\"elementor-element elementor-element-3820e99 elementor-widget elementor-widget-wd_button\" data-id=\"3820e99\" data-element_type=\"widget\" data-widget_type=\"wd_button.default\">\n\t\t\t\t<div class=\"elementor-widget-container\">\n\t\t\t\t\t<div class=\"wd-button-wrapper text-left\" >\n\t\t\t<a class=\"btn btn-style-link btn-style- btn-size-default btn-color-default btn-icon-pos-right\"  href=\"#\">\n\t\t\t\t<span class=\"wd-btn-text\" data-elementor-setting-key=\"text\">\n\t\t\t\t\tL\u00e4s mer\t\t\t\t<\/span>\n\n\t\t\t\t\t\t\t\t\t<span class=\"wd-btn-icon\">\n\t\t\t\t\t\t<span class=\"wd-icon fas fa-chevron-right\"><\/span>\t\t\t\t\t<\/span>\n\t\t\t\t\t\t\t<\/a>\n\t\t<\/div>\n\t\t\t\t<\/div>\n\t\t\t\t<\/div>\n\t\t\t\t\t<\/div>\n\t\t<\/div>\n\t\t\t\t<div class=\"elementor-column elementor-col-50 elementor-top-column elementor-element elementor-element-ff96409\" data-id=\"ff96409\" data-element_type=\"column\">\n\t\t\t<div class=\"elementor-widget-wrap elementor-element-populated\">\n\t\t\t\t\t\t\t\t<div class=\"elementor-element elementor-element-cbd5881 elementor-widget elementor-widget-image\" data-id=\"cbd5881\" data-element_type=\"widget\" data-widget_type=\"image.default\">\n\t\t\t\t<div class=\"elementor-widget-container\">\n\t\t\t\t\t\t\t\t\t\t\t\t\t\t\t<img loading=\"lazy\" decoding=\"async\" width=\"1024\" height=\"768\" src=\"https:\/\/www.wellongpack.com\/wp-content\/uploads\/2023\/06\/Innovation.jpg\" class=\"attachment-large size-large wp-image-10381\" alt=\"\" srcset=\"https:\/\/www.wellongpack.com\/wp-content\/uploads\/2023\/06\/Innovation.jpg 1024w, https:\/\/www.wellongpack.com\/wp-content\/uploads\/2023\/06\/Innovation-430x323.jpg 430w, https:\/\/www.wellongpack.com\/wp-content\/uploads\/2023\/06\/Innovation-150x113.jpg 150w, https:\/\/www.wellongpack.com\/wp-content\/uploads\/2023\/06\/Innovation-700x525.jpg 700w, https:\/\/www.wellongpack.com\/wp-content\/uploads\/2023\/06\/Innovation-400x300.jpg 400w, https:\/\/www.wellongpack.com\/wp-content\/uploads\/2023\/06\/Innovation-768x576.jpg 768w, https:\/\/www.wellongpack.com\/wp-content\/uploads\/2023\/06\/Innovation-860x645.jpg 860w\" sizes=\"auto, (max-width: 1024px) 100vw, 1024px\" \/>\t\t\t\t\t\t\t\t\t\t\t\t\t\t\t<\/div>\n\t\t\t\t<\/div>\n\t\t\t\t\t<\/div>\n\t\t<\/div>\n\t\t\t\t\t\t\t<\/div>\n\t\t<\/section>\n\t\t\t\t<section class=\"wd-negative-gap elementor-section elementor-top-section elementor-element elementor-element-e5b50fd elementor-reverse-tablet elementor-reverse-mobile animated-slow elementor-section-boxed elementor-section-height-default elementor-section-height-default wd-section-disabled elementor-invisible\" data-id=\"e5b50fd\" data-element_type=\"section\" data-settings=\"{&quot;animation&quot;:&quot;fadeInUp&quot;}\">\n\t\t\t\t\t\t<div class=\"elementor-container elementor-column-gap-default\">\n\t\t\t\t\t<div class=\"elementor-column elementor-col-50 elementor-top-column elementor-element elementor-element-5e49b2f\" data-id=\"5e49b2f\" data-element_type=\"column\">\n\t\t\t<div class=\"elementor-widget-wrap elementor-element-populated\">\n\t\t\t\t\t\t\t\t<div class=\"elementor-element elementor-element-44ec4bf elementor-widget elementor-widget-image\" data-id=\"44ec4bf\" data-element_type=\"widget\" data-widget_type=\"image.default\">\n\t\t\t\t<div class=\"elementor-widget-container\">\n\t\t\t\t\t\t\t\t\t\t\t\t\t\t\t<img loading=\"lazy\" decoding=\"async\" width=\"411\" height=\"800\" src=\"https:\/\/www.wellongpack.com\/wp-content\/uploads\/2023\/06\/News--411x800.jpg\" class=\"attachment-large size-large wp-image-10382\" alt=\"\" srcset=\"https:\/\/www.wellongpack.com\/wp-content\/uploads\/2023\/06\/News--411x800.jpg 411w, https:\/\/www.wellongpack.com\/wp-content\/uploads\/2023\/06\/News--430x837.jpg 430w, https:\/\/www.wellongpack.com\/wp-content\/uploads\/2023\/06\/News--150x292.jpg 150w, https:\/\/www.wellongpack.com\/wp-content\/uploads\/2023\/06\/News--700x1362.jpg 700w, https:\/\/www.wellongpack.com\/wp-content\/uploads\/2023\/06\/News--154x300.jpg 154w, https:\/\/www.wellongpack.com\/wp-content\/uploads\/2023\/06\/News--768x1495.jpg 768w, https:\/\/www.wellongpack.com\/wp-content\/uploads\/2023\/06\/News--789x1536.jpg 789w, https:\/\/www.wellongpack.com\/wp-content\/uploads\/2023\/06\/News--1052x2048.jpg 1052w, https:\/\/www.wellongpack.com\/wp-content\/uploads\/2023\/06\/News--860x1674.jpg 860w, https:\/\/www.wellongpack.com\/wp-content\/uploads\/2023\/06\/News-.jpg 1082w\" sizes=\"auto, (max-width: 411px) 100vw, 411px\" \/>\t\t\t\t\t\t\t\t\t\t\t\t\t\t\t<\/div>\n\t\t\t\t<\/div>\n\t\t\t\t\t<\/div>\n\t\t<\/div>\n\t\t\t\t<div class=\"elementor-column elementor-col-50 elementor-top-column elementor-element elementor-element-4d3f28a\" data-id=\"4d3f28a\" data-element_type=\"column\">\n\t\t\t<div class=\"elementor-widget-wrap elementor-element-populated\">\n\t\t\t\t\t\t\t\t<div class=\"elementor-element elementor-element-c6641f9 elementor-widget elementor-widget-wd_title\" data-id=\"c6641f9\" data-element_type=\"widget\" data-widget_type=\"wd_title.default\">\n\t\t\t\t<div class=\"elementor-widget-container\">\n\t\t\t\t\t<div class=\"title-wrapper set-mb-s reset-last-child wd-title-color-primary wd-title-style-default wd-title-size-large text-center\">\n\n\t\t\t\n\t\t\t<div class=\"liner-continer\">\n\t\t\t\t<h4 class=\"woodmart-title-container title wd-fontsize-xxl\">Nyheter och insikter<\/h4> \n\t\t\t\t\t\t\t<\/div>\n\n\t\t\t\t\t<\/div>\n\t\t\t\t<\/div>\n\t\t\t\t<\/div>\n\t\t\t\t<div class=\"elementor-element elementor-element-c263fe9 elementor-widget elementor-widget-wd_text_block\" data-id=\"c263fe9\" data-element_type=\"widget\" data-widget_type=\"wd_text_block.default\">\n\t\t\t\t<div class=\"elementor-widget-container\">\n\t\t\t\t\t<div class=\"wd-text-block reset-last-child text-left\">\n\t\t\t\n\t\t\t<p><span class=\"NormalTextRun BCX2 SCXW15344251\">H\u00e5ll dig uppdaterad om alla nyheter och insikter fr\u00e5n Wellong Packaging. Utforska aktuella webbseminarier, tal, pressmeddelanden och mycket mer<\/span><span class=\"NormalTextRun BCX2 SCXW15344251\">.\u00a0<\/span><\/p>\n\t\t\t\t\t<\/div>\n\t\t\t\t<\/div>\n\t\t\t\t<\/div>\n\t\t\t\t<div class=\"elementor-element elementor-element-b98ca77 elementor-widget elementor-widget-wd_button\" data-id=\"b98ca77\" data-element_type=\"widget\" data-widget_type=\"wd_button.default\">\n\t\t\t\t<div class=\"elementor-widget-container\">\n\t\t\t\t\t<div class=\"wd-button-wrapper text-left\" >\n\t\t\t<a class=\"btn btn-style-link btn-style- btn-size-default btn-color-default btn-icon-pos-right\"  href=\"#\">\n\t\t\t\t<span class=\"wd-btn-text\" data-elementor-setting-key=\"text\">\n\t\t\t\t\tL\u00e4s mer\t\t\t\t<\/span>\n\n\t\t\t\t\t\t\t\t\t<span class=\"wd-btn-icon\">\n\t\t\t\t\t\t<span class=\"wd-icon fas fa-chevron-right\"><\/span>\t\t\t\t\t<\/span>\n\t\t\t\t\t\t\t<\/a>\n\t\t<\/div>\n\t\t\t\t<\/div>\n\t\t\t\t<\/div>\n\t\t\t\t\t<\/div>\n\t\t<\/div>\n\t\t\t\t\t\t\t<\/div>\n\t\t<\/section>\n\t\t\t\t\t\t\t<\/div>","protected":false},"excerpt":{"rendered":"<p>About Us We create innovative products, an inclusive culture, and value for all our stakeholders. Who We Are WELLONG is<\/p>","protected":false},"author":1,"featured_media":0,"parent":0,"menu_order":0,"comment_status":"closed","ping_status":"closed","template":"","meta":{"footnotes":""},"class_list":["post-4400","page","type-page","status-publish","hentry"],"_links":{"self":[{"href":"https:\/\/www.wellongpack.com\/sv\/wp-json\/wp\/v2\/pages\/4400","targetHints":{"allow":["GET"]}}],"collection":[{"href":"https:\/\/www.wellongpack.com\/sv\/wp-json\/wp\/v2\/pages"}],"about":[{"href":"https:\/\/www.wellongpack.com\/sv\/wp-json\/wp\/v2\/types\/page"}],"author":[{"embeddable":true,"href":"https:\/\/www.wellongpack.com\/sv\/wp-json\/wp\/v2\/users\/1"}],"replies":[{"embeddable":true,"href":"https:\/\/www.wellongpack.com\/sv\/wp-json\/wp\/v2\/comments?post=4400"}],"version-history":[{"count":24,"href":"https:\/\/www.wellongpack.com\/sv\/wp-json\/wp\/v2\/pages\/4400\/revisions"}],"predecessor-version":[{"id":10640,"href":"https:\/\/www.wellongpack.com\/sv\/wp-json\/wp\/v2\/pages\/4400\/revisions\/10640"}],"wp:attachment":[{"href":"https:\/\/www.wellongpack.com\/sv\/wp-json\/wp\/v2\/media?parent=4400"}],"curies":[{"name":"wp","href":"https:\/\/api.w.org\/{rel}","templated":true}]}}