
{"id":9863,"date":"2023-06-01T13:12:53","date_gmt":"2023-06-01T05:12:53","guid":{"rendered":"http:\/\/75.webs.svipwebs.com\/?post_type=product&#038;p=9863"},"modified":"2023-06-01T13:12:54","modified_gmt":"2023-06-01T05:12:54","slug":"biodegradable-roll-bag","status":"publish","type":"product","link":"https:\/\/www.wellongpack.com\/pl\/produkt\/biodegradowalna-torba-na-kolkach\/","title":{"rendered":"Biodegradowalna torba na k\u00f3\u0142kach"},"content":{"rendered":"<p>Tej kompostowalnej wk\u0142adki do kosza na \u015bmieci mo\u017cna u\u017cywa\u0107 w r\u00f3\u017cnych miejscach, takich jak toalety, biura, restauracje, hotele, parki rozrywki lub o\u015brodki rekreacji na \u015bwie\u017cym powietrzu!<\/p>\n<p><img loading=\"lazy\" decoding=\"async\" class=\"alignnone size-full wp-image-9867\" src=\"https:\/\/www.wellongpack.com\/wp-content\/uploads\/2023\/06\/1-1.png\" alt=\"\" width=\"633\" height=\"580\" srcset=\"https:\/\/www.wellongpack.com\/wp-content\/uploads\/2023\/06\/1-1.png 633w, https:\/\/www.wellongpack.com\/wp-content\/uploads\/2023\/06\/1-1-430x394.png 430w, https:\/\/www.wellongpack.com\/wp-content\/uploads\/2023\/06\/1-1-150x137.png 150w, https:\/\/www.wellongpack.com\/wp-content\/uploads\/2023\/06\/1-1-327x300.png 327w\" sizes=\"auto, (max-width: 633px) 100vw, 633px\" \/><\/p>\n<div id=\"attachment_9868\" style=\"width: 760px\" class=\"wp-caption alignnone\"><img loading=\"lazy\" decoding=\"async\" aria-describedby=\"caption-attachment-9868\" class=\"size-full wp-image-9868\" src=\"https:\/\/www.wellongpack.com\/wp-content\/uploads\/2023\/06\/2-37.jpg\" alt=\"\" width=\"750\" height=\"750\" srcset=\"https:\/\/www.wellongpack.com\/wp-content\/uploads\/2023\/06\/2-37.jpg 750w, https:\/\/www.wellongpack.com\/wp-content\/uploads\/2023\/06\/2-37-430x430.jpg 430w, https:\/\/www.wellongpack.com\/wp-content\/uploads\/2023\/06\/2-37-150x150.jpg 150w, https:\/\/www.wellongpack.com\/wp-content\/uploads\/2023\/06\/2-37-700x700.jpg 700w, https:\/\/www.wellongpack.com\/wp-content\/uploads\/2023\/06\/2-37-300x300.jpg 300w\" sizes=\"auto, (max-width: 750px) 100vw, 750px\" \/><p id=\"caption-attachment-9868\" class=\"wp-caption-text\">kompostowalna torba na produkty<\/p><\/div>\n<p><img loading=\"lazy\" decoding=\"async\" class=\"alignnone size-full wp-image-9869\" src=\"https:\/\/www.wellongpack.com\/wp-content\/uploads\/2023\/06\/3-29.jpg\" alt=\"\" width=\"750\" height=\"750\" srcset=\"https:\/\/www.wellongpack.com\/wp-content\/uploads\/2023\/06\/3-29.jpg 750w, https:\/\/www.wellongpack.com\/wp-content\/uploads\/2023\/06\/3-29-430x430.jpg 430w, https:\/\/www.wellongpack.com\/wp-content\/uploads\/2023\/06\/3-29-150x150.jpg 150w, https:\/\/www.wellongpack.com\/wp-content\/uploads\/2023\/06\/3-29-700x700.jpg 700w, https:\/\/www.wellongpack.com\/wp-content\/uploads\/2023\/06\/3-29-300x300.jpg 300w\" sizes=\"auto, (max-width: 750px) 100vw, 750px\" \/><\/p>\n<p>&nbsp;<\/p>","protected":false},"excerpt":{"rendered":"<p>You can use this compostable trash can liner for compostable items in a variety of places like restrooms, offices, restaurants,<\/p>","protected":false},"featured_media":9864,"comment_status":"open","ping_status":"closed","template":"","meta":[],"product_cat":[137,124],"product_tag":[],"class_list":["post-9863","product","type-product","status-publish","has-post-thumbnail","hentry","product_cat-compostable-bags","product_cat-sustainability-packaging"],"_links":{"self":[{"href":"https:\/\/www.wellongpack.com\/pl\/wp-json\/wp\/v2\/product\/9863","targetHints":{"allow":["GET"]}}],"collection":[{"href":"https:\/\/www.wellongpack.com\/pl\/wp-json\/wp\/v2\/product"}],"about":[{"href":"https:\/\/www.wellongpack.com\/pl\/wp-json\/wp\/v2\/types\/product"}],"replies":[{"embeddable":true,"href":"https:\/\/www.wellongpack.com\/pl\/wp-json\/wp\/v2\/comments?post=9863"}],"version-history":[{"count":1,"href":"https:\/\/www.wellongpack.com\/pl\/wp-json\/wp\/v2\/product\/9863\/revisions"}],"predecessor-version":[{"id":9870,"href":"https:\/\/www.wellongpack.com\/pl\/wp-json\/wp\/v2\/product\/9863\/revisions\/9870"}],"wp:featuredmedia":[{"embeddable":true,"href":"https:\/\/www.wellongpack.com\/pl\/wp-json\/wp\/v2\/media\/9864"}],"wp:attachment":[{"href":"https:\/\/www.wellongpack.com\/pl\/wp-json\/wp\/v2\/media?parent=9863"}],"wp:term":[{"taxonomy":"product_cat","embeddable":true,"href":"https:\/\/www.wellongpack.com\/pl\/wp-json\/wp\/v2\/product_cat?post=9863"},{"taxonomy":"product_tag","embeddable":true,"href":"https:\/\/www.wellongpack.com\/pl\/wp-json\/wp\/v2\/product_tag?post=9863"}],"curies":[{"name":"wp","href":"https:\/\/api.w.org\/{rel}","templated":true}]}}