
{"id":9784,"date":"2023-06-01T12:46:35","date_gmt":"2023-06-01T04:46:35","guid":{"rendered":"http:\/\/75.webs.svipwebs.com\/?post_type=product&#038;p=9784"},"modified":"2023-06-01T12:46:36","modified_gmt":"2023-06-01T04:46:36","slug":"sugarcane-meat-tray-2","status":"publish","type":"product","link":"https:\/\/www.wellongpack.com\/pl\/produkt\/sugarcane-meat-tray-2\/","title":{"rendered":"Taca na mi\u0119so z trzciny cukrowej"},"content":{"rendered":"<p>Ta tacka na mi\u0119so Bagasse ma konstrukcj\u0119 odporn\u0105 na namaczanie z wk\u0142adk\u0105 na bazie biologicznej, kt\u00f3ra zapobiega wyciekom i utrzymuje \u015bwie\u017co\u015b\u0107 \u017cywno\u015bci. Jest wystarczaj\u0105co trwa\u0142a, aby wytrzyma\u0107 r\u00f3\u017cne rodzaje mi\u0119sa i konsystencje, a jednocze\u015bnie jest wygodna do jednorazowego u\u017cytku. Idealna do delikates\u00f3w, sklep\u00f3w spo\u017cywczych i restauracji na wynos, ta ekologiczna taca pomo\u017ce zmniejszy\u0107 \u015blad w\u0119glowy Twojego zak\u0142adu.<\/p>\n<p><img loading=\"lazy\" decoding=\"async\" class=\"alignnone size-full wp-image-9788\" src=\"https:\/\/www.wellongpack.com\/wp-content\/uploads\/2023\/06\/1-35.jpg\" alt=\"\" width=\"942\" height=\"857\" srcset=\"https:\/\/www.wellongpack.com\/wp-content\/uploads\/2023\/06\/1-35.jpg 942w, https:\/\/www.wellongpack.com\/wp-content\/uploads\/2023\/06\/1-35-430x391.jpg 430w, https:\/\/www.wellongpack.com\/wp-content\/uploads\/2023\/06\/1-35-150x136.jpg 150w, https:\/\/www.wellongpack.com\/wp-content\/uploads\/2023\/06\/1-35-700x637.jpg 700w, https:\/\/www.wellongpack.com\/wp-content\/uploads\/2023\/06\/1-35-330x300.jpg 330w, https:\/\/www.wellongpack.com\/wp-content\/uploads\/2023\/06\/1-35-879x800.jpg 879w, https:\/\/www.wellongpack.com\/wp-content\/uploads\/2023\/06\/1-35-768x699.jpg 768w, https:\/\/www.wellongpack.com\/wp-content\/uploads\/2023\/06\/1-35-860x782.jpg 860w\" sizes=\"auto, (max-width: 942px) 100vw, 942px\" \/> <img loading=\"lazy\" decoding=\"async\" class=\"alignnone size-full wp-image-9789\" src=\"https:\/\/www.wellongpack.com\/wp-content\/uploads\/2023\/06\/2-33.jpg\" alt=\"\" width=\"872\" height=\"810\" srcset=\"https:\/\/www.wellongpack.com\/wp-content\/uploads\/2023\/06\/2-33.jpg 872w, https:\/\/www.wellongpack.com\/wp-content\/uploads\/2023\/06\/2-33-430x399.jpg 430w, https:\/\/www.wellongpack.com\/wp-content\/uploads\/2023\/06\/2-33-150x139.jpg 150w, https:\/\/www.wellongpack.com\/wp-content\/uploads\/2023\/06\/2-33-700x650.jpg 700w, https:\/\/www.wellongpack.com\/wp-content\/uploads\/2023\/06\/2-33-323x300.jpg 323w, https:\/\/www.wellongpack.com\/wp-content\/uploads\/2023\/06\/2-33-861x800.jpg 861w, https:\/\/www.wellongpack.com\/wp-content\/uploads\/2023\/06\/2-33-768x713.jpg 768w, https:\/\/www.wellongpack.com\/wp-content\/uploads\/2023\/06\/2-33-860x799.jpg 860w\" sizes=\"auto, (max-width: 872px) 100vw, 872px\" \/> <img loading=\"lazy\" decoding=\"async\" class=\"alignnone size-full wp-image-9790\" src=\"https:\/\/www.wellongpack.com\/wp-content\/uploads\/2023\/06\/3-26.jpg\" alt=\"\" width=\"947\" height=\"873\" srcset=\"https:\/\/www.wellongpack.com\/wp-content\/uploads\/2023\/06\/3-26.jpg 947w, https:\/\/www.wellongpack.com\/wp-content\/uploads\/2023\/06\/3-26-430x396.jpg 430w, https:\/\/www.wellongpack.com\/wp-content\/uploads\/2023\/06\/3-26-150x138.jpg 150w, https:\/\/www.wellongpack.com\/wp-content\/uploads\/2023\/06\/3-26-700x645.jpg 700w, https:\/\/www.wellongpack.com\/wp-content\/uploads\/2023\/06\/3-26-325x300.jpg 325w, https:\/\/www.wellongpack.com\/wp-content\/uploads\/2023\/06\/3-26-868x800.jpg 868w, https:\/\/www.wellongpack.com\/wp-content\/uploads\/2023\/06\/3-26-768x708.jpg 768w, https:\/\/www.wellongpack.com\/wp-content\/uploads\/2023\/06\/3-26-860x793.jpg 860w\" sizes=\"auto, (max-width: 947px) 100vw, 947px\" \/><\/p>","protected":false},"excerpt":{"rendered":"<p>This Bagasse meat tray features a soak-proof design with a bio-based liner to prevent leakage and keep food fresh. It<\/p>","protected":false},"featured_media":9785,"comment_status":"open","ping_status":"closed","template":"","meta":[],"product_cat":[132,125,124],"product_tag":[],"class_list":["post-9784","product","type-product","status-publish","has-post-thumbnail","hentry","product_cat-bagasse-tray-bagassesugarcane-products-sustainability-packaging","product_cat-bagassesugarcane-products-sustainability-packaging","product_cat-sustainability-packaging"],"_links":{"self":[{"href":"https:\/\/www.wellongpack.com\/pl\/wp-json\/wp\/v2\/product\/9784","targetHints":{"allow":["GET"]}}],"collection":[{"href":"https:\/\/www.wellongpack.com\/pl\/wp-json\/wp\/v2\/product"}],"about":[{"href":"https:\/\/www.wellongpack.com\/pl\/wp-json\/wp\/v2\/types\/product"}],"replies":[{"embeddable":true,"href":"https:\/\/www.wellongpack.com\/pl\/wp-json\/wp\/v2\/comments?post=9784"}],"version-history":[{"count":1,"href":"https:\/\/www.wellongpack.com\/pl\/wp-json\/wp\/v2\/product\/9784\/revisions"}],"predecessor-version":[{"id":9791,"href":"https:\/\/www.wellongpack.com\/pl\/wp-json\/wp\/v2\/product\/9784\/revisions\/9791"}],"wp:featuredmedia":[{"embeddable":true,"href":"https:\/\/www.wellongpack.com\/pl\/wp-json\/wp\/v2\/media\/9785"}],"wp:attachment":[{"href":"https:\/\/www.wellongpack.com\/pl\/wp-json\/wp\/v2\/media?parent=9784"}],"wp:term":[{"taxonomy":"product_cat","embeddable":true,"href":"https:\/\/www.wellongpack.com\/pl\/wp-json\/wp\/v2\/product_cat?post=9784"},{"taxonomy":"product_tag","embeddable":true,"href":"https:\/\/www.wellongpack.com\/pl\/wp-json\/wp\/v2\/product_tag?post=9784"}],"curies":[{"name":"wp","href":"https:\/\/api.w.org\/{rel}","templated":true}]}}