
{"id":9756,"date":"2023-06-01T12:40:24","date_gmt":"2023-06-01T04:40:24","guid":{"rendered":"http:\/\/75.webs.svipwebs.com\/?post_type=product&#038;p=9756"},"modified":"2023-06-01T12:40:24","modified_gmt":"2023-06-01T04:40:24","slug":"4-compartment-bagasse-tray-2","status":"publish","type":"product","link":"https:\/\/www.wellongpack.com\/pl\/produkt\/4-komorowy-worek-taca-2\/","title":{"rendered":"4-komorowa taca z bagassy"},"content":{"rendered":"<p>Wykonana z trzciny cukrowej \/ wyt\u0142ok\u00f3w z trzciny cukrowej, taca ta jest idealna dla restauracji, firm cateringowych i sklep\u00f3w z kanapkami, kt\u00f3re serwuj\u0105 wszystko, od gor\u0105cych przystawek po zimne sa\u0142atki. \u0141atwo przenie\u015b sw\u00f3j posi\u0142ek przez sto\u0142\u00f3wk\u0119 lub jadalni\u0119, jednocze\u015bnie robi\u0105c krok w kierunku ochrony \u015brodowiska dzi\u0119ki tej ekologicznej opcji!<\/p>\n<p><img loading=\"lazy\" decoding=\"async\" class=\"alignnone size-full wp-image-9757\" src=\"https:\/\/www.wellongpack.com\/wp-content\/uploads\/2023\/06\/1-28.jpg\" alt=\"\" width=\"960\" height=\"638\" srcset=\"https:\/\/www.wellongpack.com\/wp-content\/uploads\/2023\/06\/1-28.jpg 960w, https:\/\/www.wellongpack.com\/wp-content\/uploads\/2023\/06\/1-28-430x286.jpg 430w, https:\/\/www.wellongpack.com\/wp-content\/uploads\/2023\/06\/1-28-150x100.jpg 150w, https:\/\/www.wellongpack.com\/wp-content\/uploads\/2023\/06\/1-28-700x465.jpg 700w, https:\/\/www.wellongpack.com\/wp-content\/uploads\/2023\/06\/1-28-400x266.jpg 400w, https:\/\/www.wellongpack.com\/wp-content\/uploads\/2023\/06\/1-28-768x510.jpg 768w, https:\/\/www.wellongpack.com\/wp-content\/uploads\/2023\/06\/1-28-860x572.jpg 860w\" sizes=\"auto, (max-width: 960px) 100vw, 960px\" \/><\/p>\n<p><img loading=\"lazy\" decoding=\"async\" class=\"alignnone size-full wp-image-9758\" src=\"https:\/\/www.wellongpack.com\/wp-content\/uploads\/2023\/06\/2-25.jpg\" alt=\"\" width=\"960\" height=\"640\" srcset=\"https:\/\/www.wellongpack.com\/wp-content\/uploads\/2023\/06\/2-25.jpg 960w, https:\/\/www.wellongpack.com\/wp-content\/uploads\/2023\/06\/2-25-430x287.jpg 430w, https:\/\/www.wellongpack.com\/wp-content\/uploads\/2023\/06\/2-25-150x100.jpg 150w, https:\/\/www.wellongpack.com\/wp-content\/uploads\/2023\/06\/2-25-700x467.jpg 700w, https:\/\/www.wellongpack.com\/wp-content\/uploads\/2023\/06\/2-25-400x267.jpg 400w, https:\/\/www.wellongpack.com\/wp-content\/uploads\/2023\/06\/2-25-768x512.jpg 768w, https:\/\/www.wellongpack.com\/wp-content\/uploads\/2023\/06\/2-25-860x573.jpg 860w\" sizes=\"auto, (max-width: 960px) 100vw, 960px\" \/> <img loading=\"lazy\" decoding=\"async\" class=\"alignnone size-full wp-image-9759\" src=\"https:\/\/www.wellongpack.com\/wp-content\/uploads\/2023\/06\/3-20.jpg\" alt=\"\" width=\"960\" height=\"640\" srcset=\"https:\/\/www.wellongpack.com\/wp-content\/uploads\/2023\/06\/3-20.jpg 960w, https:\/\/www.wellongpack.com\/wp-content\/uploads\/2023\/06\/3-20-430x287.jpg 430w, https:\/\/www.wellongpack.com\/wp-content\/uploads\/2023\/06\/3-20-150x100.jpg 150w, https:\/\/www.wellongpack.com\/wp-content\/uploads\/2023\/06\/3-20-700x467.jpg 700w, https:\/\/www.wellongpack.com\/wp-content\/uploads\/2023\/06\/3-20-400x267.jpg 400w, https:\/\/www.wellongpack.com\/wp-content\/uploads\/2023\/06\/3-20-768x512.jpg 768w, https:\/\/www.wellongpack.com\/wp-content\/uploads\/2023\/06\/3-20-860x573.jpg 860w\" sizes=\"auto, (max-width: 960px) 100vw, 960px\" \/><\/p>","protected":false},"excerpt":{"rendered":"<p>Wykonana z trzciny cukrowej \/ wyt\u0142ok\u00f3w z trzciny cukrowej, ta taca jest idealna dla restauracji, firm cateringowych i sklep\u00f3w z kanapkami, kt\u00f3re serwuj\u0105 wszystko od<\/p>","protected":false},"featured_media":9757,"comment_status":"open","ping_status":"closed","template":"","meta":[],"product_cat":[132,125,124],"product_tag":[],"class_list":["post-9756","product","type-product","status-publish","has-post-thumbnail","hentry","product_cat-bagasse-tray-bagassesugarcane-products-sustainability-packaging","product_cat-bagassesugarcane-products-sustainability-packaging","product_cat-sustainability-packaging"],"_links":{"self":[{"href":"https:\/\/www.wellongpack.com\/pl\/wp-json\/wp\/v2\/product\/9756","targetHints":{"allow":["GET"]}}],"collection":[{"href":"https:\/\/www.wellongpack.com\/pl\/wp-json\/wp\/v2\/product"}],"about":[{"href":"https:\/\/www.wellongpack.com\/pl\/wp-json\/wp\/v2\/types\/product"}],"replies":[{"embeddable":true,"href":"https:\/\/www.wellongpack.com\/pl\/wp-json\/wp\/v2\/comments?post=9756"}],"version-history":[{"count":1,"href":"https:\/\/www.wellongpack.com\/pl\/wp-json\/wp\/v2\/product\/9756\/revisions"}],"predecessor-version":[{"id":9760,"href":"https:\/\/www.wellongpack.com\/pl\/wp-json\/wp\/v2\/product\/9756\/revisions\/9760"}],"wp:featuredmedia":[{"embeddable":true,"href":"https:\/\/www.wellongpack.com\/pl\/wp-json\/wp\/v2\/media\/9757"}],"wp:attachment":[{"href":"https:\/\/www.wellongpack.com\/pl\/wp-json\/wp\/v2\/media?parent=9756"}],"wp:term":[{"taxonomy":"product_cat","embeddable":true,"href":"https:\/\/www.wellongpack.com\/pl\/wp-json\/wp\/v2\/product_cat?post=9756"},{"taxonomy":"product_tag","embeddable":true,"href":"https:\/\/www.wellongpack.com\/pl\/wp-json\/wp\/v2\/product_tag?post=9756"}],"curies":[{"name":"wp","href":"https:\/\/api.w.org\/{rel}","templated":true}]}}