
{"id":9744,"date":"2023-06-01T12:37:45","date_gmt":"2023-06-01T04:37:45","guid":{"rendered":"http:\/\/75.webs.svipwebs.com\/?post_type=product&#038;p=9744"},"modified":"2023-06-01T12:37:46","modified_gmt":"2023-06-01T04:37:46","slug":"square-plate-2","status":"publish","type":"product","link":"https:\/\/www.wellongpack.com\/pl\/produkt\/square-plate-2\/","title":{"rendered":"p\u0142yta kwadratowa"},"content":{"rendered":"<p>Ten talerz z trzciny cukrowej \/ wyt\u0142ok\u00f3w z trzciny cukrowej zajmuje mniej miejsca ni\u017c inne jednorazowe alternatywy i mo\u017ce pomie\u015bci\u0107 ci\u0119\u017csze potrawy ni\u017c papier lub styropian. Ponadto, poniewa\u017c wymaga znacznie mniej energii do produkcji, oszcz\u0119dza zar\u00f3wno energi\u0119, jak i zasoby. Dzi\u0119ki jasnemu bia\u0142emu kolorowi talerz ten b\u0119dzie pasowa\u0142 do niemal ka\u017cdego wystroju restauracji i motywu, tworz\u0105c czyste i \u015bwie\u017ce p\u0142\u00f3tno dla ka\u017cdego rodzaju \u017cywno\u015bci.<\/p>\n<p><img loading=\"lazy\" decoding=\"async\" class=\"alignnone size-full wp-image-9745\" src=\"https:\/\/www.wellongpack.com\/wp-content\/uploads\/2023\/06\/1-26.jpg\" alt=\"\" width=\"960\" height=\"960\" srcset=\"https:\/\/www.wellongpack.com\/wp-content\/uploads\/2023\/06\/1-26.jpg 960w, https:\/\/www.wellongpack.com\/wp-content\/uploads\/2023\/06\/1-26-430x430.jpg 430w, https:\/\/www.wellongpack.com\/wp-content\/uploads\/2023\/06\/1-26-150x150.jpg 150w, https:\/\/www.wellongpack.com\/wp-content\/uploads\/2023\/06\/1-26-700x700.jpg 700w, https:\/\/www.wellongpack.com\/wp-content\/uploads\/2023\/06\/1-26-300x300.jpg 300w, https:\/\/www.wellongpack.com\/wp-content\/uploads\/2023\/06\/1-26-800x800.jpg 800w, https:\/\/www.wellongpack.com\/wp-content\/uploads\/2023\/06\/1-26-768x768.jpg 768w, https:\/\/www.wellongpack.com\/wp-content\/uploads\/2023\/06\/1-26-860x860.jpg 860w\" sizes=\"auto, (max-width: 960px) 100vw, 960px\" \/> <img loading=\"lazy\" decoding=\"async\" class=\"alignnone size-full wp-image-9746\" src=\"https:\/\/www.wellongpack.com\/wp-content\/uploads\/2023\/06\/2-23.jpg\" alt=\"\" width=\"647\" height=\"566\" srcset=\"https:\/\/www.wellongpack.com\/wp-content\/uploads\/2023\/06\/2-23.jpg 647w, https:\/\/www.wellongpack.com\/wp-content\/uploads\/2023\/06\/2-23-430x376.jpg 430w, https:\/\/www.wellongpack.com\/wp-content\/uploads\/2023\/06\/2-23-150x131.jpg 150w, https:\/\/www.wellongpack.com\/wp-content\/uploads\/2023\/06\/2-23-343x300.jpg 343w\" sizes=\"auto, (max-width: 647px) 100vw, 647px\" \/> <img loading=\"lazy\" decoding=\"async\" class=\"alignnone size-full wp-image-9747\" src=\"https:\/\/www.wellongpack.com\/wp-content\/uploads\/2023\/06\/3-18.jpg\" alt=\"\" width=\"650\" height=\"650\" srcset=\"https:\/\/www.wellongpack.com\/wp-content\/uploads\/2023\/06\/3-18.jpg 650w, https:\/\/www.wellongpack.com\/wp-content\/uploads\/2023\/06\/3-18-430x430.jpg 430w, https:\/\/www.wellongpack.com\/wp-content\/uploads\/2023\/06\/3-18-150x150.jpg 150w, https:\/\/www.wellongpack.com\/wp-content\/uploads\/2023\/06\/3-18-300x300.jpg 300w\" sizes=\"auto, (max-width: 650px) 100vw, 650px\" \/> <img loading=\"lazy\" decoding=\"async\" class=\"alignnone size-full wp-image-9748\" src=\"https:\/\/www.wellongpack.com\/wp-content\/uploads\/2023\/06\/4-14.jpg\" alt=\"\" width=\"960\" height=\"960\" srcset=\"https:\/\/www.wellongpack.com\/wp-content\/uploads\/2023\/06\/4-14.jpg 960w, https:\/\/www.wellongpack.com\/wp-content\/uploads\/2023\/06\/4-14-430x430.jpg 430w, https:\/\/www.wellongpack.com\/wp-content\/uploads\/2023\/06\/4-14-150x150.jpg 150w, https:\/\/www.wellongpack.com\/wp-content\/uploads\/2023\/06\/4-14-700x700.jpg 700w, https:\/\/www.wellongpack.com\/wp-content\/uploads\/2023\/06\/4-14-300x300.jpg 300w, https:\/\/www.wellongpack.com\/wp-content\/uploads\/2023\/06\/4-14-800x800.jpg 800w, https:\/\/www.wellongpack.com\/wp-content\/uploads\/2023\/06\/4-14-768x768.jpg 768w, https:\/\/www.wellongpack.com\/wp-content\/uploads\/2023\/06\/4-14-860x860.jpg 860w\" sizes=\"auto, (max-width: 960px) 100vw, 960px\" \/><\/p>","protected":false},"excerpt":{"rendered":"<p>This sugarcane \/ bagasse Plate\u00a0takes up less storage space than other disposable alternatives, and it can hold heavier foods than<\/p>","protected":false},"featured_media":9745,"comment_status":"open","ping_status":"closed","template":"","meta":[],"product_cat":[131,125,124],"product_tag":[],"class_list":["post-9744","product","type-product","status-publish","has-post-thumbnail","hentry","product_cat-bagasse-plate-bagassesugarcane-products-sustainability-packaging","product_cat-bagassesugarcane-products-sustainability-packaging","product_cat-sustainability-packaging"],"_links":{"self":[{"href":"https:\/\/www.wellongpack.com\/pl\/wp-json\/wp\/v2\/product\/9744","targetHints":{"allow":["GET"]}}],"collection":[{"href":"https:\/\/www.wellongpack.com\/pl\/wp-json\/wp\/v2\/product"}],"about":[{"href":"https:\/\/www.wellongpack.com\/pl\/wp-json\/wp\/v2\/types\/product"}],"replies":[{"embeddable":true,"href":"https:\/\/www.wellongpack.com\/pl\/wp-json\/wp\/v2\/comments?post=9744"}],"version-history":[{"count":1,"href":"https:\/\/www.wellongpack.com\/pl\/wp-json\/wp\/v2\/product\/9744\/revisions"}],"predecessor-version":[{"id":9749,"href":"https:\/\/www.wellongpack.com\/pl\/wp-json\/wp\/v2\/product\/9744\/revisions\/9749"}],"wp:featuredmedia":[{"embeddable":true,"href":"https:\/\/www.wellongpack.com\/pl\/wp-json\/wp\/v2\/media\/9745"}],"wp:attachment":[{"href":"https:\/\/www.wellongpack.com\/pl\/wp-json\/wp\/v2\/media?parent=9744"}],"wp:term":[{"taxonomy":"product_cat","embeddable":true,"href":"https:\/\/www.wellongpack.com\/pl\/wp-json\/wp\/v2\/product_cat?post=9744"},{"taxonomy":"product_tag","embeddable":true,"href":"https:\/\/www.wellongpack.com\/pl\/wp-json\/wp\/v2\/product_tag?post=9744"}],"curies":[{"name":"wp","href":"https:\/\/api.w.org\/{rel}","templated":true}]}}