
{"id":9449,"date":"2023-05-24T10:48:25","date_gmt":"2023-05-24T02:48:25","guid":{"rendered":"http:\/\/75.webs.svipwebs.com\/?post_type=product&#038;p=9449"},"modified":"2023-05-24T10:48:25","modified_gmt":"2023-05-24T02:48:25","slug":"pet-clamshell-round-container","status":"publish","type":"product","link":"https:\/\/www.wellongpack.com\/pl\/produkt\/okragly-pojemnik-z-klapka-dla-zwierzat\/","title":{"rendered":"Okr\u0105g\u0142y pojemnik PET z klapk\u0105"},"content":{"rendered":"","protected":false},"excerpt":{"rendered":"<p>Okr\u0105g\u0142y, przezroczysty pojemnik wykonany z przezroczystego tworzywa PET jest solidny i wytrzyma\u0142y. Poniewa\u017c pojemnik ten jest ca\u0142kowicie przezroczysty, idealnie nadaje si\u0119 do eksponowania jasnych kolor\u00f3w owoc\u00f3w, makaron\u00f3w, sa\u0142atek i sos\u00f3w, aby uczyni\u0107 je bardziej atrakcyjnymi dla klient\u00f3w.<\/p>","protected":false},"featured_media":9450,"comment_status":"open","ping_status":"closed","template":"","meta":[],"product_cat":[119],"product_tag":[],"class_list":["post-9449","product","type-product","status-publish","has-post-thumbnail","hentry","product_cat-pet-containerbowl"],"_links":{"self":[{"href":"https:\/\/www.wellongpack.com\/pl\/wp-json\/wp\/v2\/product\/9449","targetHints":{"allow":["GET"]}}],"collection":[{"href":"https:\/\/www.wellongpack.com\/pl\/wp-json\/wp\/v2\/product"}],"about":[{"href":"https:\/\/www.wellongpack.com\/pl\/wp-json\/wp\/v2\/types\/product"}],"replies":[{"embeddable":true,"href":"https:\/\/www.wellongpack.com\/pl\/wp-json\/wp\/v2\/comments?post=9449"}],"version-history":[{"count":1,"href":"https:\/\/www.wellongpack.com\/pl\/wp-json\/wp\/v2\/product\/9449\/revisions"}],"predecessor-version":[{"id":9458,"href":"https:\/\/www.wellongpack.com\/pl\/wp-json\/wp\/v2\/product\/9449\/revisions\/9458"}],"wp:featuredmedia":[{"embeddable":true,"href":"https:\/\/www.wellongpack.com\/pl\/wp-json\/wp\/v2\/media\/9450"}],"wp:attachment":[{"href":"https:\/\/www.wellongpack.com\/pl\/wp-json\/wp\/v2\/media?parent=9449"}],"wp:term":[{"taxonomy":"product_cat","embeddable":true,"href":"https:\/\/www.wellongpack.com\/pl\/wp-json\/wp\/v2\/product_cat?post=9449"},{"taxonomy":"product_tag","embeddable":true,"href":"https:\/\/www.wellongpack.com\/pl\/wp-json\/wp\/v2\/product_tag?post=9449"}],"curies":[{"name":"wp","href":"https:\/\/api.w.org\/{rel}","templated":true}]}}