
{"id":9416,"date":"2023-05-24T10:37:01","date_gmt":"2023-05-24T02:37:01","guid":{"rendered":"http:\/\/75.webs.svipwebs.com\/?post_type=product&#038;p=9416"},"modified":"2023-05-24T10:37:02","modified_gmt":"2023-05-24T02:37:02","slug":"paper-bag-with-window","status":"publish","type":"product","link":"https:\/\/www.wellongpack.com\/pl\/produkt\/papierowa-torba-z-oknem\/","title":{"rendered":"Torba papierowa z okienkiem"},"content":{"rendered":"","protected":false},"excerpt":{"rendered":"<p>Torby papierowe z przezroczystym okienkiem s\u0105 absolutnie idealne do pakowania produkt\u00f3w, a jednocze\u015bnie do ich subtelnego eksponowania w sklepie lub na p\u00f3\u0142ce.<\/p>\n<p>Wi\u0119kszo\u015b\u0107 naszych torebek na chleb jest:<\/p>\n<ul>\n<li>Wykonane z \"EARTH FIRST\" PLA Window, aby zachowa\u0107 \u015bwie\u017co\u015b\u0107 i chrupko\u015b\u0107 pieczywa<\/li>\n<li>Wszystkie torby maj\u0105 szeroki, przezroczysty panel okienny na ca\u0142ej d\u0142ugo\u015bci, aby wyeksponowa\u0107 pieczywo<\/li>\n<li>Woreczki na pieczywo z okienkiem PLA nie zaparowuj\u0105 ani nie paruj\u0105 po umieszczeniu w nich ciep\u0142ego, \u015bwie\u017cego pieczywa.<\/li>\n<li>Kompostowalne panele okienne PLA z certyfikatem ASTM-D6400<\/li>\n<li>Zapytaj o torby z okienkiem z nadrukowanym logo!<\/li>\n<\/ul>\n<p>30gsm-160gsm lub niestandardowe<\/p>\n<p>&nbsp;<\/p>","protected":false},"featured_media":9417,"comment_status":"open","ping_status":"closed","template":"","meta":[],"product_cat":[117],"product_tag":[],"class_list":["post-9416","product","type-product","status-publish","has-post-thumbnail","hentry","product_cat-paper-bag"],"_links":{"self":[{"href":"https:\/\/www.wellongpack.com\/pl\/wp-json\/wp\/v2\/product\/9416","targetHints":{"allow":["GET"]}}],"collection":[{"href":"https:\/\/www.wellongpack.com\/pl\/wp-json\/wp\/v2\/product"}],"about":[{"href":"https:\/\/www.wellongpack.com\/pl\/wp-json\/wp\/v2\/types\/product"}],"replies":[{"embeddable":true,"href":"https:\/\/www.wellongpack.com\/pl\/wp-json\/wp\/v2\/comments?post=9416"}],"version-history":[{"count":1,"href":"https:\/\/www.wellongpack.com\/pl\/wp-json\/wp\/v2\/product\/9416\/revisions"}],"predecessor-version":[{"id":9430,"href":"https:\/\/www.wellongpack.com\/pl\/wp-json\/wp\/v2\/product\/9416\/revisions\/9430"}],"wp:featuredmedia":[{"embeddable":true,"href":"https:\/\/www.wellongpack.com\/pl\/wp-json\/wp\/v2\/media\/9417"}],"wp:attachment":[{"href":"https:\/\/www.wellongpack.com\/pl\/wp-json\/wp\/v2\/media?parent=9416"}],"wp:term":[{"taxonomy":"product_cat","embeddable":true,"href":"https:\/\/www.wellongpack.com\/pl\/wp-json\/wp\/v2\/product_cat?post=9416"},{"taxonomy":"product_tag","embeddable":true,"href":"https:\/\/www.wellongpack.com\/pl\/wp-json\/wp\/v2\/product_tag?post=9416"}],"curies":[{"name":"wp","href":"https:\/\/api.w.org\/{rel}","templated":true}]}}