
{"id":9387,"date":"2023-05-24T10:30:47","date_gmt":"2023-05-24T02:30:47","guid":{"rendered":"http:\/\/75.webs.svipwebs.com\/?post_type=product&#038;p=9387"},"modified":"2023-05-24T10:30:48","modified_gmt":"2023-05-24T02:30:48","slug":"aluminium-foil-paper-bag","status":"publish","type":"product","link":"https:\/\/www.wellongpack.com\/pl\/produkt\/torba-aluminiowo-foliowo-papierowa\/","title":{"rendered":"Folia aluminiowa Torba papierowa"},"content":{"rendered":"","protected":false},"excerpt":{"rendered":"<p>Ta ochronna torba foliowa zosta\u0142a zaprojektowana tak, aby skutecznie izolowa\u0107 zawarto\u015b\u0107, utrzymuj\u0105c ciep\u0142o \u017cywno\u015bci i blokuj\u0105c wilgo\u0107. Pozwoli to zachowa\u0107 przepyszn\u0105 jako\u015b\u0107 \u017cywno\u015bci podczas przechowywania lub transportu! Mo\u017cesz nawet u\u017cy\u0107 tej torby do odgrzewania \u017cywno\u015bci w piekarniku dla maksymalnej wygody.<\/p>","protected":false},"featured_media":9388,"comment_status":"open","ping_status":"closed","template":"","meta":[],"product_cat":[117],"product_tag":[],"class_list":["post-9387","product","type-product","status-publish","has-post-thumbnail","hentry","product_cat-paper-bag"],"_links":{"self":[{"href":"https:\/\/www.wellongpack.com\/pl\/wp-json\/wp\/v2\/product\/9387","targetHints":{"allow":["GET"]}}],"collection":[{"href":"https:\/\/www.wellongpack.com\/pl\/wp-json\/wp\/v2\/product"}],"about":[{"href":"https:\/\/www.wellongpack.com\/pl\/wp-json\/wp\/v2\/types\/product"}],"replies":[{"embeddable":true,"href":"https:\/\/www.wellongpack.com\/pl\/wp-json\/wp\/v2\/comments?post=9387"}],"version-history":[{"count":1,"href":"https:\/\/www.wellongpack.com\/pl\/wp-json\/wp\/v2\/product\/9387\/revisions"}],"predecessor-version":[{"id":9392,"href":"https:\/\/www.wellongpack.com\/pl\/wp-json\/wp\/v2\/product\/9387\/revisions\/9392"}],"wp:featuredmedia":[{"embeddable":true,"href":"https:\/\/www.wellongpack.com\/pl\/wp-json\/wp\/v2\/media\/9388"}],"wp:attachment":[{"href":"https:\/\/www.wellongpack.com\/pl\/wp-json\/wp\/v2\/media?parent=9387"}],"wp:term":[{"taxonomy":"product_cat","embeddable":true,"href":"https:\/\/www.wellongpack.com\/pl\/wp-json\/wp\/v2\/product_cat?post=9387"},{"taxonomy":"product_tag","embeddable":true,"href":"https:\/\/www.wellongpack.com\/pl\/wp-json\/wp\/v2\/product_tag?post=9387"}],"curies":[{"name":"wp","href":"https:\/\/api.w.org\/{rel}","templated":true}]}}