
{"id":9373,"date":"2023-05-24T10:23:37","date_gmt":"2023-05-24T02:23:37","guid":{"rendered":"http:\/\/75.webs.svipwebs.com\/?post_type=product&#038;p=9373"},"modified":"2023-05-24T10:23:37","modified_gmt":"2023-05-24T02:23:37","slug":"pp-leno-bag","status":"publish","type":"product","link":"https:\/\/www.wellongpack.com\/pl\/produkt\/pp-leno-bag\/","title":{"rendered":"Torba PP Leno"},"content":{"rendered":"","protected":false},"excerpt":{"rendered":"<p>Worki PP leno s\u0105 szeroko stosowane do pakowania cebuli, ziemniak\u00f3w, kukurydzy, kapusty, produkt\u00f3w cytrusowych itp. Worki mog\u0105 by\u0107 r\u00f3wnie\u017c u\u017cywane w automatycznych maszynach pakuj\u0105cych. Dost\u0119pne s\u0105 niestandardowe etykiety ta\u015bmowe.<\/p>","protected":false},"featured_media":9374,"comment_status":"open","ping_status":"closed","template":"","meta":[],"product_cat":[115],"product_tag":[],"class_list":["post-9373","product","type-product","status-publish","has-post-thumbnail","hentry","product_cat-net-bag"],"_links":{"self":[{"href":"https:\/\/www.wellongpack.com\/pl\/wp-json\/wp\/v2\/product\/9373","targetHints":{"allow":["GET"]}}],"collection":[{"href":"https:\/\/www.wellongpack.com\/pl\/wp-json\/wp\/v2\/product"}],"about":[{"href":"https:\/\/www.wellongpack.com\/pl\/wp-json\/wp\/v2\/types\/product"}],"replies":[{"embeddable":true,"href":"https:\/\/www.wellongpack.com\/pl\/wp-json\/wp\/v2\/comments?post=9373"}],"version-history":[{"count":1,"href":"https:\/\/www.wellongpack.com\/pl\/wp-json\/wp\/v2\/product\/9373\/revisions"}],"predecessor-version":[{"id":9379,"href":"https:\/\/www.wellongpack.com\/pl\/wp-json\/wp\/v2\/product\/9373\/revisions\/9379"}],"wp:featuredmedia":[{"embeddable":true,"href":"https:\/\/www.wellongpack.com\/pl\/wp-json\/wp\/v2\/media\/9374"}],"wp:attachment":[{"href":"https:\/\/www.wellongpack.com\/pl\/wp-json\/wp\/v2\/media?parent=9373"}],"wp:term":[{"taxonomy":"product_cat","embeddable":true,"href":"https:\/\/www.wellongpack.com\/pl\/wp-json\/wp\/v2\/product_cat?post=9373"},{"taxonomy":"product_tag","embeddable":true,"href":"https:\/\/www.wellongpack.com\/pl\/wp-json\/wp\/v2\/product_tag?post=9373"}],"curies":[{"name":"wp","href":"https:\/\/api.w.org\/{rel}","templated":true}]}}