
{"id":9359,"date":"2023-05-24T10:21:48","date_gmt":"2023-05-24T02:21:48","guid":{"rendered":"http:\/\/75.webs.svipwebs.com\/?post_type=product&#038;p=9359"},"modified":"2023-05-24T10:21:48","modified_gmt":"2023-05-24T02:21:48","slug":"cotton-mesh-bag","status":"publish","type":"product","link":"https:\/\/www.wellongpack.com\/pl\/produkt\/torba-z-siatki-bawelnianej\/","title":{"rendered":"bawe\u0142niana torba siatkowa"},"content":{"rendered":"","protected":false},"excerpt":{"rendered":"<p>Nasze siatkowe torby wielokrotnego u\u017cytku s\u0105 wykonane z bawe\u0142ny 100% i stanowi\u0105 doskona\u0142y dodatek do ka\u017cdej ekologicznej linii produkt\u00f3w. Oferujemy szerok\u0105 gam\u0119 pakiet\u00f3w i rozmiar\u00f3w w konkurencyjnych cenach, aby zapewni\u0107 kupuj\u0105cym najlepsze okazje na siatkowe torby wielokrotnego u\u017cytku.  Nasze bawe\u0142niane siatkowe torby na produkty s\u0105 nie tylko mi\u0119kkie w dotyku, ale tak\u017ce trwa\u0142e i nadaj\u0105 si\u0119 do przenoszenia produkt\u00f3w, od orzeszk\u00f3w ziemnych po ziemniaki.<\/p>\n<p>&nbsp;<\/p>","protected":false},"featured_media":9360,"comment_status":"open","ping_status":"closed","template":"","meta":[],"product_cat":[115],"product_tag":[],"class_list":["post-9359","product","type-product","status-publish","has-post-thumbnail","hentry","product_cat-net-bag"],"_links":{"self":[{"href":"https:\/\/www.wellongpack.com\/pl\/wp-json\/wp\/v2\/product\/9359","targetHints":{"allow":["GET"]}}],"collection":[{"href":"https:\/\/www.wellongpack.com\/pl\/wp-json\/wp\/v2\/product"}],"about":[{"href":"https:\/\/www.wellongpack.com\/pl\/wp-json\/wp\/v2\/types\/product"}],"replies":[{"embeddable":true,"href":"https:\/\/www.wellongpack.com\/pl\/wp-json\/wp\/v2\/comments?post=9359"}],"version-history":[{"count":1,"href":"https:\/\/www.wellongpack.com\/pl\/wp-json\/wp\/v2\/product\/9359\/revisions"}],"predecessor-version":[{"id":9364,"href":"https:\/\/www.wellongpack.com\/pl\/wp-json\/wp\/v2\/product\/9359\/revisions\/9364"}],"wp:featuredmedia":[{"embeddable":true,"href":"https:\/\/www.wellongpack.com\/pl\/wp-json\/wp\/v2\/media\/9360"}],"wp:attachment":[{"href":"https:\/\/www.wellongpack.com\/pl\/wp-json\/wp\/v2\/media?parent=9359"}],"wp:term":[{"taxonomy":"product_cat","embeddable":true,"href":"https:\/\/www.wellongpack.com\/pl\/wp-json\/wp\/v2\/product_cat?post=9359"},{"taxonomy":"product_tag","embeddable":true,"href":"https:\/\/www.wellongpack.com\/pl\/wp-json\/wp\/v2\/product_tag?post=9359"}],"curies":[{"name":"wp","href":"https:\/\/api.w.org\/{rel}","templated":true}]}}