
{"id":9310,"date":"2023-05-24T10:08:52","date_gmt":"2023-05-24T02:08:52","guid":{"rendered":"http:\/\/75.webs.svipwebs.com\/?post_type=product&#038;p=9310"},"modified":"2023-05-24T10:08:53","modified_gmt":"2023-05-24T02:08:53","slug":"self-adhesive-bag","status":"publish","type":"product","link":"https:\/\/www.wellongpack.com\/pl\/produkt\/torba-samoprzylepna\/","title":{"rendered":"Torba samoprzylepna"},"content":{"rendered":"","protected":false},"excerpt":{"rendered":"<p>Worki na chleb z mikroperforacj\u0105 s\u0105 idealnym wyborem do pieczywa rzemie\u015blniczego. Mog\u0105 te\u017c s\u0142u\u017cy\u0107 do pakowania produkt\u00f3w, pozwalaj\u0105c warzywom oddycha\u0107 bez zatrzymywania szkodliwych opar\u00f3w.<\/p>\n<ul>\n<li>Mikroperforacje odprowadzaj\u0105 zapachy, aby przyci\u0105gn\u0105\u0107 klient\u00f3w \u015bwie\u017cym zapachem pieczonego chleba.<\/li>\n<li>Nadmiar wilgoci jest odprowadzany, dzi\u0119ki czemu chleb pozostaje chrupi\u0105cy, a produkty d\u0142u\u017cej \u015bwie\u017ce<\/li>\n<li>Perforacje s\u0105 wystarczaj\u0105co ma\u0142e, aby zapobiec starzeniu si\u0119 \u017cywno\u015bci<\/li>\n<\/ul>\n<p>&nbsp;<\/p>","protected":false},"featured_media":9311,"comment_status":"open","ping_status":"closed","template":"","meta":[],"product_cat":[113],"product_tag":[],"class_list":["post-9310","product","type-product","status-publish","has-post-thumbnail","hentry","product_cat-micro-perforatedvent-hole-bags"],"_links":{"self":[{"href":"https:\/\/www.wellongpack.com\/pl\/wp-json\/wp\/v2\/product\/9310","targetHints":{"allow":["GET"]}}],"collection":[{"href":"https:\/\/www.wellongpack.com\/pl\/wp-json\/wp\/v2\/product"}],"about":[{"href":"https:\/\/www.wellongpack.com\/pl\/wp-json\/wp\/v2\/types\/product"}],"replies":[{"embeddable":true,"href":"https:\/\/www.wellongpack.com\/pl\/wp-json\/wp\/v2\/comments?post=9310"}],"version-history":[{"count":1,"href":"https:\/\/www.wellongpack.com\/pl\/wp-json\/wp\/v2\/product\/9310\/revisions"}],"predecessor-version":[{"id":9315,"href":"https:\/\/www.wellongpack.com\/pl\/wp-json\/wp\/v2\/product\/9310\/revisions\/9315"}],"wp:featuredmedia":[{"embeddable":true,"href":"https:\/\/www.wellongpack.com\/pl\/wp-json\/wp\/v2\/media\/9311"}],"wp:attachment":[{"href":"https:\/\/www.wellongpack.com\/pl\/wp-json\/wp\/v2\/media?parent=9310"}],"wp:term":[{"taxonomy":"product_cat","embeddable":true,"href":"https:\/\/www.wellongpack.com\/pl\/wp-json\/wp\/v2\/product_cat?post=9310"},{"taxonomy":"product_tag","embeddable":true,"href":"https:\/\/www.wellongpack.com\/pl\/wp-json\/wp\/v2\/product_tag?post=9310"}],"curies":[{"name":"wp","href":"https:\/\/api.w.org\/{rel}","templated":true}]}}