
{"id":9298,"date":"2023-05-24T10:04:57","date_gmt":"2023-05-24T02:04:57","guid":{"rendered":"http:\/\/75.webs.svipwebs.com\/?post_type=product&#038;p=9298"},"modified":"2023-05-24T10:04:58","modified_gmt":"2023-05-24T02:04:58","slug":"pet-water-cup","status":"publish","type":"product","link":"https:\/\/www.wellongpack.com\/pl\/produkt\/kubek-na-wode-dla-zwierzat\/","title":{"rendered":"Kubek na wod\u0119 PET"},"content":{"rendered":"","protected":false},"excerpt":{"rendered":"<p>Wykonana z wytrzyma\u0142ego PET\/RPET, krystalicznie przezroczysta plastikowa konstrukcja nadaje tym jednorazowym napojom ekskluzywny wygl\u0105d i pomaga zwi\u0119kszy\u0107 sprzeda\u017c impulsow\u0105 wszystkich napoj\u00f3w gasz\u0105cych pragnienie.<\/p>","protected":false},"featured_media":9299,"comment_status":"open","ping_status":"closed","template":"","meta":[],"product_cat":[112],"product_tag":[],"class_list":["post-9298","product","type-product","status-publish","has-post-thumbnail","hentry","product_cat-pet-cup--lids"],"_links":{"self":[{"href":"https:\/\/www.wellongpack.com\/pl\/wp-json\/wp\/v2\/product\/9298","targetHints":{"allow":["GET"]}}],"collection":[{"href":"https:\/\/www.wellongpack.com\/pl\/wp-json\/wp\/v2\/product"}],"about":[{"href":"https:\/\/www.wellongpack.com\/pl\/wp-json\/wp\/v2\/types\/product"}],"replies":[{"embeddable":true,"href":"https:\/\/www.wellongpack.com\/pl\/wp-json\/wp\/v2\/comments?post=9298"}],"version-history":[{"count":1,"href":"https:\/\/www.wellongpack.com\/pl\/wp-json\/wp\/v2\/product\/9298\/revisions"}],"predecessor-version":[{"id":9303,"href":"https:\/\/www.wellongpack.com\/pl\/wp-json\/wp\/v2\/product\/9298\/revisions\/9303"}],"wp:featuredmedia":[{"embeddable":true,"href":"https:\/\/www.wellongpack.com\/pl\/wp-json\/wp\/v2\/media\/9299"}],"wp:attachment":[{"href":"https:\/\/www.wellongpack.com\/pl\/wp-json\/wp\/v2\/media?parent=9298"}],"wp:term":[{"taxonomy":"product_cat","embeddable":true,"href":"https:\/\/www.wellongpack.com\/pl\/wp-json\/wp\/v2\/product_cat?post=9298"},{"taxonomy":"product_tag","embeddable":true,"href":"https:\/\/www.wellongpack.com\/pl\/wp-json\/wp\/v2\/product_tag?post=9298"}],"curies":[{"name":"wp","href":"https:\/\/api.w.org\/{rel}","templated":true}]}}